{"id":369,"date":"2024-01-22T12:13:27","date_gmt":"2024-01-22T11:13:27","guid":{"rendered":"https:\/\/bionamed.com\/?page_id=369"},"modified":"2024-01-22T14:30:32","modified_gmt":"2024-01-22T13:30:32","slug":"%e5%8d%9a%e5%ae%a2","status":"publish","type":"page","link":"https:\/\/bionamed.com\/zh\/blog\/","title":{"rendered":"\u535a\u5ba2"},"content":{"rendered":"<section class=\"bde-section-369-100 bde-section\">\n  \n  \n\t\n\n\n\n<div class=\"section-container\"><h1 class=\"bde-heading-369-101 bde-heading\">\nBlog\n<\/h1><div class=\"bde-text-369-102 bde-text\">\nRoz\u0161\u00ed\u0159en\u00ed na\u0161eho porozum\u011bn\u00ed p\u0159\u00edrodn\u00ed l\u00e9\u010db\u011b: Podrobn\u00fd pohled na inovativn\u00ed p\u0159\u00edstupy, nejnov\u011bj\u0161\u00ed v\u00fdzkum a praktick\u00e9 rady pro ka\u017edodenn\u00ed zdrav\u00ed - P\u0159ipojte se k n\u00e1m v <b>objevov\u00e1n\u00ed p\u0159\u00edrodn\u00edch z\u00e1zrak\u016f<\/b> a jejich vlivu na modern\u00ed medic\u00ednu.\n<\/div><div class=\"bde-shortcode-369-103 bde-shortcode\"><nav  aria-label=\"breadcrumb\"><ol class=\"breadcrumb\" itemscope itemtype=\"https:\/\/schema.org\/BreadcrumbList\"><li class=\"breadcrumb-item active\" aria-current=\"page\" itemprop=\"itemListElement\" itemscope itemtype=\"https:\/\/schema.org\/ListItem\"><span itemprop=\"name\">Home<\/span><meta itemprop=\"position\" content=\"1\"><\/li><\/ol><\/nav><\/div><\/div>\n<\/section><section class=\"bde-section-369-104 bde-section\">\n  \n  \n\t\n\n\n\n<div class=\"section-container\"><div class=\"bde-post-list-369-105 bde-post-list\"><div class=\"bde-loop bde-loop-grid ee-posts ee-posts-grid\">    <article class=\"bde-loop-item ee-post\">\n                                <a class=\"bde-loop-item__image-link ee-post-image-link \" href=\"https:\/\/bionamed.com\/zh\/ticha-hrozba-antibakterialni-rezistence\/\" tabindex=\"-1\">\n                <div class=\"bde-loop-item__image ee-post-image\">\n                    <img decoding=\"async\" width=\"1024\" height=\"1024\" src=\"https:\/\/bionamed.com\/wp-content\/uploads\/2024\/01\/39fe70c1-97ff-4046-ac9b-af2fc23abbd3.jpg\" class=\"attachment-full size-full wp-post-image\" alt=\"TICH\u00c1 HROZBA ANTIBAKTERI\u00c1LN\u00cd REZISTENCE\" srcset=\"https:\/\/bionamed.com\/wp-content\/uploads\/2024\/01\/39fe70c1-97ff-4046-ac9b-af2fc23abbd3.jpg 1024w, https:\/\/bionamed.com\/wp-content\/uploads\/2024\/01\/39fe70c1-97ff-4046-ac9b-af2fc23abbd3-300x300.jpg 300w, https:\/\/bionamed.com\/wp-content\/uploads\/2024\/01\/39fe70c1-97ff-4046-ac9b-af2fc23abbd3-150x150.jpg 150w, https:\/\/bionamed.com\/wp-content\/uploads\/2024\/01\/39fe70c1-97ff-4046-ac9b-af2fc23abbd3-768x768.jpg 768w, https:\/\/bionamed.com\/wp-content\/uploads\/2024\/01\/39fe70c1-97ff-4046-ac9b-af2fc23abbd3-12x12.jpg 12w\" sizes=\"(max-width: 1024px) 100vw, 1024px\" \/>                <\/div>\n            <\/a>\n        \n        \n        <div class=\"bde-loop-item__wrap ee-post-wrap\">\n            \n                            <h3 class=\"ee-post-title\" >\n                    <a class=\"bde-loop-item__title-link ee-post-title-link\" href=\"https:\/\/bionamed.com\/zh\/ticha-hrozba-antibakterialni-rezistence\/\"  tabindex=\"-1\">\n                        TICH\u00c1 HROZBA ANTIBAKTERI\u00c1LN\u00cd REZISTENCE                    <\/a>\n                <\/h3>\n                            <div class=\"bde-loop-item__content ee-post-content\">\n                    V srdci na\u0161\u00ed modern\u00ed medic\u00edny stoj\u00ed antibiotika jako str\u00e1\u017eci proti mnoha infekc\u00edm, kter\u00e9 si v minulosti vy\u017e\u00e1daly nespo\u010det \u017eivot\u016f. P\u0159esto se objevuje hrozba, kter\u00e1 znepokojuje l\u00e9ka\u0159e i v\u011bdce &#8211; antibakteri\u00e1ln\u00ed...                <\/div>\n            \n        \n    \n    \n    \n                            \n            \n                    \n            \n            \n\n    \n    \n    \n    \n                            \n    <a class=\"breakdance-link button-atom button-atom--primary bde-loop-item__button ee-post-button\" href=\"https:\/\/bionamed.com\/zh\/ticha-hrozba-antibakterialni-rezistence\/\" target=\"_self\" data-type=\"url\"  aria-label=\"Read more about TICH\u00c1 HROZBA ANTIBAKTERI\u00c1LN\u00cd REZISTENCE\" >\n\n    \n        <span class=\"button-atom__text\">P\u0159e\u010d\u00edst<\/span>\n\n        \n        \n                <\/a>\n\n    \n\n\n\n\n            \n        <\/div>\n\n    <\/article>\n\n<\/div><\/div><\/div>\n<\/section><section class=\"bde-section-369-106 bde-section\">\n  \n  \n\t\n\n\n\n<div class=\"section-container\"><div class=\"bde-columns-369-107 bde-columns\"><div class=\"bde-column-369-108 bde-column\">\n  \n  \n\t\n\n\n\n\n<\/div><div class=\"bde-column-369-109 bde-column\">\n  \n  \n\t\n\n\n\n<div class=\"bde-div-369-110 bde-div\">\n  \n  \n\t\n\n\n\n<h3 class=\"bde-heading-369-111 bde-heading\">\nOdeb\u00edrejte n\u00e1\u0161 newsletter\n<\/h3><div class=\"bde-text-369-112 bde-text\">\nZ\u00edskejte nejnov\u011bj\u0161\u00ed informace a tipy pro p\u0159\u00edrodn\u00ed zdrav\u00ed p\u0159\u00edmo do va\u0161\u00ed schr\u00e1nky.\n<\/div><div class=\"bde-shortcode-369-113 bde-shortcode\"><div class='fluentform ff-default fluentform_wrapper_4 ffs_default_wrap'><form data-form_id=\"4\" id=\"fluentform_4\" class=\"frm-fluent-form fluent_form_4 ff-el-form-top ff_form_instance_4_1 ff-form-loading ffs_default\" data-form_instance=\"ff_form_instance_4_1\" method=\"POST\" ><fieldset  style=\"border: none!important;margin: 0!important;padding: 0!important;background-color: transparent!important;box-shadow: none!important;outline: none!important; min-inline-size: 100%;\">\n                    <legend class=\"ff_screen_reader_title\" style=\"display: block; margin: 0!important;padding: 0!important;height: 0!important;text-indent: -999999px;width: 0!important;overflow:hidden;\">Subscription Form (#4)<\/legend><input type='hidden' name='__fluent_form_embded_post_id' value='376' \/><input type=\"hidden\" id=\"_fluentform_4_fluentformnonce\" name=\"_fluentform_4_fluentformnonce\" value=\"f0fabd78a9\" \/><input type=\"hidden\" name=\"_wp_http_referer\" value=\"\/zh\/wp-json\/wp\/v2\/pages\/369\" \/><div data-type=\"name-element\" data-name=\"names\" class=\" ff-field_container ff-name-field-wrapper\" ><div class='ff-t-container'><div class='ff-t-cell '><div class='ff-el-group  ff-el-form-top'><div class=\"ff-el-input--label asterisk-right\"><label for='ff_4_names_first_name_' id='label_ff_4_names_first_name_' >Jm\u00e9no<\/label><\/div><div class='ff-el-input--content'><input type=\"text\" name=\"names[first_name]\" id=\"ff_4_names_first_name_\" class=\"ff-el-form-control\" aria-invalid=\"false\" aria-required=false><\/div><\/div><\/div><div class='ff-t-cell '><div class='ff-el-group  ff-el-form-top'><div class=\"ff-el-input--label ff-el-is-required asterisk-right\"><label for='ff_4_names_last_name_' id='label_ff_4_names_last_name_' >P\u0159\u00edjmen\u00ed<\/label><\/div><div class='ff-el-input--content'><input type=\"text\" name=\"names[last_name]\" id=\"ff_4_names_last_name_\" class=\"ff-el-form-control\" aria-invalid=\"false\" aria-required=true><\/div><\/div><\/div><\/div><\/div><div data-name=\"ff_cn_id_1\"  class='ff-t-container ff-column-container ff_columns_total_2 '><div class='ff-t-cell ff-t-column-1' style='flex-basis: 50%;'><div class='ff-el-group'><div class='ff-el-input--content'><input type=\"email\" name=\"email\" id=\"ff_4_email\" class=\"ff-el-form-control\" placeholder=\"Va\u0161e e-mailov\u00e1 adresa\" data-name=\"email\"  aria-invalid=\"false\" aria-required=true><\/div><\/div><\/div><div class='ff-t-cell ff-t-column-2' style='flex-basis: 50%;'><div class='ff-el-group ff-text-left ff_submit_btn_wrapper ff_submit_btn_wrapper_custom'><button class=\"ff-btn ff-btn-submit ff-btn-md ff_btn_style wpf_has_custom_css\" type=\"submit\" name=\"custom_submit_button-4_1\" data-name=\"custom_submit_button-4_1\"  aria-label=\"Odeb\u00edrat newsletter\">Odeb\u00edrat newsletter<\/button><style>form.fluent_form_4 .wpf_has_custom_css.ff-btn-submit { background-color:rgba(239, 194, 105, 1);border-color:rgba(239, 194, 105, 1);color:#234942;border-radius:28px;min-width:100%; }form.fluent_form_4 .wpf_has_custom_css.ff-btn-submit:hover { background-color:rgba(35, 73, 66, 1);border-color:rgba(35, 73, 66, 1);color:#EFC269;min-width:100%; } <\/style><\/div><\/div><\/div><\/fieldset><\/form><div id='fluentform_4_errors' class='ff-errors-in-stack ff_form_instance_4_1 ff-form-loading_errors ff_form_instance_4_1_errors'><\/div><\/div>            <script type=\"text\/javascript\">\n                window.fluent_form_ff_form_instance_4_1 = {\"id\":\"4\",\"ajaxUrl\":\"https:\\\/\\\/bionamed.com\\\/wp-admin\\\/admin-ajax.php\",\"settings\":{\"layout\":{\"labelPlacement\":\"top\",\"helpMessagePlacement\":\"with_label\",\"errorMessagePlacement\":\"inline\",\"cssClassName\":\"\",\"asteriskPlacement\":\"asterisk-right\"},\"restrictions\":{\"denyEmptySubmission\":{\"enabled\":false}}},\"form_instance\":\"ff_form_instance_4_1\",\"form_id_selector\":\"fluentform_4\",\"rules\":{\"names[first_name]\":{\"required\":{\"value\":false,\"message\":\"\\u6b64\\u6b04\\u4f4d\\u70ba\\u5fc5\\u586b\",\"global_message\":\"This field is required\",\"global\":true}},\"names[middle_name]\":{\"required\":{\"value\":false,\"message\":\"\\u6b64\\u6b04\\u4f4d\\u70ba\\u5fc5\\u586b\",\"global_message\":\"This field is required\",\"global\":true}},\"names[last_name]\":{\"required\":{\"value\":true,\"message\":\"\\u6b64\\u6b04\\u4f4d\\u70ba\\u5fc5\\u586b\",\"global_message\":\"This field is required\",\"global\":true}},\"email\":{\"required\":{\"value\":true,\"message\":\"\\u6b64\\u6b04\\u4f4d\\u70ba\\u5fc5\\u586b\",\"global\":true,\"global_message\":\"This field is required\"},\"email\":{\"value\":true,\"message\":\"\\u6b64\\u6b04\\u4f4d\\u5fc5\\u9808\\u5305\\u542b\\u6709\\u6548\\u7684\\u96fb\\u5b50\\u90f5\\u4ef6\\u5730\\u5740\",\"global\":true,\"global_message\":\"This field must contain a valid email\"}}},\"debounce_time\":300};\n                            <\/script>\n            <\/div>\n<\/div>\n<\/div><\/div><\/div>\n<\/section>","protected":false},"excerpt":{"rendered":"","protected":false},"author":1,"featured_media":0,"parent":0,"menu_order":0,"comment_status":"closed","ping_status":"closed","template":"","meta":{"_seopress_robots_primary_cat":"","_seopress_titles_title":"Blog - P\u0159\u00edrodn\u00ed \u0159e\u0161en\u00ed a tipy pro zdrav\u00fd \u017eivot %%sep%% %%sitetitle%%","_seopress_titles_desc":"P\u0159ipojte se k n\u00e1m na Bionamed Blogu, kde sd\u00edl\u00edme osv\u011bd\u010den\u00e9 rady a nejnov\u011bj\u0161\u00ed poznatky o p\u0159\u00edrodn\u00ed l\u00e9\u010db\u011b a zdravotn\u00edch dopl\u0148c\u00edch. Z\u00edskejte praktick\u00e9 tipy pro udr\u017een\u00ed va\u0161eho zdrav\u00ed pomoc\u00ed p\u0159\u00edrodn\u00edch metod.","_seopress_robots_index":"","inline_featured_image":false,"_breakdance_hide_in_design_set":false,"_breakdance_tags":"","footnotes":""},"class_list":["post-369","page","type-page","status-publish","hentry"],"_links":{"self":[{"href":"https:\/\/bionamed.com\/zh\/wp-json\/wp\/v2\/pages\/369","targetHints":{"allow":["GET"]}}],"collection":[{"href":"https:\/\/bionamed.com\/zh\/wp-json\/wp\/v2\/pages"}],"about":[{"href":"https:\/\/bionamed.com\/zh\/wp-json\/wp\/v2\/types\/page"}],"author":[{"embeddable":true,"href":"https:\/\/bionamed.com\/zh\/wp-json\/wp\/v2\/users\/1"}],"replies":[{"embeddable":true,"href":"https:\/\/bionamed.com\/zh\/wp-json\/wp\/v2\/comments?post=369"}],"version-history":[{"count":0,"href":"https:\/\/bionamed.com\/zh\/wp-json\/wp\/v2\/pages\/369\/revisions"}],"wp:attachment":[{"href":"https:\/\/bionamed.com\/zh\/wp-json\/wp\/v2\/media?parent=369"}],"curies":[{"name":"wp","href":"https:\/\/api.w.org\/{rel}","templated":true}]}}