{"id":26,"date":"2023-04-14T12:14:38","date_gmt":"2023-04-14T10:14:38","guid":{"rendered":"https:\/\/www.bionamed.com\/?page_id=26"},"modified":"2025-12-17T15:29:48","modified_gmt":"2025-12-17T14:29:48","slug":"%e4%ba%a7%e5%93%81","status":"publish","type":"page","link":"https:\/\/bionamed.com\/zh\/produkty\/","title":{"rendered":"\u4ea7\u54c1"},"content":{"rendered":"<section class=\"bde-section-26-100 bde-section\">\n  \n  \n\t\n\n\n\n<div class=\"section-container\"><h1 class=\"bde-heading-26-101 bde-heading\">\n\u5229\u7528\u5929\u7136\u4ea7\u54c1\u7684\u529b\u91cf\n<\/h1><div class=\"bde-text-26-102 bde-text\">\n\u5728\u6297\u51fb\u6297\u751f\u7d20\u8010\u836f\u6027\u7684\u6597\u4e89\u4e2d\uff0c\u6211\u4eec\u4f7f\u7528\u542b\u6709\u8349\u836f\u63d0\u53d6\u7269\u7684\u5929\u7136\u4ea7\u54c1\uff0c\u4ee5\u5e2e\u52a9 <b>\u589e\u5f3a\u514d\u75ab\u529b<\/b> \u5e76\u53ef\u80fd\u6709\u52a9\u4e8e\u6cbb\u7597\u7ec6\u83cc\u611f\u67d3\u3002\n<\/div><div class=\"bde-shortcode-26-103 bde-shortcode\"><nav  aria-label=\"\u9762\u5305\u5c51\"><ol class=\"breadcrumb\" itemscope itemtype=\"https:\/\/schema.org\/BreadcrumbList\"><li class=\"breadcrumb-item active\" aria-current=\"page\" itemprop=\"itemListElement\" itemscope itemtype=\"https:\/\/schema.org\/ListItem\"><span itemprop=\"name\">\u9996\u9801<\/span><meta itemprop=\"position\" content=\"1\"><\/li><\/ol><\/nav><\/div><\/div>\n<\/section><section class=\"bde-section-26-104 bde-section\">\n  \n  \n\t\n\n\n\n<div class=\"section-container\"><div class=\"bde-columns-26-115 bde-columns\"><div class=\"bde-column-26-116 bde-column\">\n  \n  \n\t\n\n\n\n<div class=\"bde-div-26-117 bde-div\">\n  \n  \n\t\n\n\n\n<div class=\"bde-image-26-118 bde-image\">\n<figure class=\"breakdance-image breakdance-image--452\">\n\t<div class=\"breakdance-image-container\">\n\t\t<div class=\"breakdance-image-clip\"><img decoding=\"async\" class=\"breakdance-image-object\" src=\"https:\/\/bionamed.com\/wp-content\/uploads\/2024\/02\/727_Web_C-Forte-1.jpg\" width=\"1344\" height=\"1072\" srcset=\"https:\/\/bionamed.com\/wp-content\/uploads\/2024\/02\/727_Web_C-Forte-1.jpg 1344w, https:\/\/bionamed.com\/wp-content\/uploads\/2024\/02\/727_Web_C-Forte-1-300x239.jpg 300w, https:\/\/bionamed.com\/wp-content\/uploads\/2024\/02\/727_Web_C-Forte-1-1024x817.jpg 1024w, https:\/\/bionamed.com\/wp-content\/uploads\/2024\/02\/727_Web_C-Forte-1-768x613.jpg 768w, https:\/\/bionamed.com\/wp-content\/uploads\/2024\/02\/727_Web_C-Forte-1-15x12.jpg 15w\" sizes=\"(max-width: 1344px) 100vw, 1344px\"><\/div>\n\t<\/div><\/figure>\n\n<\/div><div class=\"bde-div-26-119 bde-div\">\n  \n  \n\t\n\n\n\n<a class=\"bde-text-link-26-120 bde-text-link breakdance-link\" href=\"https:\/\/bionamed.com\/zh\/%e4%ba%a7%e5%93%81\/natheal-727-abiobac-forte\/\" target=\"_self\" data-type=\"url\">\n  <h3 >\n  Natheal 727\u00ae ABIOBAC Forte\n  <\/h3>\n\n<\/a><div class=\"bde-text-26-121 bde-text\">\nABIOBAC Forte \u4e2d\u542b\u6709\u767e\u91cc\u9999\u3001\u8334\u9999\u3001\u5976\u84df\u8349\u548c\u5927\u849c\u63d0\u53d6\u7269\uff0c\u53ef\u589e\u5f3a\u514d\u75ab\u7cfb\u7edf\u3002\u4e0d\u8fc7\uff0c\u5b83\u4eec\u5728 <b>\u6570\u91cf\u66f4\u5927<\/b> \u6bd4 ABIOBAC Prolong \u957f\u6548\u5236\u5242\u66f4\u6709\u6548\u3002\u56e0\u6b64\uff0c\u5b83\u4e3b\u8981\u7528\u4e8e\u6025\u6027\u95ee\u9898\u3002\n<\/div><div class=\"bde-div-26-122 bde-div\">\n  \n  \n\t\n\n\n\n<div class=\"bde-button-26-123 bde-button\">\n        \n    \n    \n    \n    \n            \n                    \n            \n            \n\n    \n    \n    \n    \n    \n    <a class=\"breakdance-link button-atom button-atom--secondary bde-button__button\" href=\"https:\/\/bionamed.com\/zh\/%e4%ba%a7%e5%93%81\/natheal-727-abiobac-forte\/\" target=\"_self\" data-type=\"url\"  >\n\n    \n        <span class=\"button-atom__text\">\u6211\u60f3\u4e86\u89e3\u66f4\u591a\u4fe1\u606f<\/span>\n\n        \n        \n                <\/a>\n\n    \n\n\n<\/div><div class=\"bde-button-26-124 bde-button\">\n        \n    \n    \n    \n    \n            \n                    \n            \n            \n\n    \n    \n    \n    \n    \n    <a class=\"breakdance-link button-atom button-atom--custom bde-button__button\" href=\"https:\/\/shop.bionamed.com\/natheal-727-abiobac-forte\/\" target=\"_blank\" data-type=\"url\"  >\n\n    \n        <span class=\"button-atom__text\">\u8ba2\u8d2d<\/span>\n\n                            \n        \n                <\/a>\n\n    \n\n\n<\/div>\n<\/div>\n<\/div>\n<\/div>\n<\/div><div class=\"bde-column-26-125 bde-column\">\n  \n  \n\t\n\n\n\n<div class=\"bde-div-26-126 bde-div\">\n  \n  \n\t\n\n\n\n<div class=\"bde-image-26-127 bde-image\">\n<figure class=\"breakdance-image breakdance-image--453\">\n\t<div class=\"breakdance-image-container\">\n\t\t<div class=\"breakdance-image-clip\"><img decoding=\"async\" class=\"breakdance-image-object\" src=\"https:\/\/bionamed.com\/wp-content\/uploads\/2024\/02\/727_Web_C-Prolong.jpg\" width=\"1344\" height=\"1072\" srcset=\"https:\/\/bionamed.com\/wp-content\/uploads\/2024\/02\/727_Web_C-Prolong.jpg 1344w, https:\/\/bionamed.com\/wp-content\/uploads\/2024\/02\/727_Web_C-Prolong-300x239.jpg 300w, https:\/\/bionamed.com\/wp-content\/uploads\/2024\/02\/727_Web_C-Prolong-1024x817.jpg 1024w, https:\/\/bionamed.com\/wp-content\/uploads\/2024\/02\/727_Web_C-Prolong-768x613.jpg 768w, https:\/\/bionamed.com\/wp-content\/uploads\/2024\/02\/727_Web_C-Prolong-15x12.jpg 15w\" sizes=\"(max-width: 1344px) 100vw, 1344px\"><\/div>\n\t<\/div><\/figure>\n\n<\/div><div class=\"bde-div-26-128 bde-div\">\n  \n  \n\t\n\n\n\n<a class=\"bde-text-link-26-129 bde-text-link breakdance-link\" href=\"https:\/\/bionamed.com\/zh\/%e4%ba%a7%e5%93%81\/natheal-727-abiobac-prolong\/\" target=\"_self\" data-type=\"url\">\n  <h3 >\n  Natheal 727\u00ae ABIOBAC Prolong\n  <\/h3>\n\n<\/a><div class=\"bde-text-26-130 bde-text\">\n\u4e0e ABIOBAC Forte \u4e00\u6837\uff0c\u5b83\u4e5f\u542b\u6709\u767e\u91cc\u9999\u3001\u8334\u9999\u3001\u5976\u84df\u548c\u5927\u849c\u63d0\u53d6\u7269\u3002\u6b64\u5916 <b>\u6dfb\u52a0\u7d2b\u9525\u82b1<\/b>\u53ef\u589e\u5f3a\u514d\u75ab\u529b\u3002\u56e0\u6b64\uff0c\u5b83\u9002\u5408\u957f\u671f\u670d\u7528\u3002\n<\/div><div class=\"bde-div-26-131 bde-div\">\n  \n  \n\t\n\n\n\n<div class=\"bde-button-26-132 bde-button\">\n        \n    \n    \n    \n    \n            \n                    \n            \n            \n\n    \n    \n    \n    \n    \n    <a class=\"breakdance-link button-atom button-atom--secondary bde-button__button\" href=\"https:\/\/bionamed.com\/zh\/%e4%ba%a7%e5%93%81\/natheal-727-abiobac-prolong\/\" target=\"_self\" data-type=\"url\"  >\n\n    \n        <span class=\"button-atom__text\">\u6211\u60f3\u4e86\u89e3\u66f4\u591a\u4fe1\u606f<\/span>\n\n        \n        \n                <\/a>\n\n    \n\n\n<\/div><div class=\"bde-button-26-133 bde-button\">\n        \n    \n    \n    \n    \n            \n                    \n            \n            \n\n    \n    \n    \n    \n    \n    <a class=\"breakdance-link button-atom button-atom--custom bde-button__button\" href=\"https:\/\/shop.bionamed.com\/natheal-727-abiobac-prolong\/\" target=\"_blank\" data-type=\"url\"  >\n\n    \n        <span class=\"button-atom__text\">\u8ba2\u8d2d<\/span>\n\n                            \n        \n                <\/a>\n\n    \n\n\n<\/div>\n<\/div>\n<\/div>\n<\/div>\n<\/div><\/div><\/div>\n<\/section>","protected":false},"excerpt":{"rendered":"<p>Vyu\u017eijte s\u00edlu p\u0159\u00edrodn\u00edch produkt\u016f V boji proti antibiotick\u00e9 rezistenci vyu\u017e\u00edv\u00e1me p\u0159\u00edrodn\u00ed produkty obsahuj\u00edc\u00ed v\u00fdta\u017eky z bylinek, kter\u00e9 pom\u00e1haj\u00ed pos\u00edlit imunitu a mohou b\u00fdt n\u00e1pomocn\u00e9 v l\u00e9\u010db\u011b bakteri\u00e1ln\u00edch infekc\u00ed. Home Natheal 727\u00ae ABIOBAC Forte V ABIOBAC Forte najdete v\u00fdta\u017eky z tymi\u00e1nu, an\u00fdzu, jehlice trnit\u00e9 a \u010desneku, kter\u00fd podporuje imunitn\u00ed syst\u00e9m. Jsou v\u0161ak v mnohem v\u011bt\u0161\u00edm mno\u017estv\u00ed [&hellip;]<\/p>\n","protected":false},"author":1,"featured_media":0,"parent":0,"menu_order":0,"comment_status":"closed","ping_status":"closed","template":"","meta":{"_seopress_robots_primary_cat":"","_seopress_titles_title":"P\u0159\u00edrodn\u00ed dopl\u0148ky stravy %%sep%% %%sitetitle%%","_seopress_titles_desc":"\ud83c\udf3f Spolehn\u011bte se na pomoc bylinek p\u0159i prevenci i p\u0159i akutn\u00edch zdravotn\u00edch pot\u00ed\u017e\u00edch a vyu\u017eijte s\u00edlu v\u00fdta\u017ek\u016f z tymi\u00e1nu, an\u00fdzu nebo echinacey. \u010cekaj\u00ed na v\u00e1s \u2192","_seopress_robots_index":"","inline_featured_image":false,"_breakdance_hide_in_design_set":false,"_breakdance_tags":"","footnotes":""},"class_list":["post-26","page","type-page","status-publish","hentry"],"_links":{"self":[{"href":"https:\/\/bionamed.com\/zh\/wp-json\/wp\/v2\/pages\/26","targetHints":{"allow":["GET"]}}],"collection":[{"href":"https:\/\/bionamed.com\/zh\/wp-json\/wp\/v2\/pages"}],"about":[{"href":"https:\/\/bionamed.com\/zh\/wp-json\/wp\/v2\/types\/page"}],"author":[{"embeddable":true,"href":"https:\/\/bionamed.com\/zh\/wp-json\/wp\/v2\/users\/1"}],"replies":[{"embeddable":true,"href":"https:\/\/bionamed.com\/zh\/wp-json\/wp\/v2\/comments?post=26"}],"version-history":[{"count":0,"href":"https:\/\/bionamed.com\/zh\/wp-json\/wp\/v2\/pages\/26\/revisions"}],"wp:attachment":[{"href":"https:\/\/bionamed.com\/zh\/wp-json\/wp\/v2\/media?parent=26"}],"curies":[{"name":"wp","href":"https:\/\/api.w.org\/{rel}","templated":true}]}}