{"id":99,"date":"2023-05-02T12:57:15","date_gmt":"2023-05-02T10:57:15","guid":{"rendered":"https:\/\/www.bionamed.com\/?page_id=99"},"modified":"2025-12-17T15:31:18","modified_gmt":"2025-12-17T14:31:18","slug":"natheal-727-abiobac-prolong","status":"publish","type":"page","link":"https:\/\/bionamed.com\/pl\/produkty\/natheal-727-abiobac-prolong\/","title":{"rendered":"\u00a0NATHEAL 727\u00ae ABIOBAC Prolong"},"content":{"rendered":"<section class=\"bde-section-99-126 bde-section\">\n  \n  \n\t\n\n\n\n<div class=\"section-container\"><div class=\"bde-columns-99-127 bde-columns\"><div class=\"bde-column-99-128 bde-column\">\n  \n  \n\t\n\n\n\n<div class=\"bde-image-99-129 bde-image\">\n<figure class=\"breakdance-image breakdance-image--453\">\n\t<div class=\"breakdance-image-container\">\n\t\t<div class=\"breakdance-image-clip\"><img decoding=\"async\" class=\"breakdance-image-object\" src=\"https:\/\/bionamed.com\/wp-content\/uploads\/2024\/02\/727_Web_C-Prolong.jpg\" width=\"1344\" height=\"1072\" srcset=\"https:\/\/bionamed.com\/wp-content\/uploads\/2024\/02\/727_Web_C-Prolong.jpg 1344w, https:\/\/bionamed.com\/wp-content\/uploads\/2024\/02\/727_Web_C-Prolong-300x239.jpg 300w, https:\/\/bionamed.com\/wp-content\/uploads\/2024\/02\/727_Web_C-Prolong-1024x817.jpg 1024w, https:\/\/bionamed.com\/wp-content\/uploads\/2024\/02\/727_Web_C-Prolong-768x613.jpg 768w, https:\/\/bionamed.com\/wp-content\/uploads\/2024\/02\/727_Web_C-Prolong-15x12.jpg 15w\" sizes=\"(max-width: 1344px) 100vw, 1344px\"><\/div>\n\t<\/div><\/figure>\n\n<\/div>\n<\/div><div class=\"bde-column-99-130 bde-column\">\n  \n  \n\t\n\n\n\n<div class=\"bde-text-99-131 bde-text\">\nNATHEAL 727<sup>\u00ae<\/sup>\n<\/div><h1 class=\"bde-heading-99-132 bde-heading\">\nABIOBAC Prolong\n<\/h1><div class=\"bde-shortcode-99-133 bde-shortcode\"><nav  aria-label=\"okruchy\"><ol class=\"breadcrumb\" itemscope itemtype=\"https:\/\/schema.org\/BreadcrumbList\"><li class=\"breadcrumb-item active\" aria-current=\"page\" itemprop=\"itemListElement\" itemscope itemtype=\"https:\/\/schema.org\/ListItem\"><span itemprop=\"name\">Strona g\u0142\u00f3wna<\/span><meta itemprop=\"position\" content=\"1\"><\/li><\/ol><\/nav><\/div><div class=\"bde-text-99-134 bde-text\">\nWspieraj swoj\u0105 odporno\u015b\u0107 z pomoc\u0105 natury. NATHEAL 727<sup>\u00ae<\/sup> ABIOBAC Prolong zawiera ekstrakty z szeregu zi\u00f3\u0142, kt\u00f3re pomagaj\u0105 <b>zwalczaj bakterie i stany zapalne, wspomagaj trawienie<\/b> i zapobiega zatrzymywaniu p\u0142yn\u00f3w. Echinacea korzystnie wp\u0142ywa r\u00f3wnie\u017c na nasz\u0105 odporno\u015b\u0107. W\u0142a\u015bnie dlatego NATHEAL 727<sup>\u00ae<\/sup> ABIOBAC Prolong jest idealny do d\u0142ugotrwa\u0142ego stosowania.\n<\/div><h3 class=\"bde-heading-99-135 bde-heading\">\nSk\u0142adniki\n<\/h3><div class=\"bde-icon-box-99-153 bde-icon-box\">\n\n    \n            <div class=\"ee-iconbox-icon breakdance-icon-atom\" >\n    \n                    <svg xmlns=\"http:\/\/www.w3.org\/2000\/svg\" viewbox=\"0 0 352 512\"><!-- Font Awesome Free 5.15.1 by @fontawesome - https:\/\/fontawesome.com License - https:\/\/fontawesome.com\/license\/free (Icons: CC BY 4.0, Fonts: SIL OFL 1.1, Code: MIT License) --><path d=\"M176 80c-52.94 0-96 43.06-96 96 0 8.84 7.16 16 16 16s16-7.16 16-16c0-35.3 28.72-64 64-64 8.84 0 16-7.16 16-16s-7.16-16-16-16zM96.06 459.17c0 3.15.93 6.22 2.68 8.84l24.51 36.84c2.97 4.46 7.97 7.14 13.32 7.14h78.85c5.36 0 10.36-2.68 13.32-7.14l24.51-36.84c1.74-2.62 2.67-5.7 2.68-8.84l.05-43.18H96.02l.04 43.18zM176 0C73.72 0 0 82.97 0 176c0 44.37 16.45 84.85 43.56 115.78 16.64 18.99 42.74 58.8 52.42 92.16v.06h48v-.12c-.01-4.77-.72-9.51-2.15-14.07-5.59-17.81-22.82-64.77-62.17-109.67-20.54-23.43-31.52-53.15-31.61-84.14-.2-73.64 59.67-128 127.95-128 70.58 0 128 57.42 128 128 0 30.97-11.24 60.85-31.65 84.14-39.11 44.61-56.42 91.47-62.1 109.46a47.507 47.507 0 0 0-2.22 14.3v.1h48v-.05c9.68-33.37 35.78-73.18 52.42-92.16C335.55 260.85 352 220.37 352 176 352 78.8 273.2 0 176 0z\"\/><\/svg>\n        \n        \n        \n            <\/div>\n    \n\n<div class=\"ee-iconbox-content\">\n      <h5 class=\"ee-iconbox-title bde-h3\" >Tymianek pospolity\u00a0<\/h5>\n        <div class=\"ee-iconbox-text\" >Pomaga zwalcza\u0107 bakterie, grzyby, biegunk\u0119, wzd\u0119cia i zatrzymywanie p\u0142yn\u00f3w w organizmie.<\/div>\n    <\/div>\n\n<\/div><div class=\"bde-icon-box-99-154 bde-icon-box\">\n\n    \n            <div class=\"ee-iconbox-icon breakdance-icon-atom\" >\n    \n                    <svg xmlns=\"http:\/\/www.w3.org\/2000\/svg\" viewbox=\"0 0 352 512\"><!-- Font Awesome Free 5.15.1 by @fontawesome - https:\/\/fontawesome.com License - https:\/\/fontawesome.com\/license\/free (Icons: CC BY 4.0, Fonts: SIL OFL 1.1, Code: MIT License) --><path d=\"M176 80c-52.94 0-96 43.06-96 96 0 8.84 7.16 16 16 16s16-7.16 16-16c0-35.3 28.72-64 64-64 8.84 0 16-7.16 16-16s-7.16-16-16-16zM96.06 459.17c0 3.15.93 6.22 2.68 8.84l24.51 36.84c2.97 4.46 7.97 7.14 13.32 7.14h78.85c5.36 0 10.36-2.68 13.32-7.14l24.51-36.84c1.74-2.62 2.67-5.7 2.68-8.84l.05-43.18H96.02l.04 43.18zM176 0C73.72 0 0 82.97 0 176c0 44.37 16.45 84.85 43.56 115.78 16.64 18.99 42.74 58.8 52.42 92.16v.06h48v-.12c-.01-4.77-.72-9.51-2.15-14.07-5.59-17.81-22.82-64.77-62.17-109.67-20.54-23.43-31.52-53.15-31.61-84.14-.2-73.64 59.67-128 127.95-128 70.58 0 128 57.42 128 128 0 30.97-11.24 60.85-31.65 84.14-39.11 44.61-56.42 91.47-62.1 109.46a47.507 47.507 0 0 0-2.22 14.3v.1h48v-.05c9.68-33.37 35.78-73.18 52.42-92.16C335.55 260.85 352 220.37 352 176 352 78.8 273.2 0 176 0z\"\/><\/svg>\n        \n        \n        \n            <\/div>\n    \n\n<div class=\"ee-iconbox-content\">\n      <h5 class=\"ee-iconbox-title bde-h3\" >Any\u017c<\/h5>\n        <div class=\"ee-iconbox-text\" >Pomaga z\u0142agodzi\u0107 problemy z g\u00f3rnymi drogami oddechowymi, u\u0142atwia kaszel lub poprawia trawienie.<\/div>\n    <\/div>\n\n<\/div><div class=\"bde-icon-box-99-155 bde-icon-box\">\n\n    \n            <div class=\"ee-iconbox-icon breakdance-icon-atom\" >\n    \n                    <svg xmlns=\"http:\/\/www.w3.org\/2000\/svg\" viewbox=\"0 0 352 512\"><!-- Font Awesome Free 5.15.1 by @fontawesome - https:\/\/fontawesome.com License - https:\/\/fontawesome.com\/license\/free (Icons: CC BY 4.0, Fonts: SIL OFL 1.1, Code: MIT License) --><path d=\"M176 80c-52.94 0-96 43.06-96 96 0 8.84 7.16 16 16 16s16-7.16 16-16c0-35.3 28.72-64 64-64 8.84 0 16-7.16 16-16s-7.16-16-16-16zM96.06 459.17c0 3.15.93 6.22 2.68 8.84l24.51 36.84c2.97 4.46 7.97 7.14 13.32 7.14h78.85c5.36 0 10.36-2.68 13.32-7.14l24.51-36.84c1.74-2.62 2.67-5.7 2.68-8.84l.05-43.18H96.02l.04 43.18zM176 0C73.72 0 0 82.97 0 176c0 44.37 16.45 84.85 43.56 115.78 16.64 18.99 42.74 58.8 52.42 92.16v.06h48v-.12c-.01-4.77-.72-9.51-2.15-14.07-5.59-17.81-22.82-64.77-62.17-109.67-20.54-23.43-31.52-53.15-31.61-84.14-.2-73.64 59.67-128 127.95-128 70.58 0 128 57.42 128 128 0 30.97-11.24 60.85-31.65 84.14-39.11 44.61-56.42 91.47-62.1 109.46a47.507 47.507 0 0 0-2.22 14.3v.1h48v-.05c9.68-33.37 35.78-73.18 52.42-92.16C335.55 260.85 352 220.37 352 176 352 78.8 273.2 0 176 0z\"\/><\/svg>\n        \n        \n        \n            <\/div>\n    \n\n<div class=\"ee-iconbox-content\">\n      <h5 class=\"ee-iconbox-title bde-h3\" >Iglicznia ciernista<\/h5>\n        <div class=\"ee-iconbox-text\" >Pomaga poprawi\u0107 metabolizm i zwalcza retencj\u0119 p\u0142yn\u00f3w w organizmie.<\/div>\n    <\/div>\n\n<\/div><div class=\"bde-icon-box-99-156 bde-icon-box\">\n\n    \n            <div class=\"ee-iconbox-icon breakdance-icon-atom\" >\n    \n                    <svg xmlns=\"http:\/\/www.w3.org\/2000\/svg\" viewbox=\"0 0 352 512\"><!-- Font Awesome Free 5.15.1 by @fontawesome - https:\/\/fontawesome.com License - https:\/\/fontawesome.com\/license\/free (Icons: CC BY 4.0, Fonts: SIL OFL 1.1, Code: MIT License) --><path d=\"M176 80c-52.94 0-96 43.06-96 96 0 8.84 7.16 16 16 16s16-7.16 16-16c0-35.3 28.72-64 64-64 8.84 0 16-7.16 16-16s-7.16-16-16-16zM96.06 459.17c0 3.15.93 6.22 2.68 8.84l24.51 36.84c2.97 4.46 7.97 7.14 13.32 7.14h78.85c5.36 0 10.36-2.68 13.32-7.14l24.51-36.84c1.74-2.62 2.67-5.7 2.68-8.84l.05-43.18H96.02l.04 43.18zM176 0C73.72 0 0 82.97 0 176c0 44.37 16.45 84.85 43.56 115.78 16.64 18.99 42.74 58.8 52.42 92.16v.06h48v-.12c-.01-4.77-.72-9.51-2.15-14.07-5.59-17.81-22.82-64.77-62.17-109.67-20.54-23.43-31.52-53.15-31.61-84.14-.2-73.64 59.67-128 127.95-128 70.58 0 128 57.42 128 128 0 30.97-11.24 60.85-31.65 84.14-39.11 44.61-56.42 91.47-62.1 109.46a47.507 47.507 0 0 0-2.22 14.3v.1h48v-.05c9.68-33.37 35.78-73.18 52.42-92.16C335.55 260.85 352 220.37 352 176 352 78.8 273.2 0 176 0z\"\/><\/svg>\n        \n        \n        \n            <\/div>\n    \n\n<div class=\"ee-iconbox-content\">\n      <h5 class=\"ee-iconbox-title bde-h3\" >Czosnek kuchenny<\/h5>\n        <div class=\"ee-iconbox-text\" >Pomaga zwalcza\u0107 bakterie, wspomaga trawienie i odporno\u015b\u0107.<\/div>\n    <\/div>\n\n<\/div><div class=\"bde-icon-box-99-157 bde-icon-box\">\n\n    \n            <div class=\"ee-iconbox-icon breakdance-icon-atom\" >\n    \n                    <svg xmlns=\"http:\/\/www.w3.org\/2000\/svg\" viewbox=\"0 0 352 512\"><!-- Font Awesome Free 5.15.1 by @fontawesome - https:\/\/fontawesome.com License - https:\/\/fontawesome.com\/license\/free (Icons: CC BY 4.0, Fonts: SIL OFL 1.1, Code: MIT License) --><path d=\"M176 80c-52.94 0-96 43.06-96 96 0 8.84 7.16 16 16 16s16-7.16 16-16c0-35.3 28.72-64 64-64 8.84 0 16-7.16 16-16s-7.16-16-16-16zM96.06 459.17c0 3.15.93 6.22 2.68 8.84l24.51 36.84c2.97 4.46 7.97 7.14 13.32 7.14h78.85c5.36 0 10.36-2.68 13.32-7.14l24.51-36.84c1.74-2.62 2.67-5.7 2.68-8.84l.05-43.18H96.02l.04 43.18zM176 0C73.72 0 0 82.97 0 176c0 44.37 16.45 84.85 43.56 115.78 16.64 18.99 42.74 58.8 52.42 92.16v.06h48v-.12c-.01-4.77-.72-9.51-2.15-14.07-5.59-17.81-22.82-64.77-62.17-109.67-20.54-23.43-31.52-53.15-31.61-84.14-.2-73.64 59.67-128 127.95-128 70.58 0 128 57.42 128 128 0 30.97-11.24 60.85-31.65 84.14-39.11 44.61-56.42 91.47-62.1 109.46a47.507 47.507 0 0 0-2.22 14.3v.1h48v-.05c9.68-33.37 35.78-73.18 52.42-92.16C335.55 260.85 352 220.37 352 176 352 78.8 273.2 0 176 0z\"\/><\/svg>\n        \n        \n        \n            <\/div>\n    \n\n<div class=\"ee-iconbox-content\">\n      <h5 class=\"ee-iconbox-title bde-h3\" >Je\u017c\u00f3wka purpurowa (Echinacea)<\/h5>\n        <div class=\"ee-iconbox-text\" >Pomaga wzmocni\u0107 odporno\u015b\u0107, \u0142agodzi b\u00f3l gard\u0142a i kaszel oraz zwalcza wirusy i infekcje.<\/div>\n    <\/div>\n\n<\/div><div class=\"bde-text-99-170 bde-text\">\n<b>Sugerowana cena w aptece stacjonarnej: 699 CZK<\/b>\n<\/div><div class=\"bde-button-99-166 bde-button\">\n        \n    \n    \n    \n    \n            \n                    \n            \n            \n\n    \n    \n    \n    \n    \n    <a class=\"breakdance-link button-atom button-atom--primary bde-button__button\" href=\"https:\/\/shop.bionamed.com\/natheal-727-abiobac-prolong\/\" target=\"_blank\" data-type=\"url\"  >\n\n    \n        <span class=\"button-atom__text\">Zam\u00f3w w sklepie<\/span>\n\n        \n        \n                <\/a>\n\n    \n\n\n<\/div>\n<\/div><\/div><\/div>\n<\/section><section class=\"bde-section-99-167 bde-section\">\n  \n  \n\t\n\n\n\n<div class=\"section-container\"><\/div>\n<\/section><section class=\"bde-section-99-141 bde-section\">\n  \n  \n\t\n\n\n\n<div class=\"section-container\"><div class=\"bde-advanced-tabs-99-142 bde-advanced-tabs\">\n\n\n        \n  \n  \n  <div class=\"bde-tabs__tabslist-container bde-tabs__tabslist-container--scrollable is-horizontal js-tabs-container\">\n    <div class=\"bde-tabs__tabslist bde-tabs__tabslist--tabs js-tablist\" role=\"tablist\" aria-label=\"Karty zawarto\u015bci\" aria-orientation=\"horizontal\" data-tabs-id=\"bde-advanced-tabs-99-142\">\n      \n              <button role=\"tab\" aria-selected=\"false\" class=\"bde-tabs__tab js-tab\" aria-controls=\"tab-panel-bde-advanced-tabs-99-142-1\" id=\"tab-bde-advanced-tabs-99-142-1\" data-value=\"1\">\n                    <span class=\"bde-tabs__tab-title\">Sk\u0142adniki<\/span>\n        <\/button>\n              <button role=\"tab\" aria-selected=\"false\" class=\"bde-tabs__tab js-tab\" aria-controls=\"tab-panel-bde-advanced-tabs-99-142-2\" id=\"tab-bde-advanced-tabs-99-142-2\" data-value=\"2\">\n                    <span class=\"bde-tabs__tab-title\">Dawkowanie<\/span>\n        <\/button>\n              <button role=\"tab\" aria-selected=\"false\" class=\"bde-tabs__tab js-tab\" aria-controls=\"tab-panel-bde-advanced-tabs-99-142-3\" id=\"tab-bde-advanced-tabs-99-142-3\" data-value=\"3\">\n                    <span class=\"bde-tabs__tab-title\">Zalecenia<\/span>\n        <\/button>\n              <button role=\"tab\" aria-selected=\"false\" class=\"bde-tabs__tab js-tab\" aria-controls=\"tab-panel-bde-advanced-tabs-99-142-4\" id=\"tab-bde-advanced-tabs-99-142-4\" data-value=\"4\">\n                    <span class=\"bde-tabs__tab-title\">FAQ<\/span>\n        <\/button>\n          <\/div>\n  <\/div>\n\n<div class=\"bde-tabs-content-container\">\n  <div class=\"bde-advanced-tabs-content-99-143 bde-advanced-tabs-content\"><div tabindex=\"0\" role=\"tabpanel\" class=\"bde-tabs__panel js-panel\" id=\"\" aria-labelledby=\"\">\r\n  <div class=\"bde-tabs__panel-content\">\r\n    <h3 class=\"bde-heading-99-144 bde-heading\">\n150 mg naturalnych ekstrakt\u00f3w w ka\u017cdej kapsu\u0142ce\n<\/h3><div class=\"bde-rich-text-99-152 bde-rich-text breakdance-rich-text-styles\">\n<p>1 kapsu\u0142ka NATHEAL 727<sup>\u00ae<\/sup> ABIOBAC Prolong zawiera:<\/p>\n<ul>\n  <li>\n    <p>Tymianek pospolity (Thymus vulgaris) - 30 mg<\/p>\n  <\/li>\n  <li>\n    <p>Any\u017c (Pimpinella anisum) - 30 mg<\/p>\n  <\/li>\n  <li>\n    <p>Ononis spinosa - 30 mg<\/p>\n  <\/li>\n  <li>\n    <p>Czosnek (Allium sativum) - 30 mg<\/p>\n  <\/li>\n  <li>\n    <p>Echinacea purpurea - 30 mg<\/p>\n  <\/li>\n<\/ul>\n<\/div>\r\n  <\/div>\r\n<\/div>\r\n<\/div><div class=\"bde-advanced-tabs-content-99-158 bde-advanced-tabs-content\"><div tabindex=\"0\" role=\"tabpanel\" class=\"bde-tabs__panel js-panel\" id=\"\" aria-labelledby=\"\">\r\n  <div class=\"bde-tabs__panel-content\">\r\n    <h3 class=\"bde-heading-99-159 bde-heading\">\nZalecane dawkowanie\n<\/h3><div class=\"bde-rich-text-99-160 bde-rich-text breakdance-rich-text-styles\">\n<p>2 kapsu\u0142ki dziennie<\/p>\n<p>Kapsu\u0142ki dzia\u0142aj\u0105 na oryginalnej zasadzie CGRF<sup>\u00ae<\/sup> (Continuous Gradient Release Formula), opracowany przez FAVEA, kt\u00f3ry zapewnia stopniowe uwalnianie substancji z kapsu\u0142ki przez okres 12 godzin, a tym samym lepsze, stopniowe wch\u0142anianie.<\/p>\n<p>Nie przekraczaj zalecanej dawki.<\/p>\n<p>NATHEAL 727<sup>\u00ae<\/sup> ABIOBAC Prolong jest odpowiedni do d\u0142ugotrwa\u0142ego stosowania przez 14-28 dni.<\/p>\n<\/div>\r\n  <\/div>\r\n<\/div>\r\n<\/div><div class=\"bde-advanced-tabs-content-99-161 bde-advanced-tabs-content\"><div tabindex=\"0\" role=\"tabpanel\" class=\"bde-tabs__panel js-panel\" id=\"\" aria-labelledby=\"\">\r\n  <div class=\"bde-tabs__panel-content\">\r\n    <h3 class=\"bde-heading-99-162 bde-heading\">\nZalecenia dotycz\u0105ce stosowania NATHEAL 727\u00ae ABOBIAC Prolong\n<\/h3><div class=\"bde-rich-text-99-163 bde-rich-text breakdance-rich-text-styles\">\n<p>NATHEAL 727<sup>\u00ae<\/sup> ABIOBAC Prolong to suplement diety oparty na ekstraktach zio\u0142owych. Jego celem jest stymulowanie odporno\u015bci organizmu w naturalny spos\u00f3b i zwalczanie oporno\u015bci na antybiotyki. Nie ma zatwierdzonego ani gwarantowanego dzia\u0142ania leczniczego i nie zast\u0119puje antybiotyk\u00f3w. Antybiotyki maj\u0105 niezast\u0105pione miejsce w leczeniu ci\u0119\u017ckich infekcji bakteryjnych.<\/p>\n<\/div>\r\n  <\/div>\r\n<\/div>\r\n<\/div><div class=\"bde-advanced-tabs-content-99-150 bde-advanced-tabs-content\"><div tabindex=\"0\" role=\"tabpanel\" class=\"bde-tabs__panel js-panel\" id=\"\" aria-labelledby=\"\">\r\n  <div class=\"bde-tabs__panel-content\">\r\n    <h3 class=\"bde-heading-99-165 bde-heading\">\nCo najbardziej Ci\u0119 interesuje\n<\/h3><div class=\"bde-frequently-asked-questions-99-164 bde-frequently-asked-questions\">\n      <div class=\"bde-faq__item\">\n      <h4 class=\"bde-faq__title-tag\">\n       <button id=\"bde-faq-164-button-1\" aria-expanded=\"false\" aria-controls=\"bde-faq-164-1\" class=\"bde-faq__question js-faq-item\">\n          <span class=\"bde-faq__title\">Do czego s\u0142u\u017cy NATHEAL 727\u00ae ABIOBAC Prolong?<\/span>\n                           <div aria-hidden=\"true\" class=\"bde-faq__icon bde-faq__icon--inactive\">\n                                <svg xmlns=\"http:\/\/www.w3.org\/2000\/svg\" viewbox=\"0 0 32 32\">\r\n<path d=\"M31 12h-11v-11c0-0.552-0.448-1-1-1h-6c-0.552 0-1 0.448-1 1v11h-11c-0.552 0-1 0.448-1 1v6c0 0.552 0.448 1 1 1h11v11c0 0.552 0.448 1 1 1h6c0.552 0 1-0.448 1-1v-11h11c0.552 0 1-0.448 1-1v-6c0-0.552-0.448-1-1-1z\"\/>\r\n<\/svg>\n                            <\/div>\n         \t  <div aria-hidden=\"true\" class=\"bde-faq__icon bde-faq__icon--active\">\n                                <svg xmlns=\"http:\/\/www.w3.org\/2000\/svg\" viewbox=\"0 0 448 512\"><!-- Font Awesome Free 5.15.1 by @fontawesome - https:\/\/fontawesome.com License - https:\/\/fontawesome.com\/license\/free (Icons: CC BY 4.0, Fonts: SIL OFL 1.1, Code: MIT License) --><path d=\"M416 208H32c-17.67 0-32 14.33-32 32v32c0 17.67 14.33 32 32 32h384c17.67 0 32-14.33 32-32v-32c0-17.67-14.33-32-32-32z\"\/><\/svg>\n                            <\/div>\n                  <\/button>\n      <\/h4>\n      <div role=\"region\" aria-labelledby=\"bde-faq-164-button-1\" id=\"bde-faq-164-1\" class=\"bde-faq__answer\">\n        <div class=\"bde-faq__answer-content\">\n            <div class=\"breakdance-rich-text-styles\"><p>NATHEAL 727<sup>\u00ae<\/sup> ABIOBAC Prolong to suplement diety na bazie zi\u00f3\u0142. Wykorzystuje wyci\u0105gi z tymianku, any\u017cu, \u017cywokostu i czosnku - ro\u015blin zawieraj\u0105cych substancje, kt\u00f3re pomagaj\u0105 zwalcza\u0107 bakterie i stany zapalne, poprawiaj\u0105 metabolizm lub wzmacniaj\u0105 odporno\u015b\u0107. Jest zatem odpowiedni do d\u0142ugotrwa\u0142ego stosowania i wspierania uk\u0142adu odporno\u015bciowego.<\/p><\/div>\n\n                    <\/div>\n      <\/div>\n    <\/div>\n      <div class=\"bde-faq__item\">\n      <h4 class=\"bde-faq__title-tag\">\n       <button id=\"bde-faq-164-button-2\" aria-expanded=\"false\" aria-controls=\"bde-faq-164-2\" class=\"bde-faq__question js-faq-item\">\n          <span class=\"bde-faq__title\">Co to znaczy, \u017ce NATHEAL 727\u00ae ABIOBAC Prolong zwalcza antybiotykooporno\u015b\u0107?<\/span>\n                           <div aria-hidden=\"true\" class=\"bde-faq__icon bde-faq__icon--inactive\">\n                                <svg xmlns=\"http:\/\/www.w3.org\/2000\/svg\" viewbox=\"0 0 32 32\">\r\n<path d=\"M31 12h-11v-11c0-0.552-0.448-1-1-1h-6c-0.552 0-1 0.448-1 1v11h-11c-0.552 0-1 0.448-1 1v6c0 0.552 0.448 1 1 1h11v11c0 0.552 0.448 1 1 1h6c0.552 0 1-0.448 1-1v-11h11c0.552 0 1-0.448 1-1v-6c0-0.552-0.448-1-1-1z\"\/>\r\n<\/svg>\n                            <\/div>\n         \t  <div aria-hidden=\"true\" class=\"bde-faq__icon bde-faq__icon--active\">\n                                <svg xmlns=\"http:\/\/www.w3.org\/2000\/svg\" viewbox=\"0 0 448 512\"><!-- Font Awesome Free 5.15.1 by @fontawesome - https:\/\/fontawesome.com License - https:\/\/fontawesome.com\/license\/free (Icons: CC BY 4.0, Fonts: SIL OFL 1.1, Code: MIT License) --><path d=\"M416 208H32c-17.67 0-32 14.33-32 32v32c0 17.67 14.33 32 32 32h384c17.67 0 32-14.33 32-32v-32c0-17.67-14.33-32-32-32z\"\/><\/svg>\n                            <\/div>\n                  <\/button>\n      <\/h4>\n      <div role=\"region\" aria-labelledby=\"bde-faq-164-button-2\" id=\"bde-faq-164-2\" class=\"bde-faq__answer\">\n        <div class=\"bde-faq__answer-content\">\n            <div class=\"breakdance-rich-text-styles\"><p>Nadmierne stosowanie antybiotyk\u00f3w doprowadzi\u0142o do rozwoju oporno\u015bci wielu organizm\u00f3w na te leki. Opracowanie nowych i bardziej skutecznych lek\u00f3w jest kosztowne i trudne. Dlatego, gdy antybiotyki nie s\u0105 konieczne do leczenia, zaleca si\u0119 wspomaganie organizmu na przyk\u0142ad naturalnymi \u015brodkami. Zapobiega to przyzwyczajaniu si\u0119 bakterii do antybiotyk\u00f3w i zwi\u0119kszaniu ich oporno\u015bci.<\/p><\/div>\n\n                    <\/div>\n      <\/div>\n    <\/div>\n      <div class=\"bde-faq__item\">\n      <h4 class=\"bde-faq__title-tag\">\n       <button id=\"bde-faq-164-button-3\" aria-expanded=\"false\" aria-controls=\"bde-faq-164-3\" class=\"bde-faq__question js-faq-item\">\n          <span class=\"bde-faq__title\">Jak d\u0142ugo mog\u0119 przyjmowa\u0107 NATHEAL 727\u00ae ABIOBAC Prolong?<\/span>\n                           <div aria-hidden=\"true\" class=\"bde-faq__icon bde-faq__icon--inactive\">\n                                <svg xmlns=\"http:\/\/www.w3.org\/2000\/svg\" viewbox=\"0 0 32 32\">\r\n<path d=\"M31 12h-11v-11c0-0.552-0.448-1-1-1h-6c-0.552 0-1 0.448-1 1v11h-11c-0.552 0-1 0.448-1 1v6c0 0.552 0.448 1 1 1h11v11c0 0.552 0.448 1 1 1h6c0.552 0 1-0.448 1-1v-11h11c0.552 0 1-0.448 1-1v-6c0-0.552-0.448-1-1-1z\"\/>\r\n<\/svg>\n                            <\/div>\n         \t  <div aria-hidden=\"true\" class=\"bde-faq__icon bde-faq__icon--active\">\n                                <svg xmlns=\"http:\/\/www.w3.org\/2000\/svg\" viewbox=\"0 0 448 512\"><!-- Font Awesome Free 5.15.1 by @fontawesome - https:\/\/fontawesome.com License - https:\/\/fontawesome.com\/license\/free (Icons: CC BY 4.0, Fonts: SIL OFL 1.1, Code: MIT License) --><path d=\"M416 208H32c-17.67 0-32 14.33-32 32v32c0 17.67 14.33 32 32 32h384c17.67 0 32-14.33 32-32v-32c0-17.67-14.33-32-32-32z\"\/><\/svg>\n                            <\/div>\n                  <\/button>\n      <\/h4>\n      <div role=\"region\" aria-labelledby=\"bde-faq-164-button-3\" id=\"bde-faq-164-3\" class=\"bde-faq__answer\">\n        <div class=\"bde-faq__answer-content\">\n            <div class=\"breakdance-rich-text-styles\"><p>Wszystko zale\u017cy od Ciebie. NATHEAL 727<sup>\u00ae<\/sup> ABIOBAC Prolong zawiera ekstrakty zio\u0142owe w ilo\u015bciach, kt\u00f3re mo\u017cesz bezpiecznie spo\u017cywa\u0107 ka\u017cdego dnia. Dlatego nadaje si\u0119 r\u00f3wnie\u017c do sta\u0142ego stosowania.<\/p><\/div>\n\n                    <\/div>\n      <\/div>\n    <\/div>\n      <div class=\"bde-faq__item\">\n      <h4 class=\"bde-faq__title-tag\">\n       <button id=\"bde-faq-164-button-4\" aria-expanded=\"false\" aria-controls=\"bde-faq-164-4\" class=\"bde-faq__question js-faq-item\">\n          <span class=\"bde-faq__title\">Czy mog\u0119 stosowa\u0107 NATHEAL 727\u00ae ABIOBAC Prolong jako zamiennik antybiotyk\u00f3w?<\/span>\n                           <div aria-hidden=\"true\" class=\"bde-faq__icon bde-faq__icon--inactive\">\n                                <svg xmlns=\"http:\/\/www.w3.org\/2000\/svg\" viewbox=\"0 0 32 32\">\r\n<path d=\"M31 12h-11v-11c0-0.552-0.448-1-1-1h-6c-0.552 0-1 0.448-1 1v11h-11c-0.552 0-1 0.448-1 1v6c0 0.552 0.448 1 1 1h11v11c0 0.552 0.448 1 1 1h6c0.552 0 1-0.448 1-1v-11h11c0.552 0 1-0.448 1-1v-6c0-0.552-0.448-1-1-1z\"\/>\r\n<\/svg>\n                            <\/div>\n         \t  <div aria-hidden=\"true\" class=\"bde-faq__icon bde-faq__icon--active\">\n                                <svg xmlns=\"http:\/\/www.w3.org\/2000\/svg\" viewbox=\"0 0 448 512\"><!-- Font Awesome Free 5.15.1 by @fontawesome - https:\/\/fontawesome.com License - https:\/\/fontawesome.com\/license\/free (Icons: CC BY 4.0, Fonts: SIL OFL 1.1, Code: MIT License) --><path d=\"M416 208H32c-17.67 0-32 14.33-32 32v32c0 17.67 14.33 32 32 32h384c17.67 0 32-14.33 32-32v-32c0-17.67-14.33-32-32-32z\"\/><\/svg>\n                            <\/div>\n                  <\/button>\n      <\/h4>\n      <div role=\"region\" aria-labelledby=\"bde-faq-164-button-4\" id=\"bde-faq-164-4\" class=\"bde-faq__answer\">\n        <div class=\"bde-faq__answer-content\">\n            <div class=\"breakdance-rich-text-styles\"><p>Zdecydowanie nie polecamy! NATHEAL 727<sup>\u00ae<\/sup> ABIOBAC Prolong to suplement diety zawieraj\u0105cy ekstrakty zio\u0142owe, kt\u00f3re wspieraj\u0105 walk\u0119 z infekcjami, bakteriami i stanami zapalnymi oraz pomagaj\u0105 organizmowi radzi\u0107 sobie z tymi skutkami. Dzia\u0142anie ekstrakt\u00f3w zio\u0142owych przeciwko bakteriom zosta\u0142o wykazane w wielu badaniach naukowych, ale g\u0142\u00f3wnie w warunkach laboratoryjnych. Wci\u0105\u017c brakuje dowod\u00f3w na dzia\u0142anie lecznicze u ludzi. Dlatego te\u017c, je\u015bli Tw\u00f3j stan tego wymaga, a lekarz przepisze Ci antybiotyki, zalecamy, aby\u015b tego przestrzega\u0142. Mo\u017cesz jednak r\u00f3wnie\u017c wspom\u00f3c sw\u00f3j organizm ekstraktami zio\u0142owymi zawartymi w NATHEAL 727<sup>\u00ae<\/sup> ABIOBAC Prolong.<\/p><\/div>\n\n                    <\/div>\n      <\/div>\n    <\/div>\n  \n<\/div>\r\n  <\/div>\r\n<\/div>\r\n<\/div>\n<\/div>\n\n\n<\/div><\/div>\n<\/section>","protected":false},"excerpt":{"rendered":"<p>NATHEAL 727\u00ae ABIOBAC Prolong Strona g\u0142\u00f3wna Podpo\u0159te svou imunitu s pomoc\u00ed p\u0159\u00edrody. NATHEAL 727\u00ae ABIOBAC Prolong obsahuje v\u00fdta\u017eky z \u0159ady bylin, kter\u00e9 pom\u00e1haj\u00ed bojovat proti bakteri\u00edm a z\u00e1n\u011bt\u016fm, podporuj\u00ed tr\u00e1ven\u00ed a br\u00e1n\u00ed zadr\u017eov\u00e1n\u00ed tekutin. Echinacea nav\u00edc prosp\u00edv\u00e1 na\u0161\u00ed obranyschopnosti. Proto je NATHEAL 727\u00ae ABIOBAC Prolong ide\u00e1ln\u00ed k dlouhodob\u00e9mu u\u017e\u00edv\u00e1n\u00ed. Slo\u017een\u00ed Tymi\u00e1n obecn\u00fd\u00a0 Pom\u00e1h\u00e1 bojovat proti [&hellip;]<\/p>\n","protected":false},"author":1,"featured_media":0,"parent":26,"menu_order":0,"comment_status":"closed","ping_status":"closed","template":"","meta":{"_seopress_robots_primary_cat":"","_seopress_titles_title":"Dopln\u011bk stravy NATHEAL 727\u00ae ABIOBAC Prolong %%sep%% %%sitetitle%%","_seopress_titles_desc":"\ud83c\udf3f Pos\u00edlit imunitu, bojovat proti bakteri\u00edm nebo nap\u0159\u00edklad podpo\u0159it tr\u00e1ven\u00ed. S t\u00edm v\u0161\u00edm v\u00e1m pomohou bylinky. Takov\u00e9, kter\u00e9 najdete u n\u00e1s. Pod\u00edvejte se \u2192","_seopress_robots_index":"","inline_featured_image":false,"_breakdance_hide_in_design_set":false,"_breakdance_tags":"","footnotes":""},"class_list":["post-99","page","type-page","status-publish","hentry"],"_links":{"self":[{"href":"https:\/\/bionamed.com\/pl\/wp-json\/wp\/v2\/pages\/99","targetHints":{"allow":["GET"]}}],"collection":[{"href":"https:\/\/bionamed.com\/pl\/wp-json\/wp\/v2\/pages"}],"about":[{"href":"https:\/\/bionamed.com\/pl\/wp-json\/wp\/v2\/types\/page"}],"author":[{"embeddable":true,"href":"https:\/\/bionamed.com\/pl\/wp-json\/wp\/v2\/users\/1"}],"replies":[{"embeddable":true,"href":"https:\/\/bionamed.com\/pl\/wp-json\/wp\/v2\/comments?post=99"}],"version-history":[{"count":0,"href":"https:\/\/bionamed.com\/pl\/wp-json\/wp\/v2\/pages\/99\/revisions"}],"up":[{"embeddable":true,"href":"https:\/\/bionamed.com\/pl\/wp-json\/wp\/v2\/pages\/26"}],"wp:attachment":[{"href":"https:\/\/bionamed.com\/pl\/wp-json\/wp\/v2\/media?parent=99"}],"curies":[{"name":"wp","href":"https:\/\/api.w.org\/{rel}","templated":true}]}}