{"id":30,"date":"2023-04-14T12:14:51","date_gmt":"2023-04-14T10:14:51","guid":{"rendered":"https:\/\/www.bionamed.com\/?page_id=30"},"modified":"2024-02-16T15:07:29","modified_gmt":"2024-02-16T14:07:29","slug":"o-nas","status":"publish","type":"page","link":"https:\/\/bionamed.com\/pl\/o-nas\/","title":{"rendered":"O nas"},"content":{"rendered":"<section class=\"bde-section-30-100 bde-section\">\n  \n  \n\t\n\n\n\n<div class=\"section-container\"><h1 class=\"bde-heading-30-101 bde-heading\">\nJsme t\u00fdm odborn\u00edk\u016f\n<\/h1><div class=\"bde-text-30-102 bde-text\">\n\u00a0Spole\u010dnost BIONAMED zalo\u017eili dva dlouholet\u00ed p\u0159\u00e1tel\u00e9 \u2013 l\u00e9ka\u0159 a farmaceut. Rozhodli se <b>spojit sv\u00e9 znalosti<\/b> a vytvo\u0159it dopln\u011bk stravy pln\u00fd zdrav\u00ed prosp\u011b\u0161n\u00fdch l\u00e1tek. A v\u00fdsledek jejich pr\u00e1ce m\u00e1te nyn\u00ed k dispozici!\n<\/div><div class=\"bde-shortcode-30-103 bde-shortcode\"><nav  aria-label=\"okruszki\"><ol class=\"breadcrumb\" itemscope itemtype=\"https:\/\/schema.org\/BreadcrumbList\"><li class=\"breadcrumb-item active\" aria-current=\"page\" itemprop=\"itemListElement\" itemscope itemtype=\"https:\/\/schema.org\/ListItem\"><span itemprop=\"name\">Strona g\u0142\u00f3wna<\/span><meta itemprop=\"position\" content=\"1\"><\/li><\/ol><\/nav><\/div><\/div>\n<\/section><section class=\"bde-section-30-104 bde-section\">\n  \n  \n\t\n\n\n\n<div class=\"section-container\"><div class=\"bde-image-30-105 bde-image\">\n<figure class=\"breakdance-image breakdance-image--441\">\n\t<div class=\"breakdance-image-container\">\n\t\t<div class=\"breakdance-image-clip\"><img decoding=\"async\" class=\"breakdance-image-object\" src=\"https:\/\/bionamed.com\/wp-content\/uploads\/2024\/02\/bionamed-team_2024.jpg\" width=\"2560\" height=\"1412\" srcset=\"https:\/\/bionamed.com\/wp-content\/uploads\/2024\/02\/bionamed-team_2024.jpg 2560w, https:\/\/bionamed.com\/wp-content\/uploads\/2024\/02\/bionamed-team_2024-300x165.jpg 300w, https:\/\/bionamed.com\/wp-content\/uploads\/2024\/02\/bionamed-team_2024-1024x565.jpg 1024w, https:\/\/bionamed.com\/wp-content\/uploads\/2024\/02\/bionamed-team_2024-768x424.jpg 768w, https:\/\/bionamed.com\/wp-content\/uploads\/2024\/02\/bionamed-team_2024-1536x847.jpg 1536w, https:\/\/bionamed.com\/wp-content\/uploads\/2024\/02\/bionamed-team_2024-2048x1130.jpg 2048w, https:\/\/bionamed.com\/wp-content\/uploads\/2024\/02\/bionamed-team_2024-18x10.jpg 18w\" sizes=\"(max-width: 2560px) 100vw, 2560px\"><\/div>\n\t<\/div><\/figure>\n\n<\/div><\/div>\n<\/section><section class=\"bde-section-30-106 bde-section\">\n  \n  \n\t\n\n\n\n<div class=\"section-container\"><h2 class=\"bde-heading-30-107 bde-heading\">\nVize kter\u00e1 stoj\u00ed za vznikem  spole\u010dnost\u00ed BIONAMED\n<\/h2><div class=\"bde-rich-text-30-165 bde-rich-text breakdance-rich-text-styles\">\n<p>Vznik spole\u010dnosti BIONAMED odstartovala oby\u010dejn\u00e1 diskuze. Diskuze, p\u0159i kter\u00e9 se t\u0159i p\u0159\u00e1tel\u00e9 bavili o st\u00e1le \u010dast\u011bj\u0161\u00ed antibiotick\u00e9 rezistenci.<br \/>A proto\u017ee se v\u0161ichni \u0159adu let pohybovali ve zdravotnictv\u00ed nebo botanice,\u00a0<strong>hledali \u0159e\u0161en\u00ed v p\u0159\u00edrod\u011b<\/strong>. A \u00fasp\u011b\u0161n\u011b!<br \/>Rozhodli se toti\u017e vyu\u017e\u00edt jej\u00ed s\u00edlu v p\u0159\u00edpadech, kdy nen\u00ed l\u00e9\u010dba antibiotiky nezbytn\u011b nutn\u00e1.<\/p>\n<p>Jak \u0159\u00edk\u00e1 zakladatel firmy BIONAMED, urolog MUDr. Igor Mot\u00edl:<\/p>\n<p>\u201eNadu\u017e\u00edv\u00e1n\u00ed antibiotik je skute\u010dn\u011b mimo\u0159\u00e1dn\u011b z\u00e1va\u017en\u00fd probl\u00e9m. Sna\u017eili jsme se naj\u00edt \u0159e\u0161en\u00ed, kter\u00e9 m\u016f\u017ee tuto nep\u0159\u00edznivou situaci\u00a0 zlep\u0161it. Rostlinn\u00e1 \u0159\u00ed\u0161e nab\u00edz\u00ed t\u00e9m\u011b\u0159 nekone\u010dn\u00e9 mno\u017estv\u00ed substanc\u00ed, kter\u00e9 maj\u00ed protibakteri\u00e1ln\u00ed \u00fa\u010dinky a tud\u00ed\u017e mohou b\u00fdt pou\u017e\u00edv\u00e1ny v ur\u010dit\u00fdch p\u0159\u00edpadech m\u00edsto syntetick\u00fdch antibiotik.\u201c<\/p>\n<p>A spoluzakladatel firmy PharmDr. Stanislav Chud\u00edk k\u00a0tomu dod\u00e1v\u00e1: \u201eSta\u010d\u00ed vybrat vhodn\u00e9 rostlinn\u00e9 extrakty p\u0159\u00edpadn\u011b zvolit jejich kombinace s\u00a0laboratorn\u011b ov\u011b\u0159en\u00fdmi \u00fa\u010dinky proti bakteri\u00edm a m\u00e1me re\u00e1lnou mo\u017enost jak jejich pou\u017e\u00edv\u00e1n\u00edm efektivn\u011b sni\u017eovat antibiotickou rezistenci a z\u00e1rove\u0148 si ponechat klasick\u00e9 antibiotika na l\u00e9\u010dbu jen velice z\u00e1va\u017en\u00fdch infekc\u00ed.\u201c<\/p>\n<p>Spole\u010dn\u011b oba zakladatel\u00e9 zd\u016fraz\u0148uj\u00ed: \u201eC\u00edlem spole\u010dnosti BIONAMED nen\u00ed a nikdy nebude vyr\u00e1b\u011bt velk\u00e9 mno\u017estv\u00ed p\u0159\u00edpravk\u016f v\u0161eho druhu! Ve spole\u010dnosti BIONAMED se v\u017edy budeme zam\u011b\u0159ovat na jeden, dva konkr\u00e9tn\u00ed c\u00edle s potencion\u00e1ln\u011b v\u00fdznamn\u00fdm zdravotn\u011b \u2013 spole\u010densk\u00fdm p\u0159\u00ednosem. V tomto kontextu se aktu\u00e1ln\u011b zab\u00fdv\u00e1me problematikou antibiotick\u00e9 rezistence a v\u00fdvojem antibiotik na \u010dist\u011b p\u0159\u00edrodn\u00ed (rostlinn\u00e9) b\u00e1zi. Dal\u0161\u00ed nem\u00e9n\u011b v\u00fdznamn\u00e9 projekty jsou v\u00a0pl\u00e1nu v\u00a0bl\u00edzk\u00e9 budoucnosti.\u201c<\/p>\n<\/div><\/div>\n<\/section><section class=\"bde-section-30-163 bde-section\">\n  \n  \n\t\n\n\n\n<div class=\"section-container\"><h2 class=\"bde-heading-30-161 bde-heading\">\nCo znamen\u00e1\n<\/h2><div class=\"bde-columns-30-109 bde-columns\"><div class=\"bde-column-30-155 bde-column\" data-entrance=\"fade\">\n  \n  \n\t\n\n\n\n<h3 class=\"bde-heading-30-156 bde-heading\">\nNATHEAL\n<\/h3><div class=\"bde-text-30-157 bde-text\">\nNATHEAL je spojen\u00ed dvou anglick\u00fdch slov \u2013 natural a healing. Poukazuje na fakt, \u017ee na\u0161e dopl\u0148ky stravy jsou slo\u017een\u00e9 z p\u0159\u00edrodn\u00edch prost\u0159edk\u016f, kter\u00e9 vyu\u017e\u00edvali k l\u00e9\u010den\u00ed u\u017e na\u0161i p\u0159edkov\u00e9. A kter\u00e9 obsahuj\u00ed \u0159adu prosp\u011b\u0161n\u00fdch l\u00e1tek. Jm\u00e9no Nathanel (zkr\u00e1cen\u011b Natheal) nav\u00edc znamen\u00e1 v hebrej\u0161tin\u011b Bo\u017e\u00ed dar.\n<\/div>\n<\/div><div class=\"bde-column-30-158 bde-column\">\n  \n  \n\t\n\n\n\n<div class=\"bde-icon-30-159 bde-icon\">\n\n    \n            <div class=\"bde-icon-icon breakdance-icon-atom\" >\n    \n                    <svg xmlns=\"http:\/\/www.w3.org\/2000\/svg\" id=\"icon-plus\" viewBox=\"0 0 32 32\">\n<path d=\"M31 12h-11v-11c0-0.552-0.448-1-1-1h-6c-0.552 0-1 0.448-1 1v11h-11c-0.552 0-1 0.448-1 1v6c0 0.552 0.448 1 1 1h11v11c0 0.552 0.448 1 1 1h6c0.552 0 1-0.448 1-1v-11h11c0.552 0 1-0.448 1-1v-6c0-0.552-0.448-1-1-1z\"\/>\n<\/svg>\n        \n        \n        \n            <\/div>\n    \n\n\n<\/div>\n<\/div><div class=\"bde-column-30-110 bde-column\" data-entrance=\"fade\">\n  \n  \n\t\n\n\n\n<h3 class=\"bde-heading-30-115 bde-heading\">\n727\n<\/h3><div class=\"bde-text-30-116 bde-text\">\n\u010c\u00edslo 727 odkazuje na d\u00e1vkov\u00e1n\u00ed na\u0161ich produkt\u016f. L\u00e1tky, kter\u00e9 v na\u0161ich dopl\u0148c\u00edch stravy najdete, se vst\u0159eb\u00e1vaj\u00ed 12 hodin. M\u016f\u017eete je tedy u\u017e\u00edvat 2\u00d7 denn\u011b a \u00fa\u010dinkuj\u00ed od 7 do 7, tedy foneticky \u0159e\u010deno \u201eseven to seven\u201c. Kdykoliv tedy hled\u00e1te p\u0159\u00edrodn\u00ed prost\u0159edek pro ka\u017edodenn\u00ed u\u017e\u00edv\u00e1n\u00ed, je <b>NATHEAL 727<\/b> ten prav\u00fd.\n<\/div>\n<\/div><\/div><div class=\"bde-button-30-164 bde-button\">\n        \n    \n    \n    \n    \n            \n                    \n            \n            \n\n    \n    \n    \n    \n    \n    <a class=\"breakdance-link button-atom button-atom--primary bde-button__button\" href=\"https:\/\/www.bionamed.com\/produkty\/\" target=\"_self\" data-type=\"url\"  >\n\n    \n        <span class=\"button-atom__text\">Uka\u017ete mi produkty NATHEAL 727<\/span>\n\n        \n        \n                <\/a>\n\n    \n\n\n<\/div><\/div>\n<\/section><section class=\"bde-section-30-127 bde-section\">\n  \n  \n\t\n\n\n\n<div class=\"section-container\"><div class=\"bde-columns-30-128 bde-columns\"><div class=\"bde-column-30-132 bde-column\">\n  \n  \n\t\n\n\n\n<div class=\"bde-video-30-160 bde-video\">\n<div class=\"ee-video-container\">\n            <video class=\"ee-video\" src=\"https:\/\/bionamed.com\/wp-content\/uploads\/2023\/04\/experimental-apparatus-with-an-empty-laboratory-wh-2022-08-04-12-38-24-utc.mp4\"\n               autoplay='true'                                                                muted='true'                controlsList=\"nodownload\"                playsinline\n        >\n        <\/video>\n    \n    <\/div>\n\n<\/div>\n<\/div><div class=\"bde-column-30-129 bde-column\">\n  \n  \n\t\n\n\n\n<h2 class=\"bde-heading-30-130 bde-heading\">\nJak vznikly produkty NATHEAL 727\u00ae\n<\/h2><div class=\"bde-text-30-131 bde-text\">\nStovky v\u011bdeck\u00fdch studi\u00ed a v\u00fdzkum\u016f zab\u00fdvaj\u00edc\u00edch se \u00fa\u010dinky r\u016fzn\u00fdch rostlinn\u00fdch extrakt\u016f proti bakteri\u00edm. Tolik materi\u00e1l\u016f jsme za posledn\u00ed l\u00e9ta pro\u0161li p\u0159i v\u00fdb\u011bru bylinek pro dopl\u0148ky stravy NATHEAL 727<sup>\u00ae<\/sup>. A nav\u00edc jsme p\u0159idali i sv\u00e9 <b>poznatky z praxe<\/b>. D\u00edky tomu jsme vybrali ty nejvhodn\u011bj\u0161\u00ed rostliny obsahuj\u00edc\u00ed l\u00e1tky, kter\u00e9 pom\u00e1haj\u00ed bojovat se z\u00e1n\u011bty, bakteriemi a infekcemi. A podporuj\u00ed obranyschopnost organismu.\n<\/div>\n<\/div><\/div><\/div>\n<\/section><section class=\"bde-section-30-166 bde-section\">\n  \n  \n\t\n\n\n\n<div class=\"section-container\"><div class=\"bde-columns-30-167 bde-columns\"><div class=\"bde-column-30-168 bde-column\">\n  \n  \n\t\n\n\n\n\n<\/div><div class=\"bde-column-30-169 bde-column\">\n  \n  \n\t\n\n\n\n<div class=\"bde-div-30-170 bde-div\">\n  \n  \n\t\n\n\n\n<h3 class=\"bde-heading-30-171 bde-heading\">\nOdeb\u00edrejte n\u00e1\u0161 newsletter\n<\/h3><div class=\"bde-text-30-172 bde-text\">\nZ\u00edskejte nejnov\u011bj\u0161\u00ed informace a tipy pro p\u0159\u00edrodn\u00ed zdrav\u00ed p\u0159\u00edmo do va\u0161\u00ed schr\u00e1nky.\n<\/div><div class=\"bde-shortcode-30-173 bde-shortcode\"><div class='fluentform ff-default fluentform_wrapper_4 ffs_default_wrap'><form data-form_id=\"4\" id=\"fluentform_4\" class=\"frm-fluent-form fluent_form_4 ff-el-form-top ff_form_instance_4_1 ff-form-loading ffs_default\" data-form_instance=\"ff_form_instance_4_1\" method=\"POST\" ><fieldset  style=\"border: none!important;margin: 0!important;padding: 0!important;background-color: transparent!important;box-shadow: none!important;outline: none!important; min-inline-size: 100%;\">\n                    <legend class=\"ff_screen_reader_title\" style=\"display: block; margin: 0!important;padding: 0!important;height: 0!important;text-indent: -999999px;width: 0!important;overflow:hidden;\">Subscription Form (#4)<\/legend><input type='hidden' name='__fluent_form_embded_post_id' value='30' \/><input type=\"hidden\" id=\"_fluentform_4_fluentformnonce\" name=\"_fluentform_4_fluentformnonce\" value=\"f0fabd78a9\" \/><input type=\"hidden\" name=\"_wp_http_referer\" value=\"\/pl\/wp-json\/wp\/v2\/pages\/30\" \/><div data-type=\"name-element\" data-name=\"names\" class=\" ff-field_container ff-name-field-wrapper\" ><div class='ff-t-container'><div class='ff-t-cell '><div class='ff-el-group  ff-el-form-top'><div class=\"ff-el-input--label asterisk-right\"><label for='ff_4_names_first_name_' id='label_ff_4_names_first_name_' >Jm\u00e9no<\/label><\/div><div class='ff-el-input--content'><input type=\"text\" name=\"names[first_name]\" id=\"ff_4_names_first_name_\" class=\"ff-el-form-control\" aria-invalid=\"false\" aria-required=false><\/div><\/div><\/div><div class='ff-t-cell '><div class='ff-el-group  ff-el-form-top'><div class=\"ff-el-input--label ff-el-is-required asterisk-right\"><label for='ff_4_names_last_name_' id='label_ff_4_names_last_name_' >P\u0159\u00edjmen\u00ed<\/label><\/div><div class='ff-el-input--content'><input type=\"text\" name=\"names[last_name]\" id=\"ff_4_names_last_name_\" class=\"ff-el-form-control\" aria-invalid=\"false\" aria-required=true><\/div><\/div><\/div><\/div><\/div><div data-name=\"ff_cn_id_1\"  class='ff-t-container ff-column-container ff_columns_total_2 '><div class='ff-t-cell ff-t-column-1' style='flex-basis: 50%;'><div class='ff-el-group'><div class='ff-el-input--content'><input type=\"email\" name=\"email\" id=\"ff_4_email\" class=\"ff-el-form-control\" placeholder=\"Va\u0161e e-mailov\u00e1 adresa\" data-name=\"email\"  aria-invalid=\"false\" aria-required=true><\/div><\/div><\/div><div class='ff-t-cell ff-t-column-2' style='flex-basis: 50%;'><div class='ff-el-group ff-text-left ff_submit_btn_wrapper ff_submit_btn_wrapper_custom'><button class=\"ff-btn ff-btn-submit ff-btn-md ff_btn_style wpf_has_custom_css\" type=\"submit\" name=\"custom_submit_button-4_1\" data-name=\"custom_submit_button-4_1\"  aria-label=\"Odeb\u00edrat newsletter\">Odeb\u00edrat newsletter<\/button><style>form.fluent_form_4 .wpf_has_custom_css.ff-btn-submit { background-color:rgba(239, 194, 105, 1);border-color:rgba(239, 194, 105, 1);color:#234942;border-radius:28px;min-width:100%; }form.fluent_form_4 .wpf_has_custom_css.ff-btn-submit:hover { background-color:rgba(35, 73, 66, 1);border-color:rgba(35, 73, 66, 1);color:#EFC269;min-width:100%; } <\/style><\/div><\/div><\/div><\/fieldset><\/form><div id='fluentform_4_errors' class='ff-errors-in-stack ff_form_instance_4_1 ff-form-loading_errors ff_form_instance_4_1_errors'><\/div><\/div>            <script type=\"text\/javascript\">\n                window.fluent_form_ff_form_instance_4_1 = {\"id\":\"4\",\"ajaxUrl\":\"https:\\\/\\\/bionamed.com\\\/wp-admin\\\/admin-ajax.php\",\"settings\":{\"layout\":{\"labelPlacement\":\"top\",\"helpMessagePlacement\":\"with_label\",\"errorMessagePlacement\":\"inline\",\"cssClassName\":\"\",\"asteriskPlacement\":\"asterisk-right\"},\"restrictions\":{\"denyEmptySubmission\":{\"enabled\":false}}},\"form_instance\":\"ff_form_instance_4_1\",\"form_id_selector\":\"fluentform_4\",\"rules\":{\"names[first_name]\":{\"required\":{\"value\":false,\"message\":\"This field is required\",\"global_message\":\"This field is required\",\"global\":true}},\"names[middle_name]\":{\"required\":{\"value\":false,\"message\":\"This field is required\",\"global_message\":\"This field is required\",\"global\":true}},\"names[last_name]\":{\"required\":{\"value\":true,\"message\":\"This field is required\",\"global_message\":\"This field is required\",\"global\":true}},\"email\":{\"required\":{\"value\":true,\"message\":\"This field is required\",\"global\":true,\"global_message\":\"This field is required\"},\"email\":{\"value\":true,\"message\":\"This field must contain a valid email\",\"global\":true,\"global_message\":\"This field must contain a valid email\"}}},\"debounce_time\":300};\n                            <\/script>\n            <\/div>\n<\/div>\n<\/div><\/div><\/div>\n<\/section>","protected":false},"excerpt":{"rendered":"<p>Jsme t\u00fdm odborn\u00edk\u016f \u00a0Spole\u010dnost BIONAMED zalo\u017eili dva dlouholet\u00ed p\u0159\u00e1tel\u00e9 \u2013 l\u00e9ka\u0159 a farmaceut. Rozhodli se spojit sv\u00e9 znalosti a vytvo\u0159it dopln\u011bk stravy pln\u00fd zdrav\u00ed prosp\u011b\u0161n\u00fdch l\u00e1tek. A v\u00fdsledek jejich pr\u00e1ce m\u00e1te nyn\u00ed k dispozici! Strona g\u0142\u00f3wna Vize kter\u00e1 stoj\u00ed za vznikem spole\u010dnost\u00ed BIONAMED Vznik spole\u010dnosti BIONAMED odstartovala oby\u010dejn\u00e1 diskuze. Diskuze, p\u0159i kter\u00e9 se t\u0159i p\u0159\u00e1tel\u00e9 [&hellip;]<\/p>\n","protected":false},"author":1,"featured_media":0,"parent":0,"menu_order":0,"comment_status":"closed","ping_status":"closed","template":"","meta":{"_seopress_robots_primary_cat":"","_seopress_titles_title":"O n\u00e1s %%sep%% %%sitetitle%%","_seopress_titles_desc":"\ud83c\udf3f V produktech BIONAMED v\u00e1s \u010dek\u00e1 spojen\u00ed p\u0159\u00edrody a v\u011bdeck\u00fdch poznatk\u016f. Vytvo\u0159ili je odborn\u00edci z oblasti zdravotnictv\u00ed i botaniky. Vyu\u017eijte jejich znalosti \u2192","_seopress_robots_index":"","inline_featured_image":false,"_breakdance_hide_in_design_set":false,"_breakdance_tags":"","footnotes":""},"class_list":["post-30","page","type-page","status-publish","hentry"],"_links":{"self":[{"href":"https:\/\/bionamed.com\/pl\/wp-json\/wp\/v2\/pages\/30","targetHints":{"allow":["GET"]}}],"collection":[{"href":"https:\/\/bionamed.com\/pl\/wp-json\/wp\/v2\/pages"}],"about":[{"href":"https:\/\/bionamed.com\/pl\/wp-json\/wp\/v2\/types\/page"}],"author":[{"embeddable":true,"href":"https:\/\/bionamed.com\/pl\/wp-json\/wp\/v2\/users\/1"}],"replies":[{"embeddable":true,"href":"https:\/\/bionamed.com\/pl\/wp-json\/wp\/v2\/comments?post=30"}],"version-history":[{"count":0,"href":"https:\/\/bionamed.com\/pl\/wp-json\/wp\/v2\/pages\/30\/revisions"}],"wp:attachment":[{"href":"https:\/\/bionamed.com\/pl\/wp-json\/wp\/v2\/media?parent=30"}],"curies":[{"name":"wp","href":"https:\/\/api.w.org\/{rel}","templated":true}]}}