{"id":26,"date":"2023-04-14T12:14:38","date_gmt":"2023-04-14T10:14:38","guid":{"rendered":"https:\/\/www.bionamed.com\/?page_id=26"},"modified":"2025-12-17T15:29:48","modified_gmt":"2025-12-17T14:29:48","slug":"%e8%a3%bd%e5%93%81","status":"publish","type":"page","link":"https:\/\/bionamed.com\/ja\/produkty\/","title":{"rendered":"\u88fd\u54c1\u7d39\u4ecb"},"content":{"rendered":"<section class=\"bde-section-26-100 bde-section\">\n  \n  \n\t\n\n\n\n<div class=\"section-container\"><h1 class=\"bde-heading-26-101 bde-heading\">\n\u5929\u7136\u7d20\u6750\u306e\u529b\u3092\u6d3b\u7528\u3059\u308b\n<\/h1><div class=\"bde-text-26-102 bde-text\">\n\u6297\u751f\u7269\u8cea\u8010\u6027\u3068\u306e\u95d8\u3044\u306b\u304a\u3044\u3066\u3001\u79c1\u305f\u3061\u306f\u30cf\u30fc\u30d6\u30a8\u30ad\u30b9\u3092\u542b\u3080\u5929\u7136\u88fd\u54c1\u3092\u4f7f\u7528\u3057\u3066\u3044\u308b\u3002 <b>\u514d\u75ab\u529b\u3092\u5f37\u5316\u3059\u308b<\/b> \u7d30\u83cc\u611f\u67d3\u306e\u6cbb\u7642\u306b\u5f79\u7acb\u3064\u53ef\u80fd\u6027\u304c\u3042\u308b\u3002\n<\/div><div class=\"bde-shortcode-26-103 bde-shortcode\"><nav  aria-label=\"\u30d1\u30f3\u304f\u305a\u30ea\u30b9\u30c8\"><ol class=\"breadcrumb\" itemscope itemtype=\"https:\/\/schema.org\/BreadcrumbList\"><li class=\"breadcrumb-item active\" aria-current=\"page\" itemprop=\"itemListElement\" itemscope itemtype=\"https:\/\/schema.org\/ListItem\"><span itemprop=\"name\">\u30db\u30fc\u30e0<\/span><meta itemprop=\"position\" content=\"1\"><\/li><\/ol><\/nav><\/div><\/div>\n<\/section><section class=\"bde-section-26-104 bde-section\">\n  \n  \n\t\n\n\n\n<div class=\"section-container\"><div class=\"bde-columns-26-115 bde-columns\"><div class=\"bde-column-26-116 bde-column\">\n  \n  \n\t\n\n\n\n<div class=\"bde-div-26-117 bde-div\">\n  \n  \n\t\n\n\n\n<div class=\"bde-image-26-118 bde-image\">\n<figure class=\"breakdance-image breakdance-image--452\">\n\t<div class=\"breakdance-image-container\">\n\t\t<div class=\"breakdance-image-clip\"><img decoding=\"async\" class=\"breakdance-image-object\" src=\"https:\/\/bionamed.com\/wp-content\/uploads\/2024\/02\/727_Web_C-Forte-1.jpg\" width=\"1344\" height=\"1072\" srcset=\"https:\/\/bionamed.com\/wp-content\/uploads\/2024\/02\/727_Web_C-Forte-1.jpg 1344w, https:\/\/bionamed.com\/wp-content\/uploads\/2024\/02\/727_Web_C-Forte-1-300x239.jpg 300w, https:\/\/bionamed.com\/wp-content\/uploads\/2024\/02\/727_Web_C-Forte-1-1024x817.jpg 1024w, https:\/\/bionamed.com\/wp-content\/uploads\/2024\/02\/727_Web_C-Forte-1-768x613.jpg 768w, https:\/\/bionamed.com\/wp-content\/uploads\/2024\/02\/727_Web_C-Forte-1-15x12.jpg 15w\" sizes=\"(max-width: 1344px) 100vw, 1344px\"><\/div>\n\t<\/div><\/figure>\n\n<\/div><div class=\"bde-div-26-119 bde-div\">\n  \n  \n\t\n\n\n\n<a class=\"bde-text-link-26-120 bde-text-link breakdance-link\" href=\"https:\/\/bionamed.com\/ja\/%e8%a3%bd%e5%93%81\/%e3%83%8a%e3%83%86%e3%82%a2%e3%83%ab-727-%e3%82%a2%e3%83%9c%e3%83%90%e3%83%83%e3%82%af%e3%83%bb%e3%83%95%e3%82%a9%e3%83%ab%e3%83%86\/\" target=\"_self\" data-type=\"url\">\n  <h3 >\n  Natheal 727\u00ae ABIOBAC Forte\n  <\/h3>\n\n<\/a><div class=\"bde-text-26-121 bde-text\">\n\u30a2\u30d3\u30aa\u30d0\u30c3\u30af\u30fb\u30d5\u30a9\u30eb\u30c6\u306b\u306f\u3001\u514d\u75ab\u7cfb\u3092\u30b5\u30dd\u30fc\u30c8\u3059\u308b\u30bf\u30a4\u30e0\u3001\u30a2\u30cb\u30b9\u30b7\u30fc\u30c9\u3001\u30df\u30eb\u30af\u30b7\u30b9\u30eb\u3001\u30cb\u30f3\u30cb\u30af\u306e\u30a8\u30ad\u30b9\u304c\u542b\u307e\u308c\u3066\u3044\u308b\u3002\u305f\u3060\u3057\u3001\u3053\u308c\u3089\u306f <b>\u3082\u3063\u3068\u5927\u91cf\u306b<\/b> \u30a2\u30d3\u30aa\u30d0\u30c3\u30af\u30fb\u30d7\u30ed\u30ed\u30f3\u30b0\u3088\u308a\u3002\u305d\u306e\u305f\u3081\u3001\u4e3b\u306b\u6025\u6027\u306e\u554f\u984c\u306b\u4f7f\u7528\u3055\u308c\u308b\u3002\n<\/div><div class=\"bde-div-26-122 bde-div\">\n  \n  \n\t\n\n\n\n<div class=\"bde-button-26-123 bde-button\">\n        \n    \n    \n    \n    \n            \n                    \n            \n            \n\n    \n    \n    \n    \n    \n    <a class=\"breakdance-link button-atom button-atom--secondary bde-button__button\" href=\"https:\/\/bionamed.com\/ja\/%e8%a3%bd%e5%93%81\/%e3%83%8a%e3%83%86%e3%82%a2%e3%83%ab-727-%e3%82%a2%e3%83%9c%e3%83%90%e3%83%83%e3%82%af%e3%83%bb%e3%83%95%e3%82%a9%e3%83%ab%e3%83%86\/\" target=\"_self\" data-type=\"url\"  >\n\n    \n        <span class=\"button-atom__text\">\u3082\u3063\u3068\u60c5\u5831\u304c\u6b32\u3057\u3044<\/span>\n\n        \n        \n                <\/a>\n\n    \n\n\n<\/div><div class=\"bde-button-26-124 bde-button\">\n        \n    \n    \n    \n    \n            \n                    \n            \n            \n\n    \n    \n    \n    \n    \n    <a class=\"breakdance-link button-atom button-atom--custom bde-button__button\" href=\"https:\/\/shop.bionamed.com\/natheal-727-abiobac-forte\/\" target=\"_blank\" data-type=\"url\"  >\n\n    \n        <span class=\"button-atom__text\">\u30aa\u30fc\u30c0\u30fc<\/span>\n\n                            \n        \n                <\/a>\n\n    \n\n\n<\/div>\n<\/div>\n<\/div>\n<\/div>\n<\/div><div class=\"bde-column-26-125 bde-column\">\n  \n  \n\t\n\n\n\n<div class=\"bde-div-26-126 bde-div\">\n  \n  \n\t\n\n\n\n<div class=\"bde-image-26-127 bde-image\">\n<figure class=\"breakdance-image breakdance-image--453\">\n\t<div class=\"breakdance-image-container\">\n\t\t<div class=\"breakdance-image-clip\"><img decoding=\"async\" class=\"breakdance-image-object\" src=\"https:\/\/bionamed.com\/wp-content\/uploads\/2024\/02\/727_Web_C-Prolong.jpg\" width=\"1344\" height=\"1072\" srcset=\"https:\/\/bionamed.com\/wp-content\/uploads\/2024\/02\/727_Web_C-Prolong.jpg 1344w, https:\/\/bionamed.com\/wp-content\/uploads\/2024\/02\/727_Web_C-Prolong-300x239.jpg 300w, https:\/\/bionamed.com\/wp-content\/uploads\/2024\/02\/727_Web_C-Prolong-1024x817.jpg 1024w, https:\/\/bionamed.com\/wp-content\/uploads\/2024\/02\/727_Web_C-Prolong-768x613.jpg 768w, https:\/\/bionamed.com\/wp-content\/uploads\/2024\/02\/727_Web_C-Prolong-15x12.jpg 15w\" sizes=\"(max-width: 1344px) 100vw, 1344px\"><\/div>\n\t<\/div><\/figure>\n\n<\/div><div class=\"bde-div-26-128 bde-div\">\n  \n  \n\t\n\n\n\n<a class=\"bde-text-link-26-129 bde-text-link breakdance-link\" href=\"https:\/\/bionamed.com\/ja\/%e8%a3%bd%e5%93%81\/%e3%83%8a%e3%83%86%e3%82%a2%e3%83%ab-727-%e3%82%a2%e3%83%9c%e3%83%90%e3%83%83%e3%82%af%e3%83%bb%e3%83%97%e3%83%ad%e3%83%ad%e3%83%b3%e3%82%b0\/\" target=\"_self\" data-type=\"url\">\n  <h3 >\n  Natheal 727\u00ae ABIOBAC Prolong\n  <\/h3>\n\n<\/a><div class=\"bde-text-26-130 bde-text\">\n\u30a2\u30d3\u30aa\u30d0\u30c3\u30af\u30fb\u30d5\u30a9\u30eb\u30c6\u540c\u69d8\u3001\u30bf\u30a4\u30e0\u3001\u30a2\u30cb\u30b9\u30b7\u30fc\u30c9\u3001\u30df\u30eb\u30af\u30b7\u30b9\u30eb\u3001\u30cb\u30f3\u30cb\u30af\u306e\u30a8\u30ad\u30b9\u304c\u542b\u307e\u308c\u3066\u3044\u308b\u3002\u3055\u3089\u306b <b>\u30a8\u30ad\u30ca\u30bb\u30a2\u3092\u52a0\u3048\u308b<\/b>\u514d\u75ab\u529b\u3092\u9ad8\u3081\u308b\u4f5c\u7528\u304c\u3042\u308b\u3002\u305d\u306e\u305f\u3081\u9577\u671f\u9593\u306e\u4f7f\u7528\u306b\u9069\u3057\u3066\u3044\u308b\u3002\n<\/div><div class=\"bde-div-26-131 bde-div\">\n  \n  \n\t\n\n\n\n<div class=\"bde-button-26-132 bde-button\">\n        \n    \n    \n    \n    \n            \n                    \n            \n            \n\n    \n    \n    \n    \n    \n    <a class=\"breakdance-link button-atom button-atom--secondary bde-button__button\" href=\"https:\/\/bionamed.com\/ja\/%e8%a3%bd%e5%93%81\/%e3%83%8a%e3%83%86%e3%82%a2%e3%83%ab-727-%e3%82%a2%e3%83%9c%e3%83%90%e3%83%83%e3%82%af%e3%83%bb%e3%83%97%e3%83%ad%e3%83%ad%e3%83%b3%e3%82%b0\/\" target=\"_self\" data-type=\"url\"  >\n\n    \n        <span class=\"button-atom__text\">\u3082\u3063\u3068\u60c5\u5831\u304c\u6b32\u3057\u3044<\/span>\n\n        \n        \n                <\/a>\n\n    \n\n\n<\/div><div class=\"bde-button-26-133 bde-button\">\n        \n    \n    \n    \n    \n            \n                    \n            \n            \n\n    \n    \n    \n    \n    \n    <a class=\"breakdance-link button-atom button-atom--custom bde-button__button\" href=\"https:\/\/shop.bionamed.com\/natheal-727-abiobac-prolong\/\" target=\"_blank\" data-type=\"url\"  >\n\n    \n        <span class=\"button-atom__text\">\u30aa\u30fc\u30c0\u30fc<\/span>\n\n                            \n        \n                <\/a>\n\n    \n\n\n<\/div>\n<\/div>\n<\/div>\n<\/div>\n<\/div><\/div><\/div>\n<\/section>","protected":false},"excerpt":{"rendered":"<p>\u6297\u751f\u7269\u8cea\u8010\u6027\u3068\u306e\u95d8\u3044\u306b\u304a\u3044\u3066\u3001\u79c1\u305f\u3061\u306f\u3001\u514d\u75ab\u529b\u3092\u9ad8\u3081\u3001\u7d30\u83cc\u611f\u67d3\u306e\u6cbb\u7642\u306b\u5f79\u7acb\u3064\u30cf\u30fc\u30d6\u30a8\u30ad\u30b9\u3092\u542b\u3080\u5929\u7136\u88fd\u54c1\u3092\u4f7f\u7528\u3057\u3066\u3044\u308b\u3002\u30db\u30fc\u30e0 Natheal 727\u00ae ABIOBAC Forte ABIOBAC Forte\u306b\u306f\u3001\u514d\u75ab\u7cfb\u3092\u30b5\u30dd\u30fc\u30c8\u3059\u308b\u30bf\u30a4\u30e0\u3001\u30a2\u30cb\u30b9\u3001\u30df\u30eb\u30af\u30b7\u30b9\u30eb\u3001\u30cb\u30f3\u30cb\u30af\u306e\u30a8\u30ad\u30b9\u304c\u542b\u307e\u308c\u3066\u3044\u308b\u3002\u3057\u304b\u3057\u3001\u3053\u308c\u3089\u306fABIOBAC Prolong\u3088\u308a\u306f\u308b\u304b\u306b\u591a\u91cf\u3067\u3042\u308b\u3002\u3057\u305f\u304c\u3063\u3066\u3001\u4e3b\u306b\u6025\u6027\u306e\u554f\u984c\u306b\u4f7f\u7528\u3059\u308b\u3053\u3068\u306b\u306a\u308b\u3002\u3082\u3063\u3068\u60c5\u5831\u304c\u6b32\u3057\u3044 ABIOBAC Prolong\u3092\u6ce8\u6587\u3059\u308b ABIOBAC Forte\u3068\u540c\u69d8\u306b\u3001\u30bf\u30a4\u30e0\u3001\u30a2\u30cb\u30b9\u30b7\u30fc\u30c9\u3001\u30a2\u30b6\u30df\u3001\u30cb\u30f3\u30cb\u30af\u306e\u30a8\u30ad\u30b9\u304c\u542b\u307e\u308c\u3066\u3044\u308b\u3002\u3055\u3089\u306b\u3001\u514d\u75ab\u529b\u3092\u9ad8\u3081\u308b\u30a8\u30ad\u30ca\u30bb\u30a2\u304c\u52a0\u3048\u3089\u308c\u3066\u3044\u308b\u3002\u305d\u306e\u305f\u3081\u3001\u9577\u671f\u9593\u306e\u4f7f\u7528\u306b\u9069\u3057\u3066\u3044\u308b\u3002\u3082\u3063\u3068\u8a73\u3057\u304f\u77e5\u308a\u305f\u3044 \u6ce8\u6587\u3059\u308b<\/p>","protected":false},"author":1,"featured_media":0,"parent":0,"menu_order":0,"comment_status":"closed","ping_status":"closed","template":"","meta":{"_seopress_robots_primary_cat":"","_seopress_titles_title":"P\u0159\u00edrodn\u00ed dopl\u0148ky stravy %%sep%% %%sitetitle%%","_seopress_titles_desc":"\ud83c\udf3f Spolehn\u011bte se na pomoc bylinek p\u0159i prevenci i p\u0159i akutn\u00edch zdravotn\u00edch pot\u00ed\u017e\u00edch a vyu\u017eijte s\u00edlu v\u00fdta\u017ek\u016f z tymi\u00e1nu, an\u00fdzu nebo echinacey. \u010cekaj\u00ed na v\u00e1s \u2192","_seopress_robots_index":"","inline_featured_image":false,"_breakdance_hide_in_design_set":false,"_breakdance_tags":"","footnotes":""},"class_list":["post-26","page","type-page","status-publish","hentry"],"_links":{"self":[{"href":"https:\/\/bionamed.com\/ja\/wp-json\/wp\/v2\/pages\/26","targetHints":{"allow":["GET"]}}],"collection":[{"href":"https:\/\/bionamed.com\/ja\/wp-json\/wp\/v2\/pages"}],"about":[{"href":"https:\/\/bionamed.com\/ja\/wp-json\/wp\/v2\/types\/page"}],"author":[{"embeddable":true,"href":"https:\/\/bionamed.com\/ja\/wp-json\/wp\/v2\/users\/1"}],"replies":[{"embeddable":true,"href":"https:\/\/bionamed.com\/ja\/wp-json\/wp\/v2\/comments?post=26"}],"version-history":[{"count":0,"href":"https:\/\/bionamed.com\/ja\/wp-json\/wp\/v2\/pages\/26\/revisions"}],"wp:attachment":[{"href":"https:\/\/bionamed.com\/ja\/wp-json\/wp\/v2\/media?parent=26"}],"curies":[{"name":"wp","href":"https:\/\/api.w.org\/{rel}","templated":true}]}}