{"id":66,"date":"2023-04-19T22:01:03","date_gmt":"2023-04-19T20:01:03","guid":{"rendered":"https:\/\/www.bionamed.com\/?page_id=66"},"modified":"2025-12-17T15:30:30","modified_gmt":"2025-12-17T14:30:30","slug":"natheal-727-abiobac-forte","status":"publish","type":"page","link":"https:\/\/bionamed.com\/it\/produkty\/natheal-727-abiobac-forte\/","title":{"rendered":"NATHEAL 727\u00ae ABIOBAC Forte"},"content":{"rendered":"<section class=\"bde-section-66-100 bde-section\">\n  \n  \n\t\n\n\n\n<div class=\"section-container\"><div class=\"bde-columns-66-101 bde-columns\"><div class=\"bde-column-66-105 bde-column\">\n  \n  \n\t\n\n\n\n<div class=\"bde-image-66-106 bde-image\">\n<figure class=\"breakdance-image breakdance-image--452\">\n\t<div class=\"breakdance-image-container\">\n\t\t<div class=\"breakdance-image-clip\"><img decoding=\"async\" class=\"breakdance-image-object\" src=\"https:\/\/bionamed.com\/wp-content\/uploads\/2024\/02\/727_Web_C-Forte-1.jpg\" width=\"1344\" height=\"1072\" srcset=\"https:\/\/bionamed.com\/wp-content\/uploads\/2024\/02\/727_Web_C-Forte-1.jpg 1344w, https:\/\/bionamed.com\/wp-content\/uploads\/2024\/02\/727_Web_C-Forte-1-300x239.jpg 300w, https:\/\/bionamed.com\/wp-content\/uploads\/2024\/02\/727_Web_C-Forte-1-1024x817.jpg 1024w, https:\/\/bionamed.com\/wp-content\/uploads\/2024\/02\/727_Web_C-Forte-1-768x613.jpg 768w, https:\/\/bionamed.com\/wp-content\/uploads\/2024\/02\/727_Web_C-Forte-1-15x12.jpg 15w\" sizes=\"(max-width: 1344px) 100vw, 1344px\"><\/div>\n\t<\/div><\/figure>\n\n<\/div>\n<\/div><div class=\"bde-column-66-102 bde-column\">\n  \n  \n\t\n\n\n\n<div class=\"bde-text-66-153 bde-text\">\nNATHEAL 727<sup>\u00ae<\/sup>\n<\/div><h1 class=\"bde-heading-66-103 bde-heading\">\nABIOBAC Forte\n<\/h1><div class=\"bde-shortcode-66-152 bde-shortcode\"><nav  aria-label=\"briciola di pane\"><ol class=\"breadcrumb\" itemscope itemtype=\"https:\/\/schema.org\/BreadcrumbList\"><li class=\"breadcrumb-item active\" aria-current=\"page\" itemprop=\"itemListElement\" itemscope itemtype=\"https:\/\/schema.org\/ListItem\"><span itemprop=\"name\">Casa<\/span><meta itemprop=\"position\" content=\"1\"><\/li><\/ol><\/nav><\/div><div class=\"bde-text-66-104 bde-text\">\nTimo, anice o aglio. Queste erbe venivano utilizzate dai nostri antenati per combattere le malattie centinaia di anni fa. Sapevano quello che la ricerca moderna ha confermato: che le sostanze contenute in queste erbe aiutano <b>combattere infiammazioni e batteri<\/b> e migliorano la digestione. Inoltre, contribuiscono al metabolismo, aiutando il nostro corpo a liberarsi pi\u00f9 velocemente delle sostanze inquinanti.\n<\/div><h3 class=\"bde-heading-66-128 bde-heading\">\nIngredienti\n<\/h3><div class=\"bde-icon-box-66-124 bde-icon-box\">\n\n    \n            <div class=\"ee-iconbox-icon breakdance-icon-atom\" >\n    \n                    <svg xmlns=\"http:\/\/www.w3.org\/2000\/svg\" viewbox=\"0 0 352 512\"><!-- Font Awesome Free 5.15.1 by @fontawesome - https:\/\/fontawesome.com License - https:\/\/fontawesome.com\/license\/free (Icons: CC BY 4.0, Fonts: SIL OFL 1.1, Code: MIT License) --><path d=\"M176 80c-52.94 0-96 43.06-96 96 0 8.84 7.16 16 16 16s16-7.16 16-16c0-35.3 28.72-64 64-64 8.84 0 16-7.16 16-16s-7.16-16-16-16zM96.06 459.17c0 3.15.93 6.22 2.68 8.84l24.51 36.84c2.97 4.46 7.97 7.14 13.32 7.14h78.85c5.36 0 10.36-2.68 13.32-7.14l24.51-36.84c1.74-2.62 2.67-5.7 2.68-8.84l.05-43.18H96.02l.04 43.18zM176 0C73.72 0 0 82.97 0 176c0 44.37 16.45 84.85 43.56 115.78 16.64 18.99 42.74 58.8 52.42 92.16v.06h48v-.12c-.01-4.77-.72-9.51-2.15-14.07-5.59-17.81-22.82-64.77-62.17-109.67-20.54-23.43-31.52-53.15-31.61-84.14-.2-73.64 59.67-128 127.95-128 70.58 0 128 57.42 128 128 0 30.97-11.24 60.85-31.65 84.14-39.11 44.61-56.42 91.47-62.1 109.46a47.507 47.507 0 0 0-2.22 14.3v.1h48v-.05c9.68-33.37 35.78-73.18 52.42-92.16C335.55 260.85 352 220.37 352 176 352 78.8 273.2 0 176 0z\"\/><\/svg>\n        \n        \n        \n            <\/div>\n    \n\n<div class=\"ee-iconbox-content\">\n      <h5 class=\"ee-iconbox-title bde-h3\" >Timo comune\u00a0<\/h5>\n        <div class=\"ee-iconbox-text\" >Aiuta a combattere batteri, funghi, diarrea, gonfiore o ritenzione di liquidi nel corpo.<\/div>\n    <\/div>\n\n<\/div><div class=\"bde-icon-box-66-129 bde-icon-box\">\n\n    \n            <div class=\"ee-iconbox-icon breakdance-icon-atom\" >\n    \n                    <svg xmlns=\"http:\/\/www.w3.org\/2000\/svg\" viewbox=\"0 0 352 512\"><!-- Font Awesome Free 5.15.1 by @fontawesome - https:\/\/fontawesome.com License - https:\/\/fontawesome.com\/license\/free (Icons: CC BY 4.0, Fonts: SIL OFL 1.1, Code: MIT License) --><path d=\"M176 80c-52.94 0-96 43.06-96 96 0 8.84 7.16 16 16 16s16-7.16 16-16c0-35.3 28.72-64 64-64 8.84 0 16-7.16 16-16s-7.16-16-16-16zM96.06 459.17c0 3.15.93 6.22 2.68 8.84l24.51 36.84c2.97 4.46 7.97 7.14 13.32 7.14h78.85c5.36 0 10.36-2.68 13.32-7.14l24.51-36.84c1.74-2.62 2.67-5.7 2.68-8.84l.05-43.18H96.02l.04 43.18zM176 0C73.72 0 0 82.97 0 176c0 44.37 16.45 84.85 43.56 115.78 16.64 18.99 42.74 58.8 52.42 92.16v.06h48v-.12c-.01-4.77-.72-9.51-2.15-14.07-5.59-17.81-22.82-64.77-62.17-109.67-20.54-23.43-31.52-53.15-31.61-84.14-.2-73.64 59.67-128 127.95-128 70.58 0 128 57.42 128 128 0 30.97-11.24 60.85-31.65 84.14-39.11 44.61-56.42 91.47-62.1 109.46a47.507 47.507 0 0 0-2.22 14.3v.1h48v-.05c9.68-33.37 35.78-73.18 52.42-92.16C335.55 260.85 352 220.37 352 176 352 78.8 273.2 0 176 0z\"\/><\/svg>\n        \n        \n        \n            <\/div>\n    \n\n<div class=\"ee-iconbox-content\">\n      <h5 class=\"ee-iconbox-title bde-h3\" >Anice di paglia<\/h5>\n        <div class=\"ee-iconbox-text\" >Aiuta ad alleviare i problemi delle vie respiratorie superiori, a facilitare la tosse o a migliorare la digestione.<\/div>\n    <\/div>\n\n<\/div><div class=\"bde-icon-box-66-130 bde-icon-box\">\n\n    \n            <div class=\"ee-iconbox-icon breakdance-icon-atom\" >\n    \n                    <svg xmlns=\"http:\/\/www.w3.org\/2000\/svg\" viewbox=\"0 0 352 512\"><!-- Font Awesome Free 5.15.1 by @fontawesome - https:\/\/fontawesome.com License - https:\/\/fontawesome.com\/license\/free (Icons: CC BY 4.0, Fonts: SIL OFL 1.1, Code: MIT License) --><path d=\"M176 80c-52.94 0-96 43.06-96 96 0 8.84 7.16 16 16 16s16-7.16 16-16c0-35.3 28.72-64 64-64 8.84 0 16-7.16 16-16s-7.16-16-16-16zM96.06 459.17c0 3.15.93 6.22 2.68 8.84l24.51 36.84c2.97 4.46 7.97 7.14 13.32 7.14h78.85c5.36 0 10.36-2.68 13.32-7.14l24.51-36.84c1.74-2.62 2.67-5.7 2.68-8.84l.05-43.18H96.02l.04 43.18zM176 0C73.72 0 0 82.97 0 176c0 44.37 16.45 84.85 43.56 115.78 16.64 18.99 42.74 58.8 52.42 92.16v.06h48v-.12c-.01-4.77-.72-9.51-2.15-14.07-5.59-17.81-22.82-64.77-62.17-109.67-20.54-23.43-31.52-53.15-31.61-84.14-.2-73.64 59.67-128 127.95-128 70.58 0 128 57.42 128 128 0 30.97-11.24 60.85-31.65 84.14-39.11 44.61-56.42 91.47-62.1 109.46a47.507 47.507 0 0 0-2.22 14.3v.1h48v-.05c9.68-33.37 35.78-73.18 52.42-92.16C335.55 260.85 352 220.37 352 176 352 78.8 273.2 0 176 0z\"\/><\/svg>\n        \n        \n        \n            <\/div>\n    \n\n<div class=\"ee-iconbox-content\">\n      <h5 class=\"ee-iconbox-title bde-h3\" >Aghifa spinosa<\/h5>\n        <div class=\"ee-iconbox-text\" >Aiuta a migliorare il metabolismo e a combattere la ritenzione di liquidi nel corpo.<\/div>\n    <\/div>\n\n<\/div><div class=\"bde-icon-box-66-155 bde-icon-box\">\n\n    \n            <div class=\"ee-iconbox-icon breakdance-icon-atom\" >\n    \n                    <svg xmlns=\"http:\/\/www.w3.org\/2000\/svg\" viewbox=\"0 0 352 512\"><!-- Font Awesome Free 5.15.1 by @fontawesome - https:\/\/fontawesome.com License - https:\/\/fontawesome.com\/license\/free (Icons: CC BY 4.0, Fonts: SIL OFL 1.1, Code: MIT License) --><path d=\"M176 80c-52.94 0-96 43.06-96 96 0 8.84 7.16 16 16 16s16-7.16 16-16c0-35.3 28.72-64 64-64 8.84 0 16-7.16 16-16s-7.16-16-16-16zM96.06 459.17c0 3.15.93 6.22 2.68 8.84l24.51 36.84c2.97 4.46 7.97 7.14 13.32 7.14h78.85c5.36 0 10.36-2.68 13.32-7.14l24.51-36.84c1.74-2.62 2.67-5.7 2.68-8.84l.05-43.18H96.02l.04 43.18zM176 0C73.72 0 0 82.97 0 176c0 44.37 16.45 84.85 43.56 115.78 16.64 18.99 42.74 58.8 52.42 92.16v.06h48v-.12c-.01-4.77-.72-9.51-2.15-14.07-5.59-17.81-22.82-64.77-62.17-109.67-20.54-23.43-31.52-53.15-31.61-84.14-.2-73.64 59.67-128 127.95-128 70.58 0 128 57.42 128 128 0 30.97-11.24 60.85-31.65 84.14-39.11 44.61-56.42 91.47-62.1 109.46a47.507 47.507 0 0 0-2.22 14.3v.1h48v-.05c9.68-33.37 35.78-73.18 52.42-92.16C335.55 260.85 352 220.37 352 176 352 78.8 273.2 0 176 0z\"\/><\/svg>\n        \n        \n        \n            <\/div>\n    \n\n<div class=\"ee-iconbox-content\">\n      <h5 class=\"ee-iconbox-title bde-h3\" >Aglio da cucina<\/h5>\n        <div class=\"ee-iconbox-text\" >Aiuta a combattere i batteri, a promuovere la digestione e l'immunit\u00e0.<\/div>\n    <\/div>\n\n<\/div><div class=\"bde-text-66-166 bde-text\">\n<b>Doporu\u010den\u00e1 cena v kamenn\u00e9 l\u00e9k\u00e1rn\u011b: 499 K\u010d<\/b>\n<\/div><div class=\"bde-button-66-164 bde-button\">\n        \n    \n    \n    \n    \n            \n                    \n            \n            \n\n    \n    \n    \n    \n    \n    <a class=\"breakdance-link button-atom button-atom--primary bde-button__button\" href=\"https:\/\/shop.bionamed.com\/natheal-727-abiobac-forte\/\" target=\"_blank\" data-type=\"url\"  >\n\n    \n        <span class=\"button-atom__text\">Ordina nel negozio<\/span>\n\n        \n        \n                <\/a>\n\n    \n\n\n<\/div>\n<\/div><\/div><\/div>\n<\/section><section class=\"bde-section-66-132 bde-section\">\n  \n  \n\t\n\n\n\n<div class=\"section-container\"><\/div>\n<\/section><section class=\"bde-section-66-134 bde-section\">\n  \n  \n\t\n\n\n\n<div class=\"section-container\"><div class=\"bde-advanced-tabs-66-135 bde-advanced-tabs\">\n\n\n        \n  \n  \n  <div class=\"bde-tabs__tabslist-container bde-tabs__tabslist-container--scrollable is-horizontal js-tabs-container\">\n    <div class=\"bde-tabs__tabslist bde-tabs__tabslist--tabs js-tablist\" role=\"tablist\" aria-label=\"Schede dei contenuti\" aria-orientation=\"horizontal\" data-tabs-id=\"bde-advanced-tabs-66-135\">\n      \n              <button role=\"tab\" aria-selected=\"false\" class=\"bde-tabs__tab js-tab\" aria-controls=\"tab-panel-bde-advanced-tabs-66-135-1\" id=\"tab-bde-advanced-tabs-66-135-1\" data-value=\"1\">\n                    <span class=\"bde-tabs__tab-title\">Ingredienti<\/span>\n        <\/button>\n              <button role=\"tab\" aria-selected=\"false\" class=\"bde-tabs__tab js-tab\" aria-controls=\"tab-panel-bde-advanced-tabs-66-135-2\" id=\"tab-bde-advanced-tabs-66-135-2\" data-value=\"2\">\n                    <span class=\"bde-tabs__tab-title\">Dosaggio<\/span>\n        <\/button>\n              <button role=\"tab\" aria-selected=\"false\" class=\"bde-tabs__tab js-tab\" aria-controls=\"tab-panel-bde-advanced-tabs-66-135-3\" id=\"tab-bde-advanced-tabs-66-135-3\" data-value=\"3\">\n                    <span class=\"bde-tabs__tab-title\">Raccomandazioni<\/span>\n        <\/button>\n              <button role=\"tab\" aria-selected=\"false\" class=\"bde-tabs__tab js-tab\" aria-controls=\"tab-panel-bde-advanced-tabs-66-135-4\" id=\"tab-bde-advanced-tabs-66-135-4\" data-value=\"4\">\n                    <span class=\"bde-tabs__tab-title\">DOMANDE FREQUENTI<\/span>\n        <\/button>\n          <\/div>\n  <\/div>\n\n<div class=\"bde-tabs-content-container\">\n  <div class=\"bde-advanced-tabs-content-66-136 bde-advanced-tabs-content\"><div tabindex=\"0\" role=\"tabpanel\" class=\"bde-tabs__panel js-panel\" id=\"\" aria-labelledby=\"\">\r\n  <div class=\"bde-tabs__panel-content\">\r\n    <h3 class=\"bde-heading-66-137 bde-heading\">\n320 mg di estratti naturali in ogni capsula\n<\/h3><div class=\"bde-rich-text-66-156 bde-rich-text breakdance-rich-text-styles\">\n<p>1 capsula di NATHEAL 727<sup>\u00ae<\/sup> ABIOBAC Forte contiene:<\/p>\n<ul>\n  <li>\n    <p>Timo (Thymus vulgaris) - 80 mg<\/p>\n  <\/li>\n  <li>\n    <p>Anice (Pimpinella anisum) - 80 mg<\/p>\n  <\/li>\n  <li>\n    <p>Ononis spinosa - 80 mg<\/p>\n  <\/li>\n  <li>\n    <p>Aglio (Allium sativum) - 80 mg<\/p>\n  <\/li>\n<\/ul>\n<\/div>\r\n  <\/div>\r\n<\/div>\r\n<\/div><div class=\"bde-advanced-tabs-content-66-160 bde-advanced-tabs-content\"><div tabindex=\"0\" role=\"tabpanel\" class=\"bde-tabs__panel js-panel\" id=\"\" aria-labelledby=\"\">\r\n  <div class=\"bde-tabs__panel-content\">\r\n    <h3 class=\"bde-heading-66-161 bde-heading\">\nDosaggio consigliato\n<\/h3><div class=\"bde-rich-text-66-162 bde-rich-text breakdance-rich-text-styles\">\n<p>2 capsule al giorno<\/p>\n<p>Le capsule funzionano in base al principio originale CGRF<sup>\u00ae<\/sup> (Continuous Gradient Release Formula), sviluppata da FAVEA, che garantisce un rilascio graduale delle sostanze dalla capsula nell'arco di 12 ore e quindi un assorbimento migliore e graduale.<\/p>\n<p>Non superare il dosaggio consigliato.<\/p>\n<p>Grazie al maggior contenuto di estratti di erbe, NATHEAL 727<sup>\u00ae<\/sup> ABIOBAC Forte \u00e8 adatto all'uso nei momenti di maggiore necessit\u00e0, per 5-7 giorni.<\/p>\n<\/div>\r\n  <\/div>\r\n<\/div>\r\n<\/div><div class=\"bde-advanced-tabs-content-66-157 bde-advanced-tabs-content\"><div tabindex=\"0\" role=\"tabpanel\" class=\"bde-tabs__panel js-panel\" id=\"\" aria-labelledby=\"\">\r\n  <div class=\"bde-tabs__panel-content\">\r\n    <h3 class=\"bde-heading-66-158 bde-heading\">\nRaccomandazioni per l'uso di NATHEAL 727\u00ae ABOBIAC Forte\n<\/h3><div class=\"bde-rich-text-66-159 bde-rich-text breakdance-rich-text-styles\">\n<p>NATHEAL 727<sup>\u00ae<\/sup> ABIOBAC Forte \u00e8 un integratore alimentare a base di estratti di erbe. Il suo scopo \u00e8 stimolare l'immunit\u00e0 dell'organismo in modo naturale e combattere la resistenza agli antibiotici. Non ha effetti medicinali approvati o garantiti e non sostituisce gli antibiotici. Gli antibiotici hanno un ruolo insostituibile nel trattamento delle infezioni batteriche gravi.<\/p>\n<\/div>\r\n  <\/div>\r\n<\/div>\r\n<\/div><div class=\"bde-advanced-tabs-content-66-144 bde-advanced-tabs-content\"><div tabindex=\"0\" role=\"tabpanel\" class=\"bde-tabs__panel js-panel\" id=\"\" aria-labelledby=\"\">\r\n  <div class=\"bde-tabs__panel-content\">\r\n    <h3 class=\"bde-heading-66-163 bde-heading\">\nCosa ti interessa di pi\u00f9\n<\/h3><div class=\"bde-frequently-asked-questions-66-154 bde-frequently-asked-questions\">\n      <div class=\"bde-faq__item\">\n      <h4 class=\"bde-faq__title-tag\">\n       <button id=\"bde-faq-154-button-1\" aria-expanded=\"false\" aria-controls=\"bde-faq-154-1\" class=\"bde-faq__question js-faq-item\">\n          <span class=\"bde-faq__title\">A cosa serve NATHEAL 727\u00ae ABIOBAC Forte?<\/span>\n                           <div aria-hidden=\"true\" class=\"bde-faq__icon bde-faq__icon--inactive\">\n                                <svg xmlns=\"http:\/\/www.w3.org\/2000\/svg\" viewbox=\"0 0 32 32\">\r\n<path d=\"M31 12h-11v-11c0-0.552-0.448-1-1-1h-6c-0.552 0-1 0.448-1 1v11h-11c-0.552 0-1 0.448-1 1v6c0 0.552 0.448 1 1 1h11v11c0 0.552 0.448 1 1 1h6c0.552 0 1-0.448 1-1v-11h11c0.552 0 1-0.448 1-1v-6c0-0.552-0.448-1-1-1z\"\/>\r\n<\/svg>\n                            <\/div>\n         \t  <div aria-hidden=\"true\" class=\"bde-faq__icon bde-faq__icon--active\">\n                                <svg xmlns=\"http:\/\/www.w3.org\/2000\/svg\" viewbox=\"0 0 448 512\"><!-- Font Awesome Free 5.15.1 by @fontawesome - https:\/\/fontawesome.com License - https:\/\/fontawesome.com\/license\/free (Icons: CC BY 4.0, Fonts: SIL OFL 1.1, Code: MIT License) --><path d=\"M416 208H32c-17.67 0-32 14.33-32 32v32c0 17.67 14.33 32 32 32h384c17.67 0 32-14.33 32-32v-32c0-17.67-14.33-32-32-32z\"\/><\/svg>\n                            <\/div>\n                  <\/button>\n      <\/h4>\n      <div role=\"region\" aria-labelledby=\"bde-faq-154-button-1\" id=\"bde-faq-154-1\" class=\"bde-faq__answer\">\n        <div class=\"bde-faq__answer-content\">\n            <div class=\"breakdance-rich-text-styles\"><p>NATHEAL 727<sup>\u00ae<\/sup> ABIOBAC Forte \u00e8 un integratore alimentare a base di erbe. Utilizza estratti di timo, anice, comfrey e aglio, piante che contengono sostanze che aiutano a combattere i batteri e le infiammazioni o, ad esempio, a migliorare il metabolismo. Il contenuto di queste sostanze \u00e8 superiore a quello di NATHEAL 727.<sup>\u00ae<\/sup> ABIOBAC Prolong. Pertanto, NATHEAL 727<sup>\u00ae<\/sup> ABIOBAC Forte \u00e8 particolarmente indicato per un uso a breve termine quando \u00e8 necessario aumentare il metabolismo e aiutare l'organismo a combattere infezioni, batteri o raffreddori.<\/p><\/div>\n\n                    <\/div>\n      <\/div>\n    <\/div>\n      <div class=\"bde-faq__item\">\n      <h4 class=\"bde-faq__title-tag\">\n       <button id=\"bde-faq-154-button-2\" aria-expanded=\"false\" aria-controls=\"bde-faq-154-2\" class=\"bde-faq__question js-faq-item\">\n          <span class=\"bde-faq__title\">Cosa significa che NATHEAL 727\u00ae ABIOBAC Forte combatte la resistenza agli antibiotici?<\/span>\n                           <div aria-hidden=\"true\" class=\"bde-faq__icon bde-faq__icon--inactive\">\n                                <svg xmlns=\"http:\/\/www.w3.org\/2000\/svg\" viewbox=\"0 0 32 32\">\r\n<path d=\"M31 12h-11v-11c0-0.552-0.448-1-1-1h-6c-0.552 0-1 0.448-1 1v11h-11c-0.552 0-1 0.448-1 1v6c0 0.552 0.448 1 1 1h11v11c0 0.552 0.448 1 1 1h6c0.552 0 1-0.448 1-1v-11h11c0.552 0 1-0.448 1-1v-6c0-0.552-0.448-1-1-1z\"\/>\r\n<\/svg>\n                            <\/div>\n         \t  <div aria-hidden=\"true\" class=\"bde-faq__icon bde-faq__icon--active\">\n                                <svg xmlns=\"http:\/\/www.w3.org\/2000\/svg\" viewbox=\"0 0 448 512\"><!-- Font Awesome Free 5.15.1 by @fontawesome - https:\/\/fontawesome.com License - https:\/\/fontawesome.com\/license\/free (Icons: CC BY 4.0, Fonts: SIL OFL 1.1, Code: MIT License) --><path d=\"M416 208H32c-17.67 0-32 14.33-32 32v32c0 17.67 14.33 32 32 32h384c17.67 0 32-14.33 32-32v-32c0-17.67-14.33-32-32-32z\"\/><\/svg>\n                            <\/div>\n                  <\/button>\n      <\/h4>\n      <div role=\"region\" aria-labelledby=\"bde-faq-154-button-2\" id=\"bde-faq-154-2\" class=\"bde-faq__answer\">\n        <div class=\"bde-faq__answer-content\">\n            <div class=\"breakdance-rich-text-styles\"><p>L'uso eccessivo di antibiotici ha portato molti organismi a sviluppare una resistenza a questi farmaci. Lo sviluppo di nuovi farmaci pi\u00f9 efficaci \u00e8 costoso e impegnativo. Pertanto, quando gli antibiotici non sono strettamente necessari per il trattamento, \u00e8 consigliabile supportare l'organismo, ad esempio con mezzi naturali. In questo modo si evita che i batteri si abituino agli antibiotici e aumentino la loro resistenza.<\/p><\/div>\n\n                    <\/div>\n      <\/div>\n    <\/div>\n      <div class=\"bde-faq__item\">\n      <h4 class=\"bde-faq__title-tag\">\n       <button id=\"bde-faq-154-button-3\" aria-expanded=\"false\" aria-controls=\"bde-faq-154-3\" class=\"bde-faq__question js-faq-item\">\n          <span class=\"bde-faq__title\">Per quanto tempo posso assumere NATHEAL 727\u00ae ABIOBAC Forte?<\/span>\n                           <div aria-hidden=\"true\" class=\"bde-faq__icon bde-faq__icon--inactive\">\n                                <svg xmlns=\"http:\/\/www.w3.org\/2000\/svg\" viewbox=\"0 0 32 32\">\r\n<path d=\"M31 12h-11v-11c0-0.552-0.448-1-1-1h-6c-0.552 0-1 0.448-1 1v11h-11c-0.552 0-1 0.448-1 1v6c0 0.552 0.448 1 1 1h11v11c0 0.552 0.448 1 1 1h6c0.552 0 1-0.448 1-1v-11h11c0.552 0 1-0.448 1-1v-6c0-0.552-0.448-1-1-1z\"\/>\r\n<\/svg>\n                            <\/div>\n         \t  <div aria-hidden=\"true\" class=\"bde-faq__icon bde-faq__icon--active\">\n                                <svg xmlns=\"http:\/\/www.w3.org\/2000\/svg\" viewbox=\"0 0 448 512\"><!-- Font Awesome Free 5.15.1 by @fontawesome - https:\/\/fontawesome.com License - https:\/\/fontawesome.com\/license\/free (Icons: CC BY 4.0, Fonts: SIL OFL 1.1, Code: MIT License) --><path d=\"M416 208H32c-17.67 0-32 14.33-32 32v32c0 17.67 14.33 32 32 32h384c17.67 0 32-14.33 32-32v-32c0-17.67-14.33-32-32-32z\"\/><\/svg>\n                            <\/div>\n                  <\/button>\n      <\/h4>\n      <div role=\"region\" aria-labelledby=\"bde-faq-154-button-3\" id=\"bde-faq-154-3\" class=\"bde-faq__answer\">\n        <div class=\"bde-faq__answer-content\">\n            <div class=\"breakdance-rich-text-styles\"><p>NATHEAL 727<sup>\u00ae<\/sup> ABIOBAC Forte contiene estratti di erbe in quantit\u00e0 quasi 3 volte superiori rispetto a NATHEAL 727.<sup>\u00ae<\/sup> ABIOBAC Prolong. \u00c8 quindi adatto per un uso a breve termine, soprattutto quando hai bisogno di supportare il tuo organismo nella lotta contro infezioni, batteri o raffreddori.<\/p><\/div>\n\n                    <\/div>\n      <\/div>\n    <\/div>\n      <div class=\"bde-faq__item\">\n      <h4 class=\"bde-faq__title-tag\">\n       <button id=\"bde-faq-154-button-4\" aria-expanded=\"false\" aria-controls=\"bde-faq-154-4\" class=\"bde-faq__question js-faq-item\">\n          <span class=\"bde-faq__title\">Posso usare NATHEAL 727\u00ae ABIOBAC Forte come sostituto completo degli antibiotici?<\/span>\n                           <div aria-hidden=\"true\" class=\"bde-faq__icon bde-faq__icon--inactive\">\n                                <svg xmlns=\"http:\/\/www.w3.org\/2000\/svg\" viewbox=\"0 0 32 32\">\r\n<path d=\"M31 12h-11v-11c0-0.552-0.448-1-1-1h-6c-0.552 0-1 0.448-1 1v11h-11c-0.552 0-1 0.448-1 1v6c0 0.552 0.448 1 1 1h11v11c0 0.552 0.448 1 1 1h6c0.552 0 1-0.448 1-1v-11h11c0.552 0 1-0.448 1-1v-6c0-0.552-0.448-1-1-1z\"\/>\r\n<\/svg>\n                            <\/div>\n         \t  <div aria-hidden=\"true\" class=\"bde-faq__icon bde-faq__icon--active\">\n                                <svg xmlns=\"http:\/\/www.w3.org\/2000\/svg\" viewbox=\"0 0 448 512\"><!-- Font Awesome Free 5.15.1 by @fontawesome - https:\/\/fontawesome.com License - https:\/\/fontawesome.com\/license\/free (Icons: CC BY 4.0, Fonts: SIL OFL 1.1, Code: MIT License) --><path d=\"M416 208H32c-17.67 0-32 14.33-32 32v32c0 17.67 14.33 32 32 32h384c17.67 0 32-14.33 32-32v-32c0-17.67-14.33-32-32-32z\"\/><\/svg>\n                            <\/div>\n                  <\/button>\n      <\/h4>\n      <div role=\"region\" aria-labelledby=\"bde-faq-154-button-4\" id=\"bde-faq-154-4\" class=\"bde-faq__answer\">\n        <div class=\"bde-faq__answer-content\">\n            <div class=\"breakdance-rich-text-styles\"><p>Non lo consigliamo assolutamente! NATHEAL 727<sup>\u00ae<\/sup> ABIOBAC Forte \u00e8 un integratore alimentare contenente estratti di erbe che supportano la lotta contro le infezioni, i batteri e le infiammazioni e aiutano l'organismo ad affrontare questi effetti. Gli effetti degli estratti di erbe contro i batteri sono stati dimostrati da un gran numero di studi scientifici, ma soprattutto in condizioni di laboratorio. Mancano ancora prove che dimostrino un effetto curativo nell'uomo. Pertanto, se la tua condizione lo richiede e il tuo medico ti prescrive degli antibiotici, ti consigliamo di rispettarlo. Tuttavia, puoi anche supportare il tuo organismo con gli estratti di erbe contenuti in NATHEAL 727<sup>\u00ae<\/sup> ABIOBAC Forte.<\/p><\/div>\n\n                    <\/div>\n      <\/div>\n    <\/div>\n  \n<\/div>\r\n  <\/div>\r\n<\/div>\r\n<\/div>\n<\/div>\n\n\n<\/div><\/div>\n<\/section>","protected":false},"excerpt":{"rendered":"<p>NATHEAL 727\u00ae ABIOBAC Forte Home Tymi\u00e1n, an\u00fdz nebo oby\u010dejn\u00fd \u010desnek. Tyto byliny vyu\u017e\u00edvali na\u0161i p\u0159edci v boji proti nemocem u\u017e p\u0159ed stovkami let. V\u011bd\u011bli toti\u017e to, co potvrdily i modern\u00ed v\u00fdzkumy \u2013 \u017ee l\u00e1tky v t\u011bchto bylin\u00e1ch pom\u00e1haj\u00ed bojovat proti z\u00e1n\u011bt\u016fm i bakteri\u00edm a zlep\u0161it tr\u00e1ven\u00ed. Nav\u00edc p\u0159isp\u00edvaj\u00ed k l\u00e1tkov\u00e9 v\u00fdm\u011bn\u011b, a pom\u00e1haj\u00ed tak na\u0161emu [&hellip;]<\/p>\n","protected":false},"author":1,"featured_media":0,"parent":26,"menu_order":0,"comment_status":"closed","ping_status":"closed","template":"","meta":{"_seopress_robots_primary_cat":"","_seopress_titles_title":"Dopln\u011bk stravy NATHEAL 727\u00ae ABIOBAC Forte  %%sep%% %%sitetitle%%","_seopress_titles_desc":"\ud83c\udf3f U\u017e na\u0161i p\u0159edci v\u011bd\u011bli, \u017ee bylinky um\u00ed pomoci i p\u0159i akutn\u00edm onemocn\u011bn\u00ed. Bojuj\u00ed proti z\u00e1n\u011bt\u016fm, zlep\u0161uj\u00ed tr\u00e1ven\u00ed, zrychluj\u00ed l\u00e1tkovou v\u00fdm\u011bnu. Vyu\u017eijte to i vy \u2192","_seopress_robots_index":"","inline_featured_image":false,"_breakdance_hide_in_design_set":false,"_breakdance_tags":"","footnotes":""},"class_list":["post-66","page","type-page","status-publish","hentry"],"_links":{"self":[{"href":"https:\/\/bionamed.com\/it\/wp-json\/wp\/v2\/pages\/66","targetHints":{"allow":["GET"]}}],"collection":[{"href":"https:\/\/bionamed.com\/it\/wp-json\/wp\/v2\/pages"}],"about":[{"href":"https:\/\/bionamed.com\/it\/wp-json\/wp\/v2\/types\/page"}],"author":[{"embeddable":true,"href":"https:\/\/bionamed.com\/it\/wp-json\/wp\/v2\/users\/1"}],"replies":[{"embeddable":true,"href":"https:\/\/bionamed.com\/it\/wp-json\/wp\/v2\/comments?post=66"}],"version-history":[{"count":0,"href":"https:\/\/bionamed.com\/it\/wp-json\/wp\/v2\/pages\/66\/revisions"}],"up":[{"embeddable":true,"href":"https:\/\/bionamed.com\/it\/wp-json\/wp\/v2\/pages\/26"}],"wp:attachment":[{"href":"https:\/\/bionamed.com\/it\/wp-json\/wp\/v2\/media?parent=66"}],"curies":[{"name":"wp","href":"https:\/\/api.w.org\/{rel}","templated":true}]}}