{"id":165,"date":"2023-05-30T18:28:14","date_gmt":"2023-05-30T16:28:14","guid":{"rendered":"https:\/\/www.bionamed.com\/?page_id=165"},"modified":"2023-05-30T20:33:07","modified_gmt":"2023-05-30T18:33:07","slug":"biscotti","status":"publish","type":"page","link":"https:\/\/bionamed.com\/it\/cookies\/","title":{"rendered":"Biscotti"},"content":{"rendered":"<section class=\"bde-section-165-100 bde-section\">\n  \n  \n\t\n\n\n\n<div class=\"section-container\"><div class=\"bde-rich-text-165-101 bde-rich-text breakdance-rich-text-styles\">\n<h1><strong>Dichiarazione sull'uso dei cookie<\/strong><\/h1><p><\/p><h2><strong>Cosa sono i biscotti?<\/strong><\/h2><p><\/p><p>Si tratta di piccoli file di dati necessari per alcune funzioni del sito web, come il login. I cookie permettono inoltre al sito di ricordare varie impostazioni come la lingua, il carattere e altre opzioni che hai scelto per visualizzare il sito. Per questo motivo inseriamo i cookie nel tuo computer. La maggior parte dei siti web e dei provider fa lo stesso.<\/p><p><\/p><p><\/p><h2><strong>Per cosa utilizziamo i cookie su questo sito web?<\/strong><\/h2><p><\/p><p>I biscotti possono essere suddivisi in due tipi fondamentali in base alla loro durata di conservazione<\/p><p><\/p><p><\/p><ul><li><p>Cookie di breve durata (di sessione): rimangono nel tuo browser fino alla chiusura dello stesso, dopodich\u00e9 vengono eliminati.<\/p><\/li><li><p>Cookie a lungo termine (persistenti) - rimangono memorizzati nel tuo browser per un lungo periodo di tempo (a seconda del tuo browser e delle impostazioni dei cookie) o fino a quando non li cancelli manualmente.<\/p><\/li><\/ul><p><\/p><p><\/p><h2><strong>Sul nostro sito web utilizziamo i seguenti cookie:<\/strong><\/h2><p><\/p><p><\/p><ul><li><p>Tecnici (a breve termine) - sono necessari per garantire la funzionalit\u00e0 elementare del sito,<\/p><\/li><li><p>Google Analytics (a lungo termine) - al fine di adattare meglio il sito all'utente, utilizziamo Google Analytics per misurare dati anonimi sul comportamento degli utenti.<\/p><\/li><li><p>AdWords (a lungo termine) - generati dal sistema pubblicitario. Possiamo utilizzare questi cookie per valutare l'efficacia delle campagne di marketing.<\/p><\/li><li><p>Sklik (a lungo termine) - generati dal sistema pubblicitario. Possiamo utilizzare questi cookie per valutare l'efficacia delle campagne di marketing.<\/p><\/li><\/ul><p><\/p><p>Non utilizziamo mai i cookie per identificare l'utente e non inseriamo mai dati sensibili o personali nei cookie.<\/p><p><\/p><p><\/p><h2><strong>Come modificare l'utilizzo dei cookie<\/strong><\/h2><p><\/p><p>Puoi cancellare i cookie gi\u00e0 presenti sul tuo computer. La maggior parte dei browser offre anche la possibilit\u00e0 di bloccare l'installazione dei cookie sul tuo computer, ma in questo caso non potrai utilizzare tutti i nostri servizi online. Puoi trovare informazioni dettagliate su come impostare il tuo browser per memorizzare i cookie sul sito web del fornitore del tuo browser. I browser pi\u00f9 diffusi sono:<\/p><p><\/p><p><\/p><ul><li><p><a href=\"https:\/\/support.google.com\/accounts\/answer\/61416?hl=cs\">Cromo<\/a><\/p><\/li><li><p><a href=\"https:\/\/support.mozilla.org\/cs\/kb\/Pr%C3%A1ce%20s%20cookies\">Firefox<\/a><\/p><\/li><li><p><a href=\"http:\/\/support.microsoft.com\/gp\/cookies\/cs\">Internet Explorer<\/a><\/p><\/li><li><p><a href=\"http:\/\/help.opera.com\/Windows\/9.64\/cs\/cookies.html\">Opera<\/a><\/p><\/li><li><p><a href=\"https:\/\/support.google.com\/xoom\/answer\/169022?rd=1\">Android<\/a><\/p><\/li><\/ul><p><\/p><p>I dettagli sono disponibili sul sito web&nbsp;<a href=\"http:\/\/AboutCookies.org\">AboutCookies.org<\/a>.<\/p><p><\/p><p><\/p><h2><strong>Utilizzo di Google Analytics<\/strong><\/h2><p><\/p><p>Questo sito web utilizza Google Analytics, un servizio fornito da Google, Inc. (\"Google\"). Google Analytics utilizza i cookie. Le informazioni sull'utilizzo del sito da parte dell'utente, insieme al contenuto del cookie, saranno trasmesse da Google e memorizzate su server negli Stati Uniti. Google utilizzer\u00e0 queste informazioni per valutare l'utilizzo del sito web da parte dell'utente, per compilare report sulle attivit\u00e0 del sito web per gli operatori del sito web e per fornire altri servizi relativi alle attivit\u00e0 del sito web e all'utilizzo di internet in generale. Google pu\u00f2 anche divulgare queste informazioni a terzi se richiesto dalla legge o se tali terzi elaborano queste informazioni per conto di Google.<\/p><p><\/p><p>Per proteggere la tua privacy, abbiamo modificato Google Analytics in modo che non registri il tuo indirizzo IP.<\/p><p><\/p><p>Google Analytics \u00e8 arricchito da funzioni pubblicitarie correlate fornite da Google, in particolare:<\/p><p><\/p><p>Rapporti sulle impressioni della rete pubblicitaria di Google,<\/p><p><\/p><p>Remarketing (visualizzazione di annunci sulla rete di contenuti in base alle visualizzazioni dei prodotti), Advanced Demographic Insights (segnalazione di dati demografici anonimi).<\/p><p><\/p><p>Per ulteriori informazioni sull'elaborazione e l'utilizzo dei dati, consulta la sezione&nbsp;<a href=\"http:\/\/www.google.com\/intl\/cs\/policies\/privacy\/partners\/\">Termini e condizioni di Google<\/a>.<\/p>\n<\/div><\/div>\n<\/section>","protected":false},"excerpt":{"rendered":"<p>Prohl\u00e1\u0161en\u00ed o pou\u017eit\u00ed cookiesCo jsou cookies?Jde o&nbsp;mal\u00e9 datov\u00e9 soubory, kter\u00e9 jsou nezbytn\u00e9 pro n\u011bkter\u00e9 funkce webov\u00fdch str\u00e1nek, jako je t\u0159eba p\u0159ihla\u0161ov\u00e1n\u00ed. D\u00edky cookies si str\u00e1nky mohou tak\u00e9 zapamatovat r\u016fzn\u00e9 nastaven\u00ed, jako je jazyk, font a&nbsp;dal\u0161\u00ed mo\u017enosti, kter\u00e9 jste si pro zobrazen\u00ed str\u00e1nek sami zvolili. To je d\u016fvod, pro\u010d cookies um\u00eds\u0165ujeme na v\u00e1\u0161 po\u010d\u00edta\u010d. Tot\u00e9\u017e d\u011bl\u00e1 [&hellip;]<\/p>\n","protected":false},"author":1,"featured_media":0,"parent":0,"menu_order":0,"comment_status":"closed","ping_status":"closed","template":"","meta":{"_seopress_robots_primary_cat":"","_seopress_titles_title":"","_seopress_titles_desc":"","_seopress_robots_index":"","inline_featured_image":false,"_breakdance_hide_in_design_set":false,"_breakdance_tags":"","footnotes":""},"class_list":["post-165","page","type-page","status-publish","hentry"],"_links":{"self":[{"href":"https:\/\/bionamed.com\/it\/wp-json\/wp\/v2\/pages\/165","targetHints":{"allow":["GET"]}}],"collection":[{"href":"https:\/\/bionamed.com\/it\/wp-json\/wp\/v2\/pages"}],"about":[{"href":"https:\/\/bionamed.com\/it\/wp-json\/wp\/v2\/types\/page"}],"author":[{"embeddable":true,"href":"https:\/\/bionamed.com\/it\/wp-json\/wp\/v2\/users\/1"}],"replies":[{"embeddable":true,"href":"https:\/\/bionamed.com\/it\/wp-json\/wp\/v2\/comments?post=165"}],"version-history":[{"count":0,"href":"https:\/\/bionamed.com\/it\/wp-json\/wp\/v2\/pages\/165\/revisions"}],"wp:attachment":[{"href":"https:\/\/bionamed.com\/it\/wp-json\/wp\/v2\/media?parent=165"}],"curies":[{"name":"wp","href":"https:\/\/api.w.org\/{rel}","templated":true}]}}