{"id":66,"date":"2023-04-19T22:01:03","date_gmt":"2023-04-19T20:01:03","guid":{"rendered":"https:\/\/www.bionamed.com\/?page_id=66"},"modified":"2025-12-17T15:30:30","modified_gmt":"2025-12-17T14:30:30","slug":"natheal-727-abiobac-forte","status":"publish","type":"page","link":"https:\/\/bionamed.com\/de\/produkty\/natheal-727-abiobac-forte\/","title":{"rendered":"NATHEAL 727\u00ae ABIOBAC Forte"},"content":{"rendered":"<section class=\"bde-section-66-100 bde-section\">\n  \n  \n\t\n\n\n\n<div class=\"section-container\"><div class=\"bde-columns-66-101 bde-columns\"><div class=\"bde-column-66-105 bde-column\">\n  \n  \n\t\n\n\n\n<div class=\"bde-image-66-106 bde-image\">\n<figure class=\"breakdance-image breakdance-image--452\">\n\t<div class=\"breakdance-image-container\">\n\t\t<div class=\"breakdance-image-clip\"><img decoding=\"async\" class=\"breakdance-image-object\" src=\"https:\/\/bionamed.com\/wp-content\/uploads\/2024\/02\/727_Web_C-Forte-1.jpg\" width=\"1344\" height=\"1072\" srcset=\"https:\/\/bionamed.com\/wp-content\/uploads\/2024\/02\/727_Web_C-Forte-1.jpg 1344w, https:\/\/bionamed.com\/wp-content\/uploads\/2024\/02\/727_Web_C-Forte-1-300x239.jpg 300w, https:\/\/bionamed.com\/wp-content\/uploads\/2024\/02\/727_Web_C-Forte-1-1024x817.jpg 1024w, https:\/\/bionamed.com\/wp-content\/uploads\/2024\/02\/727_Web_C-Forte-1-768x613.jpg 768w, https:\/\/bionamed.com\/wp-content\/uploads\/2024\/02\/727_Web_C-Forte-1-15x12.jpg 15w\" sizes=\"(max-width: 1344px) 100vw, 1344px\"><\/div>\n\t<\/div><\/figure>\n\n<\/div>\n<\/div><div class=\"bde-column-66-102 bde-column\">\n  \n  \n\t\n\n\n\n<div class=\"bde-text-66-153 bde-text\">\nNATHEAL 727<sup>\u00ae<\/sup>\n<\/div><h1 class=\"bde-heading-66-103 bde-heading\">\nABIOBAC Forte\n<\/h1><div class=\"bde-shortcode-66-152 bde-shortcode\"><nav  aria-label=\"Brotkrumen\"><ol class=\"breadcrumb\" itemscope itemtype=\"https:\/\/schema.org\/BreadcrumbList\"><li class=\"breadcrumb-item active\" aria-current=\"page\" itemprop=\"itemListElement\" itemscope itemtype=\"https:\/\/schema.org\/ListItem\"><span itemprop=\"name\">Zuhause<\/span><meta itemprop=\"position\" content=\"1\"><\/li><\/ol><\/nav><\/div><div class=\"bde-text-66-104 bde-text\">\nThymian, Anis oder Knoblauch. Diese Kr\u00e4uter wurden von unseren Vorfahren schon vor Hunderten von Jahren zur Bek\u00e4mpfung von Krankheiten eingesetzt. Sie wussten, was die moderne Forschung best\u00e4tigt hat - dass die Stoffe in diesen Kr\u00e4utern helfen <b>Entz\u00fcndungen und Bakterien bek\u00e4mpfen<\/b> und verbessern die Verdauung. Au\u00dferdem tragen sie zum Stoffwechsel bei und helfen unserem K\u00f6rper, Schadstoffe schneller loszuwerden.\n<\/div><h3 class=\"bde-heading-66-128 bde-heading\">\nZutaten\n<\/h3><div class=\"bde-icon-box-66-124 bde-icon-box\">\n\n    \n            <div class=\"ee-iconbox-icon breakdance-icon-atom\" >\n    \n                    <svg xmlns=\"http:\/\/www.w3.org\/2000\/svg\" viewbox=\"0 0 352 512\"><!-- Font Awesome Free 5.15.1 by @fontawesome - https:\/\/fontawesome.com License - https:\/\/fontawesome.com\/license\/free (Icons: CC BY 4.0, Fonts: SIL OFL 1.1, Code: MIT License) --><path d=\"M176 80c-52.94 0-96 43.06-96 96 0 8.84 7.16 16 16 16s16-7.16 16-16c0-35.3 28.72-64 64-64 8.84 0 16-7.16 16-16s-7.16-16-16-16zM96.06 459.17c0 3.15.93 6.22 2.68 8.84l24.51 36.84c2.97 4.46 7.97 7.14 13.32 7.14h78.85c5.36 0 10.36-2.68 13.32-7.14l24.51-36.84c1.74-2.62 2.67-5.7 2.68-8.84l.05-43.18H96.02l.04 43.18zM176 0C73.72 0 0 82.97 0 176c0 44.37 16.45 84.85 43.56 115.78 16.64 18.99 42.74 58.8 52.42 92.16v.06h48v-.12c-.01-4.77-.72-9.51-2.15-14.07-5.59-17.81-22.82-64.77-62.17-109.67-20.54-23.43-31.52-53.15-31.61-84.14-.2-73.64 59.67-128 127.95-128 70.58 0 128 57.42 128 128 0 30.97-11.24 60.85-31.65 84.14-39.11 44.61-56.42 91.47-62.1 109.46a47.507 47.507 0 0 0-2.22 14.3v.1h48v-.05c9.68-33.37 35.78-73.18 52.42-92.16C335.55 260.85 352 220.37 352 176 352 78.8 273.2 0 176 0z\"\/><\/svg>\n        \n        \n        \n            <\/div>\n    \n\n<div class=\"ee-iconbox-content\">\n      <h5 class=\"ee-iconbox-title bde-h3\" >Gew\u00f6hnlicher Thymian\u00a0<\/h5>\n        <div class=\"ee-iconbox-text\" >Es hilft bei der Bek\u00e4mpfung von Bakterien, Pilzen, Durchfall, Bl\u00e4hungen oder Fl\u00fcssigkeitsansammlungen im K\u00f6rper.<\/div>\n    <\/div>\n\n<\/div><div class=\"bde-icon-box-66-129 bde-icon-box\">\n\n    \n            <div class=\"ee-iconbox-icon breakdance-icon-atom\" >\n    \n                    <svg xmlns=\"http:\/\/www.w3.org\/2000\/svg\" viewbox=\"0 0 352 512\"><!-- Font Awesome Free 5.15.1 by @fontawesome - https:\/\/fontawesome.com License - https:\/\/fontawesome.com\/license\/free (Icons: CC BY 4.0, Fonts: SIL OFL 1.1, Code: MIT License) --><path d=\"M176 80c-52.94 0-96 43.06-96 96 0 8.84 7.16 16 16 16s16-7.16 16-16c0-35.3 28.72-64 64-64 8.84 0 16-7.16 16-16s-7.16-16-16-16zM96.06 459.17c0 3.15.93 6.22 2.68 8.84l24.51 36.84c2.97 4.46 7.97 7.14 13.32 7.14h78.85c5.36 0 10.36-2.68 13.32-7.14l24.51-36.84c1.74-2.62 2.67-5.7 2.68-8.84l.05-43.18H96.02l.04 43.18zM176 0C73.72 0 0 82.97 0 176c0 44.37 16.45 84.85 43.56 115.78 16.64 18.99 42.74 58.8 52.42 92.16v.06h48v-.12c-.01-4.77-.72-9.51-2.15-14.07-5.59-17.81-22.82-64.77-62.17-109.67-20.54-23.43-31.52-53.15-31.61-84.14-.2-73.64 59.67-128 127.95-128 70.58 0 128 57.42 128 128 0 30.97-11.24 60.85-31.65 84.14-39.11 44.61-56.42 91.47-62.1 109.46a47.507 47.507 0 0 0-2.22 14.3v.1h48v-.05c9.68-33.37 35.78-73.18 52.42-92.16C335.55 260.85 352 220.37 352 176 352 78.8 273.2 0 176 0z\"\/><\/svg>\n        \n        \n        \n            <\/div>\n    \n\n<div class=\"ee-iconbox-content\">\n      <h5 class=\"ee-iconbox-title bde-h3\" >Labkraut Anis<\/h5>\n        <div class=\"ee-iconbox-text\" >Es hilft, Probleme der oberen Atemwege zu lindern, den Husten zu erleichtern oder die Verdauung zu verbessern.<\/div>\n    <\/div>\n\n<\/div><div class=\"bde-icon-box-66-130 bde-icon-box\">\n\n    \n            <div class=\"ee-iconbox-icon breakdance-icon-atom\" >\n    \n                    <svg xmlns=\"http:\/\/www.w3.org\/2000\/svg\" viewbox=\"0 0 352 512\"><!-- Font Awesome Free 5.15.1 by @fontawesome - https:\/\/fontawesome.com License - https:\/\/fontawesome.com\/license\/free (Icons: CC BY 4.0, Fonts: SIL OFL 1.1, Code: MIT License) --><path d=\"M176 80c-52.94 0-96 43.06-96 96 0 8.84 7.16 16 16 16s16-7.16 16-16c0-35.3 28.72-64 64-64 8.84 0 16-7.16 16-16s-7.16-16-16-16zM96.06 459.17c0 3.15.93 6.22 2.68 8.84l24.51 36.84c2.97 4.46 7.97 7.14 13.32 7.14h78.85c5.36 0 10.36-2.68 13.32-7.14l24.51-36.84c1.74-2.62 2.67-5.7 2.68-8.84l.05-43.18H96.02l.04 43.18zM176 0C73.72 0 0 82.97 0 176c0 44.37 16.45 84.85 43.56 115.78 16.64 18.99 42.74 58.8 52.42 92.16v.06h48v-.12c-.01-4.77-.72-9.51-2.15-14.07-5.59-17.81-22.82-64.77-62.17-109.67-20.54-23.43-31.52-53.15-31.61-84.14-.2-73.64 59.67-128 127.95-128 70.58 0 128 57.42 128 128 0 30.97-11.24 60.85-31.65 84.14-39.11 44.61-56.42 91.47-62.1 109.46a47.507 47.507 0 0 0-2.22 14.3v.1h48v-.05c9.68-33.37 35.78-73.18 52.42-92.16C335.55 260.85 352 220.37 352 176 352 78.8 273.2 0 176 0z\"\/><\/svg>\n        \n        \n        \n            <\/div>\n    \n\n<div class=\"ee-iconbox-content\">\n      <h5 class=\"ee-iconbox-title bde-h3\" >Dorniges Rispengras<\/h5>\n        <div class=\"ee-iconbox-text\" >Es hilft, den Stoffwechsel zu verbessern und Fl\u00fcssigkeitsansammlungen im K\u00f6rper zu bek\u00e4mpfen.<\/div>\n    <\/div>\n\n<\/div><div class=\"bde-icon-box-66-155 bde-icon-box\">\n\n    \n            <div class=\"ee-iconbox-icon breakdance-icon-atom\" >\n    \n                    <svg xmlns=\"http:\/\/www.w3.org\/2000\/svg\" viewbox=\"0 0 352 512\"><!-- Font Awesome Free 5.15.1 by @fontawesome - https:\/\/fontawesome.com License - https:\/\/fontawesome.com\/license\/free (Icons: CC BY 4.0, Fonts: SIL OFL 1.1, Code: MIT License) --><path d=\"M176 80c-52.94 0-96 43.06-96 96 0 8.84 7.16 16 16 16s16-7.16 16-16c0-35.3 28.72-64 64-64 8.84 0 16-7.16 16-16s-7.16-16-16-16zM96.06 459.17c0 3.15.93 6.22 2.68 8.84l24.51 36.84c2.97 4.46 7.97 7.14 13.32 7.14h78.85c5.36 0 10.36-2.68 13.32-7.14l24.51-36.84c1.74-2.62 2.67-5.7 2.68-8.84l.05-43.18H96.02l.04 43.18zM176 0C73.72 0 0 82.97 0 176c0 44.37 16.45 84.85 43.56 115.78 16.64 18.99 42.74 58.8 52.42 92.16v.06h48v-.12c-.01-4.77-.72-9.51-2.15-14.07-5.59-17.81-22.82-64.77-62.17-109.67-20.54-23.43-31.52-53.15-31.61-84.14-.2-73.64 59.67-128 127.95-128 70.58 0 128 57.42 128 128 0 30.97-11.24 60.85-31.65 84.14-39.11 44.61-56.42 91.47-62.1 109.46a47.507 47.507 0 0 0-2.22 14.3v.1h48v-.05c9.68-33.37 35.78-73.18 52.42-92.16C335.55 260.85 352 220.37 352 176 352 78.8 273.2 0 176 0z\"\/><\/svg>\n        \n        \n        \n            <\/div>\n    \n\n<div class=\"ee-iconbox-content\">\n      <h5 class=\"ee-iconbox-title bde-h3\" >Knoblauch K\u00fcche Knoblauch<\/h5>\n        <div class=\"ee-iconbox-text\" >Es hilft bei der Bek\u00e4mpfung von Bakterien, f\u00f6rdert die Verdauung und das Immunsystem.<\/div>\n    <\/div>\n\n<\/div><div class=\"bde-text-66-166 bde-text\">\n<b>Doporu\u010den\u00e1 cena v kamenn\u00e9 l\u00e9k\u00e1rn\u011b: 499 K\u010d<\/b>\n<\/div><div class=\"bde-button-66-164 bde-button\">\n        \n    \n    \n    \n    \n            \n                    \n            \n            \n\n    \n    \n    \n    \n    \n    <a class=\"breakdance-link button-atom button-atom--primary bde-button__button\" href=\"https:\/\/shop.bionamed.com\/natheal-727-abiobac-forte\/\" target=\"_blank\" data-type=\"url\"  >\n\n    \n        <span class=\"button-atom__text\">Bestellung im Shop<\/span>\n\n        \n        \n                <\/a>\n\n    \n\n\n<\/div>\n<\/div><\/div><\/div>\n<\/section><section class=\"bde-section-66-132 bde-section\">\n  \n  \n\t\n\n\n\n<div class=\"section-container\"><\/div>\n<\/section><section class=\"bde-section-66-134 bde-section\">\n  \n  \n\t\n\n\n\n<div class=\"section-container\"><div class=\"bde-advanced-tabs-66-135 bde-advanced-tabs\">\n\n\n        \n  \n  \n  <div class=\"bde-tabs__tabslist-container bde-tabs__tabslist-container--scrollable is-horizontal js-tabs-container\">\n    <div class=\"bde-tabs__tabslist bde-tabs__tabslist--tabs js-tablist\" role=\"tablist\" aria-label=\"Inhalt Registerkarten\" aria-orientation=\"horizontal\" data-tabs-id=\"bde-advanced-tabs-66-135\">\n      \n              <button role=\"tab\" aria-selected=\"false\" class=\"bde-tabs__tab js-tab\" aria-controls=\"tab-panel-bde-advanced-tabs-66-135-1\" id=\"tab-bde-advanced-tabs-66-135-1\" data-value=\"1\">\n                    <span class=\"bde-tabs__tab-title\">Zutaten<\/span>\n        <\/button>\n              <button role=\"tab\" aria-selected=\"false\" class=\"bde-tabs__tab js-tab\" aria-controls=\"tab-panel-bde-advanced-tabs-66-135-2\" id=\"tab-bde-advanced-tabs-66-135-2\" data-value=\"2\">\n                    <span class=\"bde-tabs__tab-title\">Dosierung<\/span>\n        <\/button>\n              <button role=\"tab\" aria-selected=\"false\" class=\"bde-tabs__tab js-tab\" aria-controls=\"tab-panel-bde-advanced-tabs-66-135-3\" id=\"tab-bde-advanced-tabs-66-135-3\" data-value=\"3\">\n                    <span class=\"bde-tabs__tab-title\">Empfehlungen<\/span>\n        <\/button>\n              <button role=\"tab\" aria-selected=\"false\" class=\"bde-tabs__tab js-tab\" aria-controls=\"tab-panel-bde-advanced-tabs-66-135-4\" id=\"tab-bde-advanced-tabs-66-135-4\" data-value=\"4\">\n                    <span class=\"bde-tabs__tab-title\">FAQ<\/span>\n        <\/button>\n          <\/div>\n  <\/div>\n\n<div class=\"bde-tabs-content-container\">\n  <div class=\"bde-advanced-tabs-content-66-136 bde-advanced-tabs-content\"><div tabindex=\"0\" role=\"tabpanel\" class=\"bde-tabs__panel js-panel\" id=\"\" aria-labelledby=\"\">\r\n  <div class=\"bde-tabs__panel-content\">\r\n    <h3 class=\"bde-heading-66-137 bde-heading\">\n320 mg nat\u00fcrliche Extrakte in jeder Kapsel\n<\/h3><div class=\"bde-rich-text-66-156 bde-rich-text breakdance-rich-text-styles\">\n<p>1 Kapsel NATHEAL 727<sup>\u00ae<\/sup> ABIOBAC Forte enth\u00e4lt:<\/p>\n<ul>\n  <li>\n    <p>Thymian (Thymus vulgaris) - 80 mg<\/p>\n  <\/li>\n  <li>\n    <p>Anis (Pimpinella anisum) - 80 mg<\/p>\n  <\/li>\n  <li>\n    <p>Ononis spinosa - 80 mg<\/p>\n  <\/li>\n  <li>\n    <p>Knoblauch (Allium sativum) - 80 mg<\/p>\n  <\/li>\n<\/ul>\n<\/div>\r\n  <\/div>\r\n<\/div>\r\n<\/div><div class=\"bde-advanced-tabs-content-66-160 bde-advanced-tabs-content\"><div tabindex=\"0\" role=\"tabpanel\" class=\"bde-tabs__panel js-panel\" id=\"\" aria-labelledby=\"\">\r\n  <div class=\"bde-tabs__panel-content\">\r\n    <h3 class=\"bde-heading-66-161 bde-heading\">\nEmpfohlene Dosierung\n<\/h3><div class=\"bde-rich-text-66-162 bde-rich-text breakdance-rich-text-styles\">\n<p>2 Kapseln pro Tag<\/p>\n<p>Die Kapseln funktionieren nach dem urspr\u00fcnglichen CGRF-Prinzip<sup>\u00ae<\/sup> (Continuous Gradient Release Formula), die von FAVEA entwickelt wurde und die eine allm\u00e4hliche Freisetzung der Substanzen aus der Kapsel \u00fcber einen Zeitraum von 12 Stunden und damit eine bessere, allm\u00e4hliche Aufnahme gew\u00e4hrleistet.<\/p>\n<p>\u00dcberschreite die empfohlene Dosierung nicht.<\/p>\n<p>Dank des h\u00f6heren Gehalts an Kr\u00e4uterextrakten ist NATHEAL 727<sup>\u00ae<\/sup> ABIOBAC Forte kann bei erh\u00f6htem Bedarf f\u00fcr 5-7 Tage verwendet werden.<\/p>\n<\/div>\r\n  <\/div>\r\n<\/div>\r\n<\/div><div class=\"bde-advanced-tabs-content-66-157 bde-advanced-tabs-content\"><div tabindex=\"0\" role=\"tabpanel\" class=\"bde-tabs__panel js-panel\" id=\"\" aria-labelledby=\"\">\r\n  <div class=\"bde-tabs__panel-content\">\r\n    <h3 class=\"bde-heading-66-158 bde-heading\">\nEmpfehlungen f\u00fcr die Verwendung von NATHEAL 727\u00ae ABOBIAC Forte\n<\/h3><div class=\"bde-rich-text-66-159 bde-rich-text breakdance-rich-text-styles\">\n<p>NATHEAL 727<sup>\u00ae<\/sup> ABIOBAC Forte ist ein Nahrungserg\u00e4nzungsmittel auf Basis von Kr\u00e4uterextrakten. Es soll die k\u00f6rpereigene Immunit\u00e4t auf nat\u00fcrliche Weise stimulieren und Antibiotikaresistenzen bek\u00e4mpfen. Es hat keine zugelassenen oder garantierten medizinischen Wirkungen und ist kein Ersatz f\u00fcr Antibiotika. Antibiotika sind bei der Behandlung von schweren bakteriellen Infektionen unersetzlich.<\/p>\n<\/div>\r\n  <\/div>\r\n<\/div>\r\n<\/div><div class=\"bde-advanced-tabs-content-66-144 bde-advanced-tabs-content\"><div tabindex=\"0\" role=\"tabpanel\" class=\"bde-tabs__panel js-panel\" id=\"\" aria-labelledby=\"\">\r\n  <div class=\"bde-tabs__panel-content\">\r\n    <h3 class=\"bde-heading-66-163 bde-heading\">\nWoran du am meisten interessiert bist\n<\/h3><div class=\"bde-frequently-asked-questions-66-154 bde-frequently-asked-questions\">\n      <div class=\"bde-faq__item\">\n      <h4 class=\"bde-faq__title-tag\">\n       <button id=\"bde-faq-154-button-1\" aria-expanded=\"false\" aria-controls=\"bde-faq-154-1\" class=\"bde-faq__question js-faq-item\">\n          <span class=\"bde-faq__title\">Wof\u00fcr wird NATHEAL 727\u00ae ABIOBAC Forte verwendet?<\/span>\n                           <div aria-hidden=\"true\" class=\"bde-faq__icon bde-faq__icon--inactive\">\n                                <svg xmlns=\"http:\/\/www.w3.org\/2000\/svg\" viewbox=\"0 0 32 32\">\r\n<path d=\"M31 12h-11v-11c0-0.552-0.448-1-1-1h-6c-0.552 0-1 0.448-1 1v11h-11c-0.552 0-1 0.448-1 1v6c0 0.552 0.448 1 1 1h11v11c0 0.552 0.448 1 1 1h6c0.552 0 1-0.448 1-1v-11h11c0.552 0 1-0.448 1-1v-6c0-0.552-0.448-1-1-1z\"\/>\r\n<\/svg>\n                            <\/div>\n         \t  <div aria-hidden=\"true\" class=\"bde-faq__icon bde-faq__icon--active\">\n                                <svg xmlns=\"http:\/\/www.w3.org\/2000\/svg\" viewbox=\"0 0 448 512\"><!-- Font Awesome Free 5.15.1 by @fontawesome - https:\/\/fontawesome.com License - https:\/\/fontawesome.com\/license\/free (Icons: CC BY 4.0, Fonts: SIL OFL 1.1, Code: MIT License) --><path d=\"M416 208H32c-17.67 0-32 14.33-32 32v32c0 17.67 14.33 32 32 32h384c17.67 0 32-14.33 32-32v-32c0-17.67-14.33-32-32-32z\"\/><\/svg>\n                            <\/div>\n                  <\/button>\n      <\/h4>\n      <div role=\"region\" aria-labelledby=\"bde-faq-154-button-1\" id=\"bde-faq-154-1\" class=\"bde-faq__answer\">\n        <div class=\"bde-faq__answer-content\">\n            <div class=\"breakdance-rich-text-styles\"><p>NATHEAL 727<sup>\u00ae<\/sup> ABIOBAC Forte ist ein Nahrungserg\u00e4nzungsmittel auf Kr\u00e4uterbasis. Es verwendet Extrakte aus Thymian, Anis, Beinwell und Knoblauch - Pflanzen, die Stoffe enthalten, die bei der Bek\u00e4mpfung von Bakterien und Entz\u00fcndungen helfen oder z.B. den Stoffwechsel verbessern. Der Gehalt an diesen Stoffen ist h\u00f6her als der von NATHEAL 727<sup>\u00ae<\/sup> ABIOBAC Prolong. Daher ist NATHEAL 727<sup>\u00ae<\/sup> ABIOBAC Forte eignet sich besonders f\u00fcr die kurzfristige Einnahme, wenn du deinen Stoffwechsel ankurbeln und den K\u00f6rper bei der Bek\u00e4mpfung von Infektionen, Bakterien oder Erk\u00e4ltungen unterst\u00fctzen willst.<\/p><\/div>\n\n                    <\/div>\n      <\/div>\n    <\/div>\n      <div class=\"bde-faq__item\">\n      <h4 class=\"bde-faq__title-tag\">\n       <button id=\"bde-faq-154-button-2\" aria-expanded=\"false\" aria-controls=\"bde-faq-154-2\" class=\"bde-faq__question js-faq-item\">\n          <span class=\"bde-faq__title\">Was bedeutet es, dass NATHEAL 727\u00ae ABIOBAC Forte die Antibiotikaresistenz bek\u00e4mpft?<\/span>\n                           <div aria-hidden=\"true\" class=\"bde-faq__icon bde-faq__icon--inactive\">\n                                <svg xmlns=\"http:\/\/www.w3.org\/2000\/svg\" viewbox=\"0 0 32 32\">\r\n<path d=\"M31 12h-11v-11c0-0.552-0.448-1-1-1h-6c-0.552 0-1 0.448-1 1v11h-11c-0.552 0-1 0.448-1 1v6c0 0.552 0.448 1 1 1h11v11c0 0.552 0.448 1 1 1h6c0.552 0 1-0.448 1-1v-11h11c0.552 0 1-0.448 1-1v-6c0-0.552-0.448-1-1-1z\"\/>\r\n<\/svg>\n                            <\/div>\n         \t  <div aria-hidden=\"true\" class=\"bde-faq__icon bde-faq__icon--active\">\n                                <svg xmlns=\"http:\/\/www.w3.org\/2000\/svg\" viewbox=\"0 0 448 512\"><!-- Font Awesome Free 5.15.1 by @fontawesome - https:\/\/fontawesome.com License - https:\/\/fontawesome.com\/license\/free (Icons: CC BY 4.0, Fonts: SIL OFL 1.1, Code: MIT License) --><path d=\"M416 208H32c-17.67 0-32 14.33-32 32v32c0 17.67 14.33 32 32 32h384c17.67 0 32-14.33 32-32v-32c0-17.67-14.33-32-32-32z\"\/><\/svg>\n                            <\/div>\n                  <\/button>\n      <\/h4>\n      <div role=\"region\" aria-labelledby=\"bde-faq-154-button-2\" id=\"bde-faq-154-2\" class=\"bde-faq__answer\">\n        <div class=\"bde-faq__answer-content\">\n            <div class=\"breakdance-rich-text-styles\"><p>Der \u00fcberm\u00e4\u00dfige Einsatz von Antibiotika hat dazu gef\u00fchrt, dass viele Organismen Resistenzen gegen diese Medikamente entwickeln. Die Entwicklung neuer und wirksamerer Medikamente ist teuer und schwierig. Wenn Antibiotika f\u00fcr die Behandlung nicht unbedingt notwendig sind, ist es daher ratsam, den Organismus zu unterst\u00fctzen, zum Beispiel mit nat\u00fcrlichen Mitteln. So wird verhindert, dass sich die Bakterien an die Antibiotika gew\u00f6hnen und ihre Resistenz zunimmt.<\/p><\/div>\n\n                    <\/div>\n      <\/div>\n    <\/div>\n      <div class=\"bde-faq__item\">\n      <h4 class=\"bde-faq__title-tag\">\n       <button id=\"bde-faq-154-button-3\" aria-expanded=\"false\" aria-controls=\"bde-faq-154-3\" class=\"bde-faq__question js-faq-item\">\n          <span class=\"bde-faq__title\">Wie lange kann ich NATHEAL 727\u00ae ABIOBAC Forte einnehmen?<\/span>\n                           <div aria-hidden=\"true\" class=\"bde-faq__icon bde-faq__icon--inactive\">\n                                <svg xmlns=\"http:\/\/www.w3.org\/2000\/svg\" viewbox=\"0 0 32 32\">\r\n<path d=\"M31 12h-11v-11c0-0.552-0.448-1-1-1h-6c-0.552 0-1 0.448-1 1v11h-11c-0.552 0-1 0.448-1 1v6c0 0.552 0.448 1 1 1h11v11c0 0.552 0.448 1 1 1h6c0.552 0 1-0.448 1-1v-11h11c0.552 0 1-0.448 1-1v-6c0-0.552-0.448-1-1-1z\"\/>\r\n<\/svg>\n                            <\/div>\n         \t  <div aria-hidden=\"true\" class=\"bde-faq__icon bde-faq__icon--active\">\n                                <svg xmlns=\"http:\/\/www.w3.org\/2000\/svg\" viewbox=\"0 0 448 512\"><!-- Font Awesome Free 5.15.1 by @fontawesome - https:\/\/fontawesome.com License - https:\/\/fontawesome.com\/license\/free (Icons: CC BY 4.0, Fonts: SIL OFL 1.1, Code: MIT License) --><path d=\"M416 208H32c-17.67 0-32 14.33-32 32v32c0 17.67 14.33 32 32 32h384c17.67 0 32-14.33 32-32v-32c0-17.67-14.33-32-32-32z\"\/><\/svg>\n                            <\/div>\n                  <\/button>\n      <\/h4>\n      <div role=\"region\" aria-labelledby=\"bde-faq-154-button-3\" id=\"bde-faq-154-3\" class=\"bde-faq__answer\">\n        <div class=\"bde-faq__answer-content\">\n            <div class=\"breakdance-rich-text-styles\"><p>NATHEAL 727<sup>\u00ae<\/sup> ABIOBAC Forte enth\u00e4lt Kr\u00e4uterextrakte in fast 3-mal h\u00f6herer Menge als NATHEAL 727<sup>\u00ae<\/sup> ABIOBAC Prolong. Es ist daher f\u00fcr die kurzfristige Anwendung geeignet, vor allem wenn du deinen K\u00f6rper bei der Bek\u00e4mpfung von Infektionen, Bakterien oder Erk\u00e4ltungen unterst\u00fctzen musst.<\/p><\/div>\n\n                    <\/div>\n      <\/div>\n    <\/div>\n      <div class=\"bde-faq__item\">\n      <h4 class=\"bde-faq__title-tag\">\n       <button id=\"bde-faq-154-button-4\" aria-expanded=\"false\" aria-controls=\"bde-faq-154-4\" class=\"bde-faq__question js-faq-item\">\n          <span class=\"bde-faq__title\">Kann ich NATHEAL 727\u00ae ABIOBAC Forte als vollst\u00e4ndigen Ersatz f\u00fcr Antibiotika verwenden?<\/span>\n                           <div aria-hidden=\"true\" class=\"bde-faq__icon bde-faq__icon--inactive\">\n                                <svg xmlns=\"http:\/\/www.w3.org\/2000\/svg\" viewbox=\"0 0 32 32\">\r\n<path d=\"M31 12h-11v-11c0-0.552-0.448-1-1-1h-6c-0.552 0-1 0.448-1 1v11h-11c-0.552 0-1 0.448-1 1v6c0 0.552 0.448 1 1 1h11v11c0 0.552 0.448 1 1 1h6c0.552 0 1-0.448 1-1v-11h11c0.552 0 1-0.448 1-1v-6c0-0.552-0.448-1-1-1z\"\/>\r\n<\/svg>\n                            <\/div>\n         \t  <div aria-hidden=\"true\" class=\"bde-faq__icon bde-faq__icon--active\">\n                                <svg xmlns=\"http:\/\/www.w3.org\/2000\/svg\" viewbox=\"0 0 448 512\"><!-- Font Awesome Free 5.15.1 by @fontawesome - https:\/\/fontawesome.com License - https:\/\/fontawesome.com\/license\/free (Icons: CC BY 4.0, Fonts: SIL OFL 1.1, Code: MIT License) --><path d=\"M416 208H32c-17.67 0-32 14.33-32 32v32c0 17.67 14.33 32 32 32h384c17.67 0 32-14.33 32-32v-32c0-17.67-14.33-32-32-32z\"\/><\/svg>\n                            <\/div>\n                  <\/button>\n      <\/h4>\n      <div role=\"region\" aria-labelledby=\"bde-faq-154-button-4\" id=\"bde-faq-154-4\" class=\"bde-faq__answer\">\n        <div class=\"bde-faq__answer-content\">\n            <div class=\"breakdance-rich-text-styles\"><p>Wir empfehlen es definitiv nicht! NATHEAL 727<sup>\u00ae<\/sup> ABIOBAC Forte ist ein Nahrungserg\u00e4nzungsmittel mit Kr\u00e4uterextrakten, die den Kampf gegen Infektionen, Bakterien und Entz\u00fcndungen unterst\u00fctzen und dem K\u00f6rper helfen, mit diesen Auswirkungen umzugehen. Die Wirkung von Kr\u00e4uterextrakten gegen Bakterien wurde in einer Vielzahl von wissenschaftlichen Studien nachgewiesen, allerdings meist unter Laborbedingungen. Es fehlen noch Beweise f\u00fcr eine heilende Wirkung beim Menschen. Wenn dein Zustand es erfordert und dein Arzt dir Antibiotika verschreibt, empfehlen wir dir daher, dies zu respektieren. Du kannst deinen K\u00f6rper aber auch mit den in NATHEAL 727 enthaltenen Kr\u00e4uterextrakten unterst\u00fctzen<sup>\u00ae<\/sup> ABIOBAC Forte.<\/p><\/div>\n\n                    <\/div>\n      <\/div>\n    <\/div>\n  \n<\/div>\r\n  <\/div>\r\n<\/div>\r\n<\/div>\n<\/div>\n\n\n<\/div><\/div>\n<\/section>","protected":false},"excerpt":{"rendered":"<p>NATHEAL 727\u00ae ABIOBAC Forte Home Tymi\u00e1n, an\u00fdz nebo oby\u010dejn\u00fd \u010desnek. Tyto byliny vyu\u017e\u00edvali na\u0161i p\u0159edci v boji proti nemocem u\u017e p\u0159ed stovkami let. V\u011bd\u011bli toti\u017e to, co potvrdily i modern\u00ed v\u00fdzkumy \u2013 \u017ee l\u00e1tky v t\u011bchto bylin\u00e1ch pom\u00e1haj\u00ed bojovat proti z\u00e1n\u011bt\u016fm i bakteri\u00edm a zlep\u0161it tr\u00e1ven\u00ed. Nav\u00edc p\u0159isp\u00edvaj\u00ed k l\u00e1tkov\u00e9 v\u00fdm\u011bn\u011b, a pom\u00e1haj\u00ed tak na\u0161emu [&hellip;]<\/p>\n","protected":false},"author":1,"featured_media":0,"parent":26,"menu_order":0,"comment_status":"closed","ping_status":"closed","template":"","meta":{"_seopress_robots_primary_cat":"","_seopress_titles_title":"Dopln\u011bk stravy NATHEAL 727\u00ae ABIOBAC Forte  %%sep%% %%sitetitle%%","_seopress_titles_desc":"\ud83c\udf3f U\u017e na\u0161i p\u0159edci v\u011bd\u011bli, \u017ee bylinky um\u00ed pomoci i p\u0159i akutn\u00edm onemocn\u011bn\u00ed. Bojuj\u00ed proti z\u00e1n\u011bt\u016fm, zlep\u0161uj\u00ed tr\u00e1ven\u00ed, zrychluj\u00ed l\u00e1tkovou v\u00fdm\u011bnu. Vyu\u017eijte to i vy \u2192","_seopress_robots_index":"","inline_featured_image":false,"_breakdance_hide_in_design_set":false,"_breakdance_tags":"","footnotes":""},"class_list":["post-66","page","type-page","status-publish","hentry"],"_links":{"self":[{"href":"https:\/\/bionamed.com\/de\/wp-json\/wp\/v2\/pages\/66","targetHints":{"allow":["GET"]}}],"collection":[{"href":"https:\/\/bionamed.com\/de\/wp-json\/wp\/v2\/pages"}],"about":[{"href":"https:\/\/bionamed.com\/de\/wp-json\/wp\/v2\/types\/page"}],"author":[{"embeddable":true,"href":"https:\/\/bionamed.com\/de\/wp-json\/wp\/v2\/users\/1"}],"replies":[{"embeddable":true,"href":"https:\/\/bionamed.com\/de\/wp-json\/wp\/v2\/comments?post=66"}],"version-history":[{"count":0,"href":"https:\/\/bionamed.com\/de\/wp-json\/wp\/v2\/pages\/66\/revisions"}],"up":[{"embeddable":true,"href":"https:\/\/bionamed.com\/de\/wp-json\/wp\/v2\/pages\/26"}],"wp:attachment":[{"href":"https:\/\/bionamed.com\/de\/wp-json\/wp\/v2\/media?parent=66"}],"curies":[{"name":"wp","href":"https:\/\/api.w.org\/{rel}","templated":true}]}}