{"id":26,"date":"2023-04-14T12:14:38","date_gmt":"2023-04-14T10:14:38","guid":{"rendered":"https:\/\/www.bionamed.com\/?page_id=26"},"modified":"2025-12-17T15:29:48","modified_gmt":"2025-12-17T14:29:48","slug":"produkte","status":"publish","type":"page","link":"https:\/\/bionamed.com\/de\/produkty\/","title":{"rendered":"Produkte"},"content":{"rendered":"<section class=\"bde-section-26-100 bde-section\">\n  \n  \n\t\n\n\n\n<div class=\"section-container\"><h1 class=\"bde-heading-26-101 bde-heading\">\nNutze die Kraft der nat\u00fcrlichen Produkte\n<\/h1><div class=\"bde-text-26-102 bde-text\">\nIm Kampf gegen Antibiotikaresistenzen setzen wir nat\u00fcrliche Produkte mit Kr\u00e4uterextrakten ein, die helfen <b>Immunit\u00e4t st\u00e4rken<\/b> und kann bei der Behandlung von bakteriellen Infektionen hilfreich sein.\n<\/div><div class=\"bde-shortcode-26-103 bde-shortcode\"><nav  aria-label=\"Brotkrumen\"><ol class=\"breadcrumb\" itemscope itemtype=\"https:\/\/schema.org\/BreadcrumbList\"><li class=\"breadcrumb-item active\" aria-current=\"page\" itemprop=\"itemListElement\" itemscope itemtype=\"https:\/\/schema.org\/ListItem\"><span itemprop=\"name\">Zuhause<\/span><meta itemprop=\"position\" content=\"1\"><\/li><\/ol><\/nav><\/div><\/div>\n<\/section><section class=\"bde-section-26-104 bde-section\">\n  \n  \n\t\n\n\n\n<div class=\"section-container\"><div class=\"bde-columns-26-115 bde-columns\"><div class=\"bde-column-26-116 bde-column\">\n  \n  \n\t\n\n\n\n<div class=\"bde-div-26-117 bde-div\">\n  \n  \n\t\n\n\n\n<div class=\"bde-image-26-118 bde-image\">\n<figure class=\"breakdance-image breakdance-image--452\">\n\t<div class=\"breakdance-image-container\">\n\t\t<div class=\"breakdance-image-clip\"><img decoding=\"async\" class=\"breakdance-image-object\" src=\"https:\/\/bionamed.com\/wp-content\/uploads\/2024\/02\/727_Web_C-Forte-1.jpg\" width=\"1344\" height=\"1072\" srcset=\"https:\/\/bionamed.com\/wp-content\/uploads\/2024\/02\/727_Web_C-Forte-1.jpg 1344w, https:\/\/bionamed.com\/wp-content\/uploads\/2024\/02\/727_Web_C-Forte-1-300x239.jpg 300w, https:\/\/bionamed.com\/wp-content\/uploads\/2024\/02\/727_Web_C-Forte-1-1024x817.jpg 1024w, https:\/\/bionamed.com\/wp-content\/uploads\/2024\/02\/727_Web_C-Forte-1-768x613.jpg 768w, https:\/\/bionamed.com\/wp-content\/uploads\/2024\/02\/727_Web_C-Forte-1-15x12.jpg 15w\" sizes=\"(max-width: 1344px) 100vw, 1344px\"><\/div>\n\t<\/div><\/figure>\n\n<\/div><div class=\"bde-div-26-119 bde-div\">\n  \n  \n\t\n\n\n\n<a class=\"bde-text-link-26-120 bde-text-link breakdance-link\" href=\"https:\/\/bionamed.com\/de\/produkte\/natheal-727-abiobac-forte\/\" target=\"_self\" data-type=\"url\">\n  <h3 >\n  Natheal 727\u00ae ABIOBAC Forte\n  <\/h3>\n\n<\/a><div class=\"bde-text-26-121 bde-text\">\nIn ABIOBAC Forte findest du Extrakte aus Thymian, Anis, Mariendistel und Knoblauch, die das Immunsystem unterst\u00fctzen. Allerdings sind sie in <b>in viel gr\u00f6\u00dferen Mengen<\/b> als ABIOBAC Prolong. Es wird daher haupts\u00e4chlich bei akuten Problemen eingesetzt.\n<\/div><div class=\"bde-div-26-122 bde-div\">\n  \n  \n\t\n\n\n\n<div class=\"bde-button-26-123 bde-button\">\n        \n    \n    \n    \n    \n            \n                    \n            \n            \n\n    \n    \n    \n    \n    \n    <a class=\"breakdance-link button-atom button-atom--secondary bde-button__button\" href=\"https:\/\/bionamed.com\/de\/produkte\/natheal-727-abiobac-forte\/\" target=\"_self\" data-type=\"url\"  >\n\n    \n        <span class=\"button-atom__text\">Ich m\u00f6chte mehr Informationen<\/span>\n\n        \n        \n                <\/a>\n\n    \n\n\n<\/div><div class=\"bde-button-26-124 bde-button\">\n        \n    \n    \n    \n    \n            \n                    \n            \n            \n\n    \n    \n    \n    \n    \n    <a class=\"breakdance-link button-atom button-atom--custom bde-button__button\" href=\"https:\/\/shop.bionamed.com\/natheal-727-abiobac-forte\/\" target=\"_blank\" data-type=\"url\"  >\n\n    \n        <span class=\"button-atom__text\">Bestellung<\/span>\n\n                            \n        \n                <\/a>\n\n    \n\n\n<\/div>\n<\/div>\n<\/div>\n<\/div>\n<\/div><div class=\"bde-column-26-125 bde-column\">\n  \n  \n\t\n\n\n\n<div class=\"bde-div-26-126 bde-div\">\n  \n  \n\t\n\n\n\n<div class=\"bde-image-26-127 bde-image\">\n<figure class=\"breakdance-image breakdance-image--453\">\n\t<div class=\"breakdance-image-container\">\n\t\t<div class=\"breakdance-image-clip\"><img decoding=\"async\" class=\"breakdance-image-object\" src=\"https:\/\/bionamed.com\/wp-content\/uploads\/2024\/02\/727_Web_C-Prolong.jpg\" width=\"1344\" height=\"1072\" srcset=\"https:\/\/bionamed.com\/wp-content\/uploads\/2024\/02\/727_Web_C-Prolong.jpg 1344w, https:\/\/bionamed.com\/wp-content\/uploads\/2024\/02\/727_Web_C-Prolong-300x239.jpg 300w, https:\/\/bionamed.com\/wp-content\/uploads\/2024\/02\/727_Web_C-Prolong-1024x817.jpg 1024w, https:\/\/bionamed.com\/wp-content\/uploads\/2024\/02\/727_Web_C-Prolong-768x613.jpg 768w, https:\/\/bionamed.com\/wp-content\/uploads\/2024\/02\/727_Web_C-Prolong-15x12.jpg 15w\" sizes=\"(max-width: 1344px) 100vw, 1344px\"><\/div>\n\t<\/div><\/figure>\n\n<\/div><div class=\"bde-div-26-128 bde-div\">\n  \n  \n\t\n\n\n\n<a class=\"bde-text-link-26-129 bde-text-link breakdance-link\" href=\"https:\/\/bionamed.com\/de\/produkte\/natheal-727-abiobac-prolong\/\" target=\"_self\" data-type=\"url\">\n  <h3 >\n  Natheal 727\u00ae ABIOBAC Prolong\n  <\/h3>\n\n<\/a><div class=\"bde-text-26-130 bde-text\">\nWie ABIOBAC Forte enth\u00e4lt es Extrakte aus Thymian, Anis, Mariendistel und Knoblauch. Dar\u00fcber hinaus <b>f\u00fcgt Echinacea hinzu<\/b>der als Immunit\u00e4tsverst\u00e4rker wirkt. Es ist daher f\u00fcr den langfristigen Gebrauch geeignet.\n<\/div><div class=\"bde-div-26-131 bde-div\">\n  \n  \n\t\n\n\n\n<div class=\"bde-button-26-132 bde-button\">\n        \n    \n    \n    \n    \n            \n                    \n            \n            \n\n    \n    \n    \n    \n    \n    <a class=\"breakdance-link button-atom button-atom--secondary bde-button__button\" href=\"https:\/\/bionamed.com\/de\/produkte\/natheal-727-abiobac-prolong\/\" target=\"_self\" data-type=\"url\"  >\n\n    \n        <span class=\"button-atom__text\">Ich m\u00f6chte mehr Informationen<\/span>\n\n        \n        \n                <\/a>\n\n    \n\n\n<\/div><div class=\"bde-button-26-133 bde-button\">\n        \n    \n    \n    \n    \n            \n                    \n            \n            \n\n    \n    \n    \n    \n    \n    <a class=\"breakdance-link button-atom button-atom--custom bde-button__button\" href=\"https:\/\/shop.bionamed.com\/natheal-727-abiobac-prolong\/\" target=\"_blank\" data-type=\"url\"  >\n\n    \n        <span class=\"button-atom__text\">Bestellung<\/span>\n\n                            \n        \n                <\/a>\n\n    \n\n\n<\/div>\n<\/div>\n<\/div>\n<\/div>\n<\/div><\/div><\/div>\n<\/section>","protected":false},"excerpt":{"rendered":"<p>Vyu\u017eijte s\u00edlu p\u0159\u00edrodn\u00edch produkt\u016f V boji proti antibiotick\u00e9 rezistenci vyu\u017e\u00edv\u00e1me p\u0159\u00edrodn\u00ed produkty obsahuj\u00edc\u00ed v\u00fdta\u017eky z bylinek, kter\u00e9 pom\u00e1haj\u00ed pos\u00edlit imunitu a mohou b\u00fdt n\u00e1pomocn\u00e9 v l\u00e9\u010db\u011b bakteri\u00e1ln\u00edch infekc\u00ed. Home Natheal 727\u00ae ABIOBAC Forte V ABIOBAC Forte najdete v\u00fdta\u017eky z tymi\u00e1nu, an\u00fdzu, jehlice trnit\u00e9 a \u010desneku, kter\u00fd podporuje imunitn\u00ed syst\u00e9m. Jsou v\u0161ak v mnohem v\u011bt\u0161\u00edm mno\u017estv\u00ed [&hellip;]<\/p>\n","protected":false},"author":1,"featured_media":0,"parent":0,"menu_order":0,"comment_status":"closed","ping_status":"closed","template":"","meta":{"_seopress_robots_primary_cat":"","_seopress_titles_title":"P\u0159\u00edrodn\u00ed dopl\u0148ky stravy %%sep%% %%sitetitle%%","_seopress_titles_desc":"\ud83c\udf3f Spolehn\u011bte se na pomoc bylinek p\u0159i prevenci i p\u0159i akutn\u00edch zdravotn\u00edch pot\u00ed\u017e\u00edch a vyu\u017eijte s\u00edlu v\u00fdta\u017ek\u016f z tymi\u00e1nu, an\u00fdzu nebo echinacey. \u010cekaj\u00ed na v\u00e1s \u2192","_seopress_robots_index":"","inline_featured_image":false,"_breakdance_hide_in_design_set":false,"_breakdance_tags":"","footnotes":""},"class_list":["post-26","page","type-page","status-publish","hentry"],"_links":{"self":[{"href":"https:\/\/bionamed.com\/de\/wp-json\/wp\/v2\/pages\/26","targetHints":{"allow":["GET"]}}],"collection":[{"href":"https:\/\/bionamed.com\/de\/wp-json\/wp\/v2\/pages"}],"about":[{"href":"https:\/\/bionamed.com\/de\/wp-json\/wp\/v2\/types\/page"}],"author":[{"embeddable":true,"href":"https:\/\/bionamed.com\/de\/wp-json\/wp\/v2\/users\/1"}],"replies":[{"embeddable":true,"href":"https:\/\/bionamed.com\/de\/wp-json\/wp\/v2\/comments?post=26"}],"version-history":[{"count":0,"href":"https:\/\/bionamed.com\/de\/wp-json\/wp\/v2\/pages\/26\/revisions"}],"wp:attachment":[{"href":"https:\/\/bionamed.com\/de\/wp-json\/wp\/v2\/media?parent=26"}],"curies":[{"name":"wp","href":"https:\/\/api.w.org\/{rel}","templated":true}]}}