{"id":142,"date":"2023-05-23T18:09:09","date_gmt":"2023-05-23T16:09:09","guid":{"rendered":"https:\/\/www.bionamed.com\/?page_id=142"},"modified":"2025-06-25T17:38:16","modified_gmt":"2025-06-25T15:38:16","slug":"bestellung","status":"publish","type":"page","link":"https:\/\/bionamed.com\/de\/objednavka\/","title":{"rendered":"Bestellung"},"content":{"rendered":"<section class=\"bde-section-142-100 bde-section\">\n  \n  \n\t\n\n\n\n<div class=\"section-container\"><h1 class=\"bde-heading-142-101 bde-heading\">\nBestellung\n<\/h1><div class=\"bde-text-142-106 bde-text\">\nABIOBAC ist bereits in Apotheken erh\u00e4ltlich (bei Pharmos) und wird in den n\u00e4chsten Tagen im E-Shop verf\u00fcgbar sein\n<\/div><div class=\"bde-shortcode-142-103 bde-shortcode\"><nav  aria-label=\"Brotkrumen\"><ol class=\"breadcrumb\" itemscope itemtype=\"https:\/\/schema.org\/BreadcrumbList\"><li class=\"breadcrumb-item active\" aria-current=\"page\" itemprop=\"itemListElement\" itemscope itemtype=\"https:\/\/schema.org\/ListItem\"><span itemprop=\"name\">Zuhause<\/span><meta itemprop=\"position\" content=\"1\"><\/li><\/ol><\/nav><\/div><div class=\"bde-columns-142-108 bde-columns\"><div class=\"bde-column-142-109 bde-column\">\n  \n  \n\t\n\n\n\n<div class=\"bde-div-142-110 bde-div\">\n  \n  \n\t\n\n\n\n<div class=\"bde-image-142-111 bde-image\">\n<figure class=\"breakdance-image breakdance-image--452\">\n\t<div class=\"breakdance-image-container\">\n\t\t<div class=\"breakdance-image-clip\"><img decoding=\"async\" class=\"breakdance-image-object\" src=\"https:\/\/bionamed.com\/wp-content\/uploads\/2024\/02\/727_Web_C-Forte-1.jpg\" width=\"1344\" height=\"1072\" srcset=\"https:\/\/bionamed.com\/wp-content\/uploads\/2024\/02\/727_Web_C-Forte-1.jpg 1344w, https:\/\/bionamed.com\/wp-content\/uploads\/2024\/02\/727_Web_C-Forte-1-300x239.jpg 300w, https:\/\/bionamed.com\/wp-content\/uploads\/2024\/02\/727_Web_C-Forte-1-1024x817.jpg 1024w, https:\/\/bionamed.com\/wp-content\/uploads\/2024\/02\/727_Web_C-Forte-1-768x613.jpg 768w, https:\/\/bionamed.com\/wp-content\/uploads\/2024\/02\/727_Web_C-Forte-1-15x12.jpg 15w\" sizes=\"(max-width: 1344px) 100vw, 1344px\"><\/div>\n\t<\/div><\/figure>\n\n<\/div><div class=\"bde-div-142-112 bde-div\">\n  \n  \n\t\n\n\n\n<a class=\"bde-text-link-142-113 bde-text-link breakdance-link\" href=\"https:\/\/www.gigalekarna.cz\/produkt\/bionamed-natheal-727-abiobac-forte-cps-24\/\" target=\"_blank\" data-type=\"url\">\n  <h3 >\n  Natheal 727\u00ae ABIOBAC Forte\n  <\/h3>\n\n<\/a><div class=\"bde-div-142-115 bde-div\">\n  \n  \n\t\n\n\n\n<div class=\"bde-button-142-116 bde-button\">\n        \n    \n    \n    \n    \n            \n                    \n            \n            \n\n    \n    \n    \n    \n    \n    <a class=\"breakdance-link button-atom button-atom--secondary bde-button__button\" href=\"https:\/\/shop.bionamed.com\/natheal-727-abiobac-forte\/\" target=\"_blank\" data-type=\"url\"  >\n\n    \n        <span class=\"button-atom__text\">Bestellung im Shop<\/span>\n\n        \n        \n                <\/a>\n\n    \n\n\n<\/div>\n<\/div>\n<\/div>\n<\/div>\n<\/div><div class=\"bde-column-142-118 bde-column\">\n  \n  \n\t\n\n\n\n<div class=\"bde-div-142-119 bde-div\">\n  \n  \n\t\n\n\n\n<div class=\"bde-image-142-120 bde-image\">\n<figure class=\"breakdance-image breakdance-image--453\">\n\t<div class=\"breakdance-image-container\">\n\t\t<div class=\"breakdance-image-clip\"><img decoding=\"async\" class=\"breakdance-image-object\" src=\"https:\/\/bionamed.com\/wp-content\/uploads\/2024\/02\/727_Web_C-Prolong.jpg\" width=\"1344\" height=\"1072\" srcset=\"https:\/\/bionamed.com\/wp-content\/uploads\/2024\/02\/727_Web_C-Prolong.jpg 1344w, https:\/\/bionamed.com\/wp-content\/uploads\/2024\/02\/727_Web_C-Prolong-300x239.jpg 300w, https:\/\/bionamed.com\/wp-content\/uploads\/2024\/02\/727_Web_C-Prolong-1024x817.jpg 1024w, https:\/\/bionamed.com\/wp-content\/uploads\/2024\/02\/727_Web_C-Prolong-768x613.jpg 768w, https:\/\/bionamed.com\/wp-content\/uploads\/2024\/02\/727_Web_C-Prolong-15x12.jpg 15w\" sizes=\"(max-width: 1344px) 100vw, 1344px\"><\/div>\n\t<\/div><\/figure>\n\n<\/div><div class=\"bde-div-142-121 bde-div\">\n  \n  \n\t\n\n\n\n<a class=\"bde-text-link-142-122 bde-text-link breakdance-link\" href=\"https:\/\/www.gigalekarna.cz\/produkt\/bionamed-natheal-727-abiobac-prolong-cps-40\/\" target=\"_blank\" data-type=\"url\">\n  <h3 >\n  Natheal 727\u00ae ABIOBAC Prolong\n  <\/h3>\n\n<\/a><div class=\"bde-div-142-124 bde-div\">\n  \n  \n\t\n\n\n\n<div class=\"bde-button-142-125 bde-button\">\n        \n    \n    \n    \n    \n            \n                    \n            \n            \n\n    \n    \n    \n    \n    \n    <a class=\"breakdance-link button-atom button-atom--secondary bde-button__button\" href=\"https:\/\/shop.bionamed.com\/natheal-727-abiobac-prolong\/\" target=\"_blank\" data-type=\"url\"  >\n\n    \n        <span class=\"button-atom__text\">Bestellung im Shop<\/span>\n\n        \n        \n                <\/a>\n\n    \n\n\n<\/div>\n<\/div>\n<\/div>\n<\/div>\n<\/div><\/div><\/div>\n<\/section>","protected":false},"excerpt":{"rendered":"<p>ABIOBAC bestellen ist bereits in Apotheken erh\u00e4ltlich (vorr\u00e4tig bei Pharmos) und die Verf\u00fcgbarkeit im E-Shop wird in den kommenden Tagen sichergestellt Home Natheal 727\u00ae ABIOBAC Forte bestellen im E-Shop Natheal 727\u00ae ABIOBAC Prolong bestellen im E-Shop<\/p>","protected":false},"author":1,"featured_media":0,"parent":0,"menu_order":0,"comment_status":"closed","ping_status":"closed","template":"","meta":{"_seopress_robots_primary_cat":"","_seopress_titles_title":"P\u0159edobjedn\u00e1vky BIONAMED - Z\u00edskejte p\u0159ednostn\u00ed p\u0159\u00edstup k na\u0161im nov\u00fdm produkt\u016fm","_seopress_titles_desc":"Chcete b\u00fdt prvn\u00ed, kdo vyzkou\u0161\u00ed na\u0161e nejnov\u011bj\u0161\u00ed produkty? Zadejte svou p\u0159edobjedn\u00e1vku na str\u00e1nce P\u0159edobjedn\u00e1vky BIONAMED a my se V\u00e1m ozveme, jakmile bude v\u00e1\u0161 produkt dostupn\u00fd. Vstupte do sv\u011bta na\u0161\u00ed inovace a kvality je\u0161t\u011b dnes.","_seopress_robots_index":"","inline_featured_image":false,"_breakdance_hide_in_design_set":false,"_breakdance_tags":"","footnotes":""},"class_list":["post-142","page","type-page","status-publish","hentry"],"_links":{"self":[{"href":"https:\/\/bionamed.com\/de\/wp-json\/wp\/v2\/pages\/142","targetHints":{"allow":["GET"]}}],"collection":[{"href":"https:\/\/bionamed.com\/de\/wp-json\/wp\/v2\/pages"}],"about":[{"href":"https:\/\/bionamed.com\/de\/wp-json\/wp\/v2\/types\/page"}],"author":[{"embeddable":true,"href":"https:\/\/bionamed.com\/de\/wp-json\/wp\/v2\/users\/1"}],"replies":[{"embeddable":true,"href":"https:\/\/bionamed.com\/de\/wp-json\/wp\/v2\/comments?post=142"}],"version-history":[{"count":0,"href":"https:\/\/bionamed.com\/de\/wp-json\/wp\/v2\/pages\/142\/revisions"}],"wp:attachment":[{"href":"https:\/\/bionamed.com\/de\/wp-json\/wp\/v2\/media?parent=142"}],"curies":[{"name":"wp","href":"https:\/\/api.w.org\/{rel}","templated":true}]}}